{"id":10340,"date":"2021-11-19T20:25:26","date_gmt":"2021-11-19T19:25:26","guid":{"rendered":"https:\/\/www.smkopernik.pl\/?page_id=10340"},"modified":"2023-04-20T00:39:27","modified_gmt":"2023-04-19T22:39:27","slug":"do-wynajecia","status":"publish","type":"page","link":"https:\/\/www.smkopernik.pl\/old2\/blog\/do-wynajecia\/","title":{"rendered":"Do wynaj\u0119cia"},"content":{"rendered":"<div class=\"contener-tytul-strona\">\n<div class=\"tytul-grupowy\">Aktualno\u015bci<\/div>\n<div class=\"tytul-strony\">Do wynaj\u0119cia<\/div>\n<\/div>\n<p><dvi class=\"local-menu\"><ul id=\"menu-main-menu\" class=\"menu\"><li id=\"menu-item-18241\" class=\"menu-item menu-item-type-post_type menu-item-object-page menu-item-home menu-item-has-children menu-item-18241\"><a href=\"https:\/\/www.smkopernik.pl\/old2\/\">Strona G\u0142\u00f3wna<span class=\"nav-icon-angle\">&nbsp;<\/span><\/a>\n<ul class=\"sub-menu sub-lv-0\">\n\t<li id=\"menu-item-18371\" class=\"menu-item menu-item-type-post_type menu-item-object-page menu-item-18371\"><a href=\"https:\/\/www.smkopernik.pl\/old2\/strona-glowna\/mapa-witryny\/\">Mapa witryny<\/a><\/li>\n\t<li id=\"menu-item-18369\" class=\"menu-item menu-item-type-post_type menu-item-object-page menu-item-18369\"><a href=\"https:\/\/www.smkopernik.pl\/old2\/strona-glowna\/ochrona-danych-osobowych\/\">Ochrona danych osobowych<\/a><\/li>\n\t<li id=\"menu-item-18370\" class=\"menu-item menu-item-type-post_type menu-item-object-page menu-item-18370\"><a href=\"https:\/\/www.smkopernik.pl\/old2\/strona-glowna\/dotacje-ue\/\">Dotacje UE<\/a><\/li>\n\t<li id=\"menu-item-12371\" class=\"menu-item menu-item-type-custom menu-item-object-custom menu-item-12371\"><a href=\"https:\/\/www.smkopernik.pl\/old\/aktualnosci\/akt-start\/aktual.php\">Poprzednia wersja strony<\/a><\/li>\n<\/ul>\n<\/li>\n<li id=\"menu-item-12363\" class=\"menu-item menu-item-type-post_type menu-item-object-page menu-item-has-children menu-item-12363\"><a href=\"https:\/\/www.smkopernik.pl\/old2\/blog\/\">Aktualno\u015bci i oferty<span class=\"nav-icon-angle\">&nbsp;<\/span><\/a>\n<ul class=\"sub-menu sub-lv-0\">\n\t<li id=\"menu-item-12373\" class=\"menu-item menu-item-type-post_type menu-item-object-page menu-item-12373\"><a href=\"https:\/\/www.smkopernik.pl\/old2\/blog\/stawki-oplat\/\">Stawki op\u0142at<\/a><\/li>\n\t<li id=\"menu-item-12377\" class=\"menu-item menu-item-type-post_type menu-item-object-page menu-item-12377\"><a href=\"https:\/\/www.smkopernik.pl\/old2\/blog\/plan-remontow\/\">Plan remont\u00f3w<\/a><\/li>\n\t<li id=\"menu-item-12378\" class=\"menu-item menu-item-type-post_type menu-item-object-page menu-item-12378\"><a href=\"https:\/\/www.smkopernik.pl\/old2\/blog\/harmonogramy-odczytow\/\">Harmonogramy odczyt\u00f3w<\/a><\/li>\n\t<li id=\"menu-item-12423\" class=\"menu-item menu-item-type-custom menu-item-object-custom menu-item-has-children menu-item-12423\"><a href=\"#\">Oferty wynajmu<span class=\"nav-icon-angle\">&nbsp;<\/span><\/a>\n\t<ul class=\"sub-menu sub-lv-1\">\n\t\t<li id=\"menu-item-19213\" class=\"menu-item menu-item-type-post_type menu-item-object-page menu-item-19213\"><a href=\"https:\/\/www.smkopernik.pl\/old2\/blog\/do-wynajecia\/najem-lokali-uzytkowych\/\">Lokale u\u017cytkowe<\/a><\/li>\n\t\t<li id=\"menu-item-12375\" class=\"menu-item menu-item-type-post_type menu-item-object-page menu-item-12375\"><a href=\"https:\/\/www.smkopernik.pl\/old2\/blog\/do-wynajecia\/najem-sali-konferencyjnej\/\">Sala konferencyjna<\/a><\/li>\n\t\t<li id=\"menu-item-16262\" class=\"menu-item menu-item-type-post_type menu-item-object-page menu-item-16262\"><a href=\"https:\/\/www.smkopernik.pl\/old2\/blog\/do-wynajecia\/najem-powierzchni_reklamowych\/\">Powierzchnie reklamowe<\/a><\/li>\n\t<\/ul>\n<\/li>\n\t<li id=\"menu-item-12376\" class=\"menu-item menu-item-type-post_type menu-item-object-page menu-item-12376\"><a href=\"https:\/\/www.smkopernik.pl\/old2\/blog\/oferty-przetargi\/\">Oferty \u2013 przetargi<\/a><\/li>\n\t<li id=\"menu-item-18707\" class=\"menu-item menu-item-type-post_type menu-item-object-page menu-item-18707\"><a href=\"https:\/\/www.smkopernik.pl\/old2\/blog\/filmy\/\">Filmy \u2013 z \u017cycia Sp\u00f3\u0142dzielni<\/a><\/li>\n<\/ul>\n<\/li>\n<li id=\"menu-item-12379\" class=\"menu-item menu-item-type-post_type menu-item-object-page menu-item-has-children menu-item-12379\"><a href=\"https:\/\/www.smkopernik.pl\/old2\/dzialalnosc-sok\/\">Dzia\u0142alno\u015b\u0107 s-o-k<span class=\"nav-icon-angle\">&nbsp;<\/span><\/a>\n<ul class=\"sub-menu sub-lv-0\">\n\t<li id=\"menu-item-12380\" class=\"menu-item menu-item-type-post_type menu-item-object-page menu-item-12380\"><a href=\"https:\/\/www.smkopernik.pl\/old2\/dzialalnosc-sok\/sok-impresariat\/\">Impresariat artystyczny<\/a><\/li>\n\t<li id=\"menu-item-12381\" class=\"menu-item menu-item-type-post_type menu-item-object-page menu-item-12381\"><a href=\"https:\/\/www.smkopernik.pl\/old2\/dzialalnosc-sok\/sok-imprezy_konkursy_wydarzeina\/\">Imprezy, konkursy, wydarzenia<\/a><\/li>\n\t<li id=\"menu-item-12382\" class=\"menu-item menu-item-type-post_type menu-item-object-page menu-item-12382\"><a href=\"https:\/\/www.smkopernik.pl\/old2\/dzialalnosc-sok\/sok-wycieczki_wystawy\/\">Wycieczki i wystawy<\/a><\/li>\n\t<li id=\"menu-item-12384\" class=\"menu-item menu-item-type-post_type menu-item-object-page menu-item-12384\"><a href=\"https:\/\/www.smkopernik.pl\/old2\/dzialalnosc-sok\/sok-kluby_sekcje\/\">Kluby i sekcje<\/a><\/li>\n<\/ul>\n<\/li>\n<li id=\"menu-item-12364\" class=\"menu-item menu-item-type-post_type menu-item-object-page menu-item-has-children menu-item-12364\"><a href=\"https:\/\/www.smkopernik.pl\/old2\/spoldzielnia\/\">Sp\u00f3\u0142dzielnia<span class=\"nav-icon-angle\">&nbsp;<\/span><\/a>\n<ul class=\"sub-menu sub-lv-0\">\n\t<li id=\"menu-item-12430\" class=\"menu-item menu-item-type-custom menu-item-object-custom menu-item-has-children menu-item-12430\"><a href=\"#\">Wa\u017cne informacje<span class=\"nav-icon-angle\">&nbsp;<\/span><\/a>\n\t<ul class=\"sub-menu sub-lv-1\">\n\t\t<li id=\"menu-item-12386\" class=\"menu-item menu-item-type-post_type menu-item-object-page menu-item-12386\"><a href=\"https:\/\/www.smkopernik.pl\/old2\/spoldzielnia\/wazne-informacje\/biura-spoldzielni\/\">Biura Sp\u00f3\u0142dzielni<\/a><\/li>\n\t\t<li id=\"menu-item-12387\" class=\"menu-item menu-item-type-post_type menu-item-object-page menu-item-12387\"><a href=\"https:\/\/www.smkopernik.pl\/old2\/spoldzielnia\/wazne-informacje\/telefony\/\">Telefony<\/a><\/li>\n\t\t<li id=\"menu-item-12388\" class=\"menu-item menu-item-type-post_type menu-item-object-page menu-item-12388\"><a href=\"https:\/\/www.smkopernik.pl\/old2\/spoldzielnia\/wazne-informacje\/pogotowie-techniczne\/\">Pogotowie Techniczne<\/a><\/li>\n\t\t<li id=\"menu-item-12389\" class=\"menu-item menu-item-type-post_type menu-item-object-page menu-item-12389\"><a href=\"https:\/\/www.smkopernik.pl\/old2\/spoldzielnia\/wazne-informacje\/konta-bankowe\/\">Konta bankowe<\/a><\/li>\n\t\t<li id=\"menu-item-12422\" class=\"menu-item menu-item-type-post_type menu-item-object-page menu-item-12422\"><a href=\"https:\/\/www.smkopernik.pl\/old2\/spoldzielnia\/wazne-informacje\/kasa\/\">Kasa<\/a><\/li>\n\t<\/ul>\n<\/li>\n\t<li id=\"menu-item-12431\" class=\"menu-item menu-item-type-custom menu-item-object-custom menu-item-has-children menu-item-12431\"><a href=\"#\">Organy Sp\u00f3ldzielni<span class=\"nav-icon-angle\">&nbsp;<\/span><\/a>\n\t<ul class=\"sub-menu sub-lv-1\">\n\t\t<li id=\"menu-item-12391\" class=\"menu-item menu-item-type-post_type menu-item-object-page menu-item-12391\"><a href=\"https:\/\/www.smkopernik.pl\/old2\/spoldzielnia\/organy-spoldzielni\/walne-zgromadzenie\/\">Walne Zgromadzenie<\/a><\/li>\n\t\t<li id=\"menu-item-12392\" class=\"menu-item menu-item-type-post_type menu-item-object-page menu-item-12392\"><a href=\"https:\/\/www.smkopernik.pl\/old2\/spoldzielnia\/organy-spoldzielni\/rada-nadzorcza\/\">Rada Nadzorcza<\/a><\/li>\n\t\t<li id=\"menu-item-12393\" class=\"menu-item menu-item-type-post_type menu-item-object-page menu-item-12393\"><a href=\"https:\/\/www.smkopernik.pl\/old2\/spoldzielnia\/organy-spoldzielni\/zarzad\/\">Zarz\u0105d<\/a><\/li>\n\t<\/ul>\n<\/li>\n\t<li id=\"menu-item-12394\" class=\"menu-item menu-item-type-post_type menu-item-object-page menu-item-has-children menu-item-12394\"><a href=\"https:\/\/www.smkopernik.pl\/old2\/spoldzielnia\/struktura-organizacyjna\/\">Struktura organizacyjna<span class=\"nav-icon-angle\">&nbsp;<\/span><\/a>\n\t<ul class=\"sub-menu sub-lv-1\">\n\t\t<li id=\"menu-item-12395\" class=\"menu-item menu-item-type-post_type menu-item-object-page menu-item-12395\"><a href=\"https:\/\/www.smkopernik.pl\/old2\/spoldzielnia\/struktura-organizacyjna\/dzial-cz\/\">Dzia\u0142 Spraw Cz\u0142onkowskich<\/a><\/li>\n\t\t<li id=\"menu-item-12396\" class=\"menu-item menu-item-type-post_type menu-item-object-page menu-item-12396\"><a href=\"https:\/\/www.smkopernik.pl\/old2\/spoldzielnia\/struktura-organizacyjna\/dzial-rp\/\">Dzia\u0142 Prawny<\/a><\/li>\n\t\t<li id=\"menu-item-12397\" class=\"menu-item menu-item-type-post_type menu-item-object-page menu-item-12397\"><a href=\"https:\/\/www.smkopernik.pl\/old2\/spoldzielnia\/struktura-organizacyjna\/dzial-gl\/\">Dzia\u0142 Analiz Ekonomicznych i\u00a0Gospodarki Lokalami<\/a><\/li>\n\t\t<li id=\"menu-item-12398\" class=\"menu-item menu-item-type-post_type menu-item-object-page menu-item-12398\"><a href=\"https:\/\/www.smkopernik.pl\/old2\/spoldzielnia\/struktura-organizacyjna\/dzial-tt\/\">Dzia\u0142 Techniczno-Inwestycyjny<\/a><\/li>\n\t\t<li id=\"menu-item-12413\" class=\"menu-item menu-item-type-post_type menu-item-object-page menu-item-12413\"><a href=\"https:\/\/www.smkopernik.pl\/old2\/spoldzielnia\/struktura-organizacyjna\/dzial-fk\/\">Dzia\u0142 Finansowo-Ksi\u0119gowy<\/a><\/li>\n\t\t<li id=\"menu-item-12414\" class=\"menu-item menu-item-type-post_type menu-item-object-page menu-item-12414\"><a href=\"https:\/\/www.smkopernik.pl\/old2\/spoldzielnia\/struktura-organizacyjna\/dzial-or\/\">Dzia\u0142 Organizacyjny<\/a><\/li>\n\t\t<li id=\"menu-item-12415\" class=\"menu-item menu-item-type-post_type menu-item-object-page menu-item-12415\"><a href=\"https:\/\/www.smkopernik.pl\/old2\/spoldzielnia\/struktura-organizacyjna\/administracja-aw\/\">Administracja Osiedla WSCH\u00d3D<\/a><\/li>\n\t\t<li id=\"menu-item-12416\" class=\"menu-item menu-item-type-post_type menu-item-object-page menu-item-12416\"><a href=\"https:\/\/www.smkopernik.pl\/old2\/spoldzielnia\/struktura-organizacyjna\/administracja-ty\/\">Administracja Osiedla TYSI\u0104CLECIA<\/a><\/li>\n\t\t<li id=\"menu-item-12417\" class=\"menu-item menu-item-type-post_type menu-item-object-page menu-item-12417\"><a href=\"https:\/\/www.smkopernik.pl\/old2\/spoldzielnia\/struktura-organizacyjna\/administracja-za\/\">Administracja Osiedla ZACH\u00d3D<\/a><\/li>\n\t\t<li id=\"menu-item-12418\" class=\"menu-item menu-item-type-post_type menu-item-object-page menu-item-12418\"><a href=\"https:\/\/www.smkopernik.pl\/old2\/spoldzielnia\/struktura-organizacyjna\/stadion\/\">O\u015brodek Sportowy<\/a><\/li>\n\t<\/ul>\n<\/li>\n<\/ul>\n<\/li>\n<li id=\"menu-item-12365\" class=\"menu-item menu-item-type-post_type menu-item-object-page menu-item-has-children menu-item-12365\"><a href=\"https:\/\/www.smkopernik.pl\/old2\/dokumenty\/\">Dokumenty<span class=\"nav-icon-angle\">&nbsp;<\/span><\/a>\n<ul class=\"sub-menu sub-lv-0\">\n\t<li id=\"menu-item-12399\" class=\"menu-item menu-item-type-post_type menu-item-object-page menu-item-12399\"><a href=\"https:\/\/www.smkopernik.pl\/old2\/dokumenty\/akty-prawne\/\">Akty prawne<\/a><\/li>\n\t<li id=\"menu-item-12429\" class=\"menu-item menu-item-type-custom menu-item-object-custom menu-item-has-children menu-item-12429\"><a href=\"#\">Regulaminy<span class=\"nav-icon-angle\">&nbsp;<\/span><\/a>\n\t<ul class=\"sub-menu sub-lv-1\">\n\t\t<li id=\"menu-item-12407\" class=\"menu-item menu-item-type-post_type menu-item-object-page menu-item-12407\"><a href=\"https:\/\/www.smkopernik.pl\/old2\/dokumenty\/regulaminy\/regulaminy-uzytkowanie_lokali\/\">Zasady u\u017cytkowania lokali<\/a><\/li>\n\t\t<li id=\"menu-item-12408\" class=\"menu-item menu-item-type-post_type menu-item-object-page menu-item-12408\"><a href=\"https:\/\/www.smkopernik.pl\/old2\/dokumenty\/regulaminy\/regulaminy-rozliczanie_kosztow\/\">Rozliczanie koszt\u00f3w<\/a><\/li>\n\t\t<li id=\"menu-item-12409\" class=\"menu-item menu-item-type-post_type menu-item-object-page menu-item-12409\"><a href=\"https:\/\/www.smkopernik.pl\/old2\/dokumenty\/regulaminy\/regulaminy-obrot_lokalami\/\">Obr\u00f3t lokalami<\/a><\/li>\n\t\t<li id=\"menu-item-12419\" class=\"menu-item menu-item-type-post_type menu-item-object-page menu-item-12419\"><a href=\"https:\/\/www.smkopernik.pl\/old2\/dokumenty\/regulaminy\/regulaminy-funkcjonowanie_administracji\/\">Funkcjonowanie administracji<\/a><\/li>\n\t\t<li id=\"menu-item-12420\" class=\"menu-item menu-item-type-post_type menu-item-object-page menu-item-12420\"><a href=\"https:\/\/www.smkopernik.pl\/old2\/dokumenty\/regulaminy\/regulaminy-bezpieczenstwo\/\">Bezpiecze\u0144stwo<\/a><\/li>\n\t\t<li id=\"menu-item-12421\" class=\"menu-item menu-item-type-post_type menu-item-object-page menu-item-12421\"><a href=\"https:\/\/www.smkopernik.pl\/old2\/dokumenty\/regulaminy\/regulaminy-dzialalnosc_kulturalna\/\">Dzia\u0142alno\u015b\u0107 spo\u0142eczna, o\u015bwiatowa i kulturalna<\/a><\/li>\n\t<\/ul>\n<\/li>\n\t<li id=\"menu-item-12425\" class=\"menu-item menu-item-type-custom menu-item-object-custom menu-item-has-children menu-item-12425\"><a href=\"#\">Decyzje i uchwa\u0142y<span class=\"nav-icon-angle\">&nbsp;<\/span><\/a>\n\t<ul class=\"sub-menu sub-lv-1\">\n\t\t<li id=\"menu-item-12404\" class=\"menu-item menu-item-type-post_type menu-item-object-page menu-item-12404\"><a href=\"https:\/\/www.smkopernik.pl\/old2\/dokumenty\/decyzje-i-uchwaly\/protokoly-zarzad\/\">Protoko\u0142y z posiedze\u0144 Zarz\u0105du<\/a><\/li>\n\t\t<li id=\"menu-item-12405\" class=\"menu-item menu-item-type-post_type menu-item-object-page menu-item-12405\"><a href=\"https:\/\/www.smkopernik.pl\/old2\/dokumenty\/decyzje-i-uchwaly\/protokoly-rn\/\">Protoko\u0142y z posiedze\u0144 Rady Nadzorczej<\/a><\/li>\n\t\t<li id=\"menu-item-12713\" class=\"menu-item menu-item-type-post_type menu-item-object-page menu-item-12713\"><a href=\"https:\/\/www.smkopernik.pl\/old2\/dokumenty\/decyzje-i-uchwaly\/dokumenty-wz\/\">Dokumenty Walnego Zgromadzenia<\/a><\/li>\n\t<\/ul>\n<\/li>\n\t<li id=\"menu-item-12410\" class=\"menu-item menu-item-type-post_type menu-item-object-page menu-item-12410\"><a href=\"https:\/\/www.smkopernik.pl\/old2\/dokumenty\/sprawozdania\/\">Sprawozdania<\/a><\/li>\n\t<li id=\"menu-item-12427\" class=\"menu-item menu-item-type-custom menu-item-object-custom menu-item-12427\"><a href=\"https:\/\/www.smkopernik.pl\/old\/dokumenty\/dok-start\/31.php\">Archiwum z lat 2004-2020<\/a><\/li>\n\t<li id=\"menu-item-12411\" class=\"menu-item menu-item-type-post_type menu-item-object-page menu-item-12411\"><a href=\"https:\/\/www.smkopernik.pl\/old2\/dokumenty\/do-pobrania\/\">Do pobrania<\/a><\/li>\n<\/ul>\n<\/li>\n<li id=\"menu-item-12428\" class=\"menu-item menu-item-type-custom menu-item-object-custom menu-item-has-children menu-item-12428\"><a href=\"#\">Kontakt<span class=\"nav-icon-angle\">&nbsp;<\/span><\/a>\n<ul class=\"sub-menu sub-lv-0\">\n\t<li id=\"menu-item-12401\" class=\"menu-item menu-item-type-post_type menu-item-object-page menu-item-12401\"><a href=\"https:\/\/www.smkopernik.pl\/old2\/kontakt\/biura-spoldzielni\/\">Biura Sp\u00f3\u0142dzielni<\/a><\/li>\n\t<li id=\"menu-item-12402\" class=\"menu-item menu-item-type-post_type menu-item-object-page menu-item-12402\"><a href=\"https:\/\/www.smkopernik.pl\/old2\/kontakt\/telefony\/\">Telefony<\/a><\/li>\n\t<li id=\"menu-item-12403\" class=\"menu-item menu-item-type-post_type menu-item-object-page menu-item-12403\"><a href=\"https:\/\/www.smkopernik.pl\/old2\/kontakt\/pogotowie-techniczne\/\">Pogotowie Techniczne<\/a><\/li>\n<\/ul>\n<\/li>\n<li id=\"menu-item-12367\" class=\"menu-item menu-item-type-post_type menu-item-object-page menu-item-12367\"><a href=\"https:\/\/www.smkopernik.pl\/old2\/web-lokator\/\">WEB Lokator<\/a><\/li>\n<li id=\"menu-item-12368\" class=\"menu-item menu-item-type-post_type menu-item-object-page menu-item-12368\"><a href=\"https:\/\/www.smkopernik.pl\/old2\/wspolnoty-mieszkaniowe\/\">Wsp\u00f3lnoty<\/a><\/li>\n<\/ul><\/dvi><\/p>\n","protected":false},"excerpt":{"rendered":"<p>Aktualno\u015bci Do wynaj\u0119cia<\/p>\n","protected":false},"author":1,"featured_media":0,"parent":1856,"menu_order":3,"comment_status":"closed","ping_status":"closed","template":"","meta":{"footnotes":""},"categories":[],"tags":[56,113,269],"class_list":["post-10340","page","type-page","status-publish","hentry","tag-lokal-uzytkowy","tag-najem","tag-reklamy"],"publishpress_future_action":{"enabled":false,"date":"2026-05-24 20:23:34","action":"change-status","newStatus":"draft","terms":[],"taxonomy":"category","extraData":[]},"publishpress_future_workflow_manual_trigger":{"enabledWorkflows":[]},"_links":{"self":[{"href":"https:\/\/www.smkopernik.pl\/old2\/wp-json\/wp\/v2\/pages\/10340","targetHints":{"allow":["GET"]}}],"collection":[{"href":"https:\/\/www.smkopernik.pl\/old2\/wp-json\/wp\/v2\/pages"}],"about":[{"href":"https:\/\/www.smkopernik.pl\/old2\/wp-json\/wp\/v2\/types\/page"}],"author":[{"embeddable":true,"href":"https:\/\/www.smkopernik.pl\/old2\/wp-json\/wp\/v2\/users\/1"}],"replies":[{"embeddable":true,"href":"https:\/\/www.smkopernik.pl\/old2\/wp-json\/wp\/v2\/comments?post=10340"}],"version-history":[{"count":0,"href":"https:\/\/www.smkopernik.pl\/old2\/wp-json\/wp\/v2\/pages\/10340\/revisions"}],"up":[{"embeddable":true,"href":"https:\/\/www.smkopernik.pl\/old2\/wp-json\/wp\/v2\/pages\/1856"}],"wp:attachment":[{"href":"https:\/\/www.smkopernik.pl\/old2\/wp-json\/wp\/v2\/media?parent=10340"}],"wp:term":[{"taxonomy":"category","embeddable":true,"href":"https:\/\/www.smkopernik.pl\/old2\/wp-json\/wp\/v2\/categories?post=10340"},{"taxonomy":"post_tag","embeddable":true,"href":"https:\/\/www.smkopernik.pl\/old2\/wp-json\/wp\/v2\/tags?post=10340"}],"curies":[{"name":"wp","href":"https:\/\/api.w.org\/{rel}","templated":true}]}}