{"id":10475,"date":"2021-11-21T01:52:28","date_gmt":"2021-11-21T00:52:28","guid":{"rendered":"https:\/\/www.smkopernik.pl\/dotacje-ue-2\/"},"modified":"2021-12-04T01:56:17","modified_gmt":"2021-12-04T00:56:17","slug":"kontakt","status":"publish","type":"page","link":"https:\/\/www.smkopernik.pl\/old2\/kontakt\/","title":{"rendered":"Kontakt"},"content":{"rendered":"<div class=\"contener-tytul\">\n<div class=\"tytul-strony\">Kontakt<\/div>\n<\/div>\n","protected":false},"excerpt":{"rendered":"<p>Naszej Sp\u00f3\u0142dzielni przyznano \u015brodki z Europejskiego Funduszu Rozwoju Regionalnego na budow\u0119 instalacji fotowoltaicznych.<\/p>\n","protected":false},"author":1,"featured_media":0,"parent":0,"menu_order":6,"comment_status":"closed","ping_status":"closed","template":"","meta":{"footnotes":""},"categories":[],"tags":[204,129,206,137,132,205],"class_list":["post-10475","page","type-page","status-publish","hentry","tag-adres","tag-kasa","tag-konta-bankowe","tag-kontakt","tag-pogotowie","tag-telefon"],"publishpress_future_action":{"enabled":false,"date":"2026-05-24 17:57:10","action":"change-status","newStatus":"draft","terms":[],"taxonomy":"category","extraData":[]},"publishpress_future_workflow_manual_trigger":{"enabledWorkflows":[]},"_links":{"self":[{"href":"https:\/\/www.smkopernik.pl\/old2\/wp-json\/wp\/v2\/pages\/10475","targetHints":{"allow":["GET"]}}],"collection":[{"href":"https:\/\/www.smkopernik.pl\/old2\/wp-json\/wp\/v2\/pages"}],"about":[{"href":"https:\/\/www.smkopernik.pl\/old2\/wp-json\/wp\/v2\/types\/page"}],"author":[{"embeddable":true,"href":"https:\/\/www.smkopernik.pl\/old2\/wp-json\/wp\/v2\/users\/1"}],"replies":[{"embeddable":true,"href":"https:\/\/www.smkopernik.pl\/old2\/wp-json\/wp\/v2\/comments?post=10475"}],"version-history":[{"count":0,"href":"https:\/\/www.smkopernik.pl\/old2\/wp-json\/wp\/v2\/pages\/10475\/revisions"}],"wp:attachment":[{"href":"https:\/\/www.smkopernik.pl\/old2\/wp-json\/wp\/v2\/media?parent=10475"}],"wp:term":[{"taxonomy":"category","embeddable":true,"href":"https:\/\/www.smkopernik.pl\/old2\/wp-json\/wp\/v2\/categories?post=10475"},{"taxonomy":"post_tag","embeddable":true,"href":"https:\/\/www.smkopernik.pl\/old2\/wp-json\/wp\/v2\/tags?post=10475"}],"curies":[{"name":"wp","href":"https:\/\/api.w.org\/{rel}","templated":true}]}}