{"id":10492,"date":"2021-11-21T02:21:32","date_gmt":"2021-11-21T01:21:32","guid":{"rendered":"https:\/\/www.smkopernik.pl\/?page_id=10492"},"modified":"2021-11-21T02:23:43","modified_gmt":"2021-11-21T01:23:43","slug":"struktura-organizacyjna","status":"publish","type":"page","link":"https:\/\/www.smkopernik.pl\/old2\/spoldzielnia\/struktura-organizacyjna\/","title":{"rendered":"Struktura organizacyjna"},"content":{"rendered":"<div class=\"contener-tytul\">\n<div class=\"tytul-strony\">Struktura organizacyjna<\/div>\n<\/div>\n","protected":false},"excerpt":{"rendered":"<p>Naszej Sp\u00f3\u0142dzielni przyznano \u015brodki z Europejskiego Funduszu Rozwoju Regionalnego na budow\u0119 instalacji fotowoltaicznych.<\/p>\n","protected":false},"author":1,"featured_media":0,"parent":6,"menu_order":2,"comment_status":"closed","ping_status":"closed","template":"","meta":{"footnotes":""},"categories":[],"tags":[209],"class_list":["post-10492","page","type-page","status-publish","hentry","tag-struktura"],"publishpress_future_action":{"enabled":false,"date":"2026-05-24 18:49:49","action":"change-status","newStatus":"draft","terms":[],"taxonomy":"category","extraData":[]},"publishpress_future_workflow_manual_trigger":{"enabledWorkflows":[]},"_links":{"self":[{"href":"https:\/\/www.smkopernik.pl\/old2\/wp-json\/wp\/v2\/pages\/10492","targetHints":{"allow":["GET"]}}],"collection":[{"href":"https:\/\/www.smkopernik.pl\/old2\/wp-json\/wp\/v2\/pages"}],"about":[{"href":"https:\/\/www.smkopernik.pl\/old2\/wp-json\/wp\/v2\/types\/page"}],"author":[{"embeddable":true,"href":"https:\/\/www.smkopernik.pl\/old2\/wp-json\/wp\/v2\/users\/1"}],"replies":[{"embeddable":true,"href":"https:\/\/www.smkopernik.pl\/old2\/wp-json\/wp\/v2\/comments?post=10492"}],"version-history":[{"count":0,"href":"https:\/\/www.smkopernik.pl\/old2\/wp-json\/wp\/v2\/pages\/10492\/revisions"}],"up":[{"embeddable":true,"href":"https:\/\/www.smkopernik.pl\/old2\/wp-json\/wp\/v2\/pages\/6"}],"wp:attachment":[{"href":"https:\/\/www.smkopernik.pl\/old2\/wp-json\/wp\/v2\/media?parent=10492"}],"wp:term":[{"taxonomy":"category","embeddable":true,"href":"https:\/\/www.smkopernik.pl\/old2\/wp-json\/wp\/v2\/categories?post=10492"},{"taxonomy":"post_tag","embeddable":true,"href":"https:\/\/www.smkopernik.pl\/old2\/wp-json\/wp\/v2\/tags?post=10492"}],"curies":[{"name":"wp","href":"https:\/\/api.w.org\/{rel}","templated":true}]}}