{"id":10506,"date":"2021-11-21T02:51:57","date_gmt":"2021-11-21T01:51:57","guid":{"rendered":"https:\/\/www.smkopernik.pl\/spoldzielnia\/struktura-organizacyjna-2\/"},"modified":"2021-11-21T02:55:30","modified_gmt":"2021-11-21T01:55:30","slug":"organy-spoldzielni","status":"publish","type":"page","link":"https:\/\/www.smkopernik.pl\/old2\/spoldzielnia\/organy-spoldzielni\/","title":{"rendered":"Organy Sp\u00f3\u0142dzielni"},"content":{"rendered":"<div class=\"contener-tytul\">\n<div class=\"tytul-strony\">Organy Sp\u00f3\u0142dzielni<\/div>\n<\/div>\n","protected":false},"excerpt":{"rendered":"<p>Naszej Sp\u00f3\u0142dzielni przyznano \u015brodki z Europejskiego Funduszu Rozwoju Regionalnego na budow\u0119 instalacji fotowoltaicznych.<\/p>\n","protected":false},"author":1,"featured_media":0,"parent":6,"menu_order":2,"comment_status":"closed","ping_status":"closed","template":"","meta":{"footnotes":""},"categories":[],"tags":[135,140,134,138,9,141],"class_list":["post-10506","page","type-page","status-publish","hentry","tag-nadzorcza","tag-organy","tag-rada","tag-walne","tag-zarzad","tag-zgromadzenie"],"publishpress_future_action":{"enabled":false,"date":"2026-05-24 17:57:07","action":"change-status","newStatus":"draft","terms":[],"taxonomy":"category","extraData":[]},"publishpress_future_workflow_manual_trigger":{"enabledWorkflows":[]},"_links":{"self":[{"href":"https:\/\/www.smkopernik.pl\/old2\/wp-json\/wp\/v2\/pages\/10506","targetHints":{"allow":["GET"]}}],"collection":[{"href":"https:\/\/www.smkopernik.pl\/old2\/wp-json\/wp\/v2\/pages"}],"about":[{"href":"https:\/\/www.smkopernik.pl\/old2\/wp-json\/wp\/v2\/types\/page"}],"author":[{"embeddable":true,"href":"https:\/\/www.smkopernik.pl\/old2\/wp-json\/wp\/v2\/users\/1"}],"replies":[{"embeddable":true,"href":"https:\/\/www.smkopernik.pl\/old2\/wp-json\/wp\/v2\/comments?post=10506"}],"version-history":[{"count":0,"href":"https:\/\/www.smkopernik.pl\/old2\/wp-json\/wp\/v2\/pages\/10506\/revisions"}],"up":[{"embeddable":true,"href":"https:\/\/www.smkopernik.pl\/old2\/wp-json\/wp\/v2\/pages\/6"}],"wp:attachment":[{"href":"https:\/\/www.smkopernik.pl\/old2\/wp-json\/wp\/v2\/media?parent=10506"}],"wp:term":[{"taxonomy":"category","embeddable":true,"href":"https:\/\/www.smkopernik.pl\/old2\/wp-json\/wp\/v2\/categories?post=10506"},{"taxonomy":"post_tag","embeddable":true,"href":"https:\/\/www.smkopernik.pl\/old2\/wp-json\/wp\/v2\/tags?post=10506"}],"curies":[{"name":"wp","href":"https:\/\/api.w.org\/{rel}","templated":true}]}}