{"id":10568,"date":"2021-11-22T17:25:24","date_gmt":"2021-11-22T16:25:24","guid":{"rendered":"https:\/\/www.smkopernik.pl\/?page_id=10568"},"modified":"2024-03-04T09:04:15","modified_gmt":"2024-03-04T08:04:15","slug":"regulaminy-funkcjonowanie_administracji","status":"publish","type":"page","link":"https:\/\/www.smkopernik.pl\/old2\/dokumenty\/regulaminy\/regulaminy-funkcjonowanie_administracji\/","title":{"rendered":"Funkcjonowanie administracji"},"content":{"rendered":"<div class=\"contener-tytul\">\n<div class=\"tytul-strony\">Regulaminy<\/div>\n<div class=\"podtytul-strony\">Funkcjonowanie administracji<\/div>\n<\/div>\n<div class=\"regulamin\">\n  <div class=\"su-accordion su-u-trim\">\n    <div class=\"su-spoiler su-spoiler-style-default su-spoiler-icon-plus regulaminy su-spoiler-closed\" data-scroll-offset=\"0\" data-anchor-in-url=\"no\"><div class=\"su-spoiler-title\" tabindex=\"0\" role=\"button\"><span class=\"su-spoiler-icon\"><\/span>Regulamin okre\u015blaj\u0105cy procedur\u0119 udost\u0119pniania lub wydawania odpis\u00f3w, b\u0105d\u017a kopii wewn\u0119trznej dokumentacji oraz przygotowywania dokumentacji niezb\u0119dnej dla przekszta\u0142cenia praw do lokali w Sp\u00f3\u0142dzielni Mieszkaniowej \u201eKopernik\u201d w Toruniu. <\/div><div class=\"su-spoiler-content su-u-clearfix su-u-trim\">\n\t <\/div><\/div>\n  <\/div>\n<\/div>\n","protected":false},"excerpt":{"rendered":"<p>Regulaminy Funkcjonowanie administracji<\/p>\n","protected":false},"author":1,"featured_media":0,"parent":2835,"menu_order":4,"comment_status":"closed","ping_status":"closed","template":"","meta":{"footnotes":""},"categories":[],"tags":[92,97],"class_list":["post-10568","page","type-page","status-publish","hentry","tag-dokumenty","tag-regulaminy"],"publishpress_future_action":{"enabled":false,"date":"2026-05-24 16:59:47","action":"change-status","newStatus":"draft","terms":[],"taxonomy":"category","extraData":[]},"publishpress_future_workflow_manual_trigger":{"enabledWorkflows":[]},"_links":{"self":[{"href":"https:\/\/www.smkopernik.pl\/old2\/wp-json\/wp\/v2\/pages\/10568","targetHints":{"allow":["GET"]}}],"collection":[{"href":"https:\/\/www.smkopernik.pl\/old2\/wp-json\/wp\/v2\/pages"}],"about":[{"href":"https:\/\/www.smkopernik.pl\/old2\/wp-json\/wp\/v2\/types\/page"}],"author":[{"embeddable":true,"href":"https:\/\/www.smkopernik.pl\/old2\/wp-json\/wp\/v2\/users\/1"}],"replies":[{"embeddable":true,"href":"https:\/\/www.smkopernik.pl\/old2\/wp-json\/wp\/v2\/comments?post=10568"}],"version-history":[{"count":0,"href":"https:\/\/www.smkopernik.pl\/old2\/wp-json\/wp\/v2\/pages\/10568\/revisions"}],"up":[{"embeddable":true,"href":"https:\/\/www.smkopernik.pl\/old2\/wp-json\/wp\/v2\/pages\/2835"}],"wp:attachment":[{"href":"https:\/\/www.smkopernik.pl\/old2\/wp-json\/wp\/v2\/media?parent=10568"}],"wp:term":[{"taxonomy":"category","embeddable":true,"href":"https:\/\/www.smkopernik.pl\/old2\/wp-json\/wp\/v2\/categories?post=10568"},{"taxonomy":"post_tag","embeddable":true,"href":"https:\/\/www.smkopernik.pl\/old2\/wp-json\/wp\/v2\/tags?post=10568"}],"curies":[{"name":"wp","href":"https:\/\/api.w.org\/{rel}","templated":true}]}}