{"id":10571,"date":"2021-11-22T17:28:49","date_gmt":"2021-11-22T16:28:49","guid":{"rendered":"https:\/\/www.smkopernik.pl\/?page_id=10571"},"modified":"2021-11-28T04:02:51","modified_gmt":"2021-11-28T03:02:51","slug":"regulaminy-bezpieczenstwo","status":"publish","type":"page","link":"https:\/\/www.smkopernik.pl\/old2\/dokumenty\/regulaminy\/regulaminy-bezpieczenstwo\/","title":{"rendered":"Bezpiecze\u0144stwo"},"content":{"rendered":"<div class=\"contener-tytul\">\n<div class=\"tytul-strony\">Regulaminy<\/div>\n<div class=\"podtytul-strony\">Bezpiecze\u0144stwo<\/div>\n<\/div>\n<div class=\"regulamin\">\n  <div class=\"su-accordion su-u-trim\">\n    <div class=\"su-spoiler su-spoiler-style-default su-spoiler-icon-plus regulaminy su-spoiler-closed\" data-scroll-offset=\"0\" data-anchor-in-url=\"no\"><div class=\"su-spoiler-title\" tabindex=\"0\" role=\"button\"><span class=\"su-spoiler-icon\"><\/span>Regulamin w sprawie zasad gromadzenia i wykorzystywania \u015brodk\u00f3w finansowych pochodz\u0105cych z op\u0142aty na realizacj\u0119 programu poprawy bezpiecze\u0144stwa w Sp\u00f3\u0142dzielni Mieszkaniowej KOPERNIK w Toruniu<\/div><div class=\"su-spoiler-content su-u-clearfix su-u-trim\">\n\t <\/div><\/div>\n  <\/div>\n<\/div>\n","protected":false},"excerpt":{"rendered":"<p>Regulaminy Bezpiecze\u0144stwo<\/p>\n","protected":false},"author":1,"featured_media":0,"parent":2835,"menu_order":5,"comment_status":"closed","ping_status":"closed","template":"","meta":{"footnotes":""},"categories":[],"tags":[92,97],"class_list":["post-10571","page","type-page","status-publish","hentry","tag-dokumenty","tag-regulaminy"],"publishpress_future_action":{"enabled":false,"date":"2026-05-24 16:59:53","action":"change-status","newStatus":"draft","terms":[],"taxonomy":"category","extraData":[]},"publishpress_future_workflow_manual_trigger":{"enabledWorkflows":[]},"_links":{"self":[{"href":"https:\/\/www.smkopernik.pl\/old2\/wp-json\/wp\/v2\/pages\/10571","targetHints":{"allow":["GET"]}}],"collection":[{"href":"https:\/\/www.smkopernik.pl\/old2\/wp-json\/wp\/v2\/pages"}],"about":[{"href":"https:\/\/www.smkopernik.pl\/old2\/wp-json\/wp\/v2\/types\/page"}],"author":[{"embeddable":true,"href":"https:\/\/www.smkopernik.pl\/old2\/wp-json\/wp\/v2\/users\/1"}],"replies":[{"embeddable":true,"href":"https:\/\/www.smkopernik.pl\/old2\/wp-json\/wp\/v2\/comments?post=10571"}],"version-history":[{"count":0,"href":"https:\/\/www.smkopernik.pl\/old2\/wp-json\/wp\/v2\/pages\/10571\/revisions"}],"up":[{"embeddable":true,"href":"https:\/\/www.smkopernik.pl\/old2\/wp-json\/wp\/v2\/pages\/2835"}],"wp:attachment":[{"href":"https:\/\/www.smkopernik.pl\/old2\/wp-json\/wp\/v2\/media?parent=10571"}],"wp:term":[{"taxonomy":"category","embeddable":true,"href":"https:\/\/www.smkopernik.pl\/old2\/wp-json\/wp\/v2\/categories?post=10571"},{"taxonomy":"post_tag","embeddable":true,"href":"https:\/\/www.smkopernik.pl\/old2\/wp-json\/wp\/v2\/tags?post=10571"}],"curies":[{"name":"wp","href":"https:\/\/api.w.org\/{rel}","templated":true}]}}