{"id":10574,"date":"2021-11-22T17:31:47","date_gmt":"2021-11-22T16:31:47","guid":{"rendered":"https:\/\/www.smkopernik.pl\/?page_id=10574"},"modified":"2021-11-28T04:03:10","modified_gmt":"2021-11-28T03:03:10","slug":"regulaminy-dzialalnosc_kulturalna","status":"publish","type":"page","link":"https:\/\/www.smkopernik.pl\/old2\/dokumenty\/regulaminy\/regulaminy-dzialalnosc_kulturalna\/","title":{"rendered":"Dzia\u0142alno\u015b\u0107 spo\u0142eczna, o\u015bwiatowa i kulturalna"},"content":{"rendered":"<div class=\"contener-tytul\">\n<div class=\"tytul-strony\">Regulaminy<\/div>\n<div class=\"podtytul-strony\">Dzia\u0142alno\u015b\u0107 spo\u0142eczna, o\u015bwiatowa i kulturalna<\/div>\n<\/div>\n<div class=\"regulamin\">\n  <div class=\"su-accordion su-u-trim\">\n    <div class=\"su-spoiler su-spoiler-style-default su-spoiler-icon-plus regulaminy su-spoiler-closed\" data-scroll-offset=\"0\" data-anchor-in-url=\"no\"><div class=\"su-spoiler-title\" tabindex=\"0\" role=\"button\"><span class=\"su-spoiler-icon\"><\/span>Regulamin w sprawie prowadzenia dzia\u0142alno\u015bci spo\u0142ecznej, o\u015bwiatowej i kulturalnej na rzecz cz\u0142onk\u00f3w i ich rodzin zamieszka\u0142ych&nbsp;w&nbsp;budynkach Sp\u00f3\u0142dzielni Mieszkaniowej KOPERNIK w Toruniu<\/div><div class=\"su-spoiler-content su-u-clearfix su-u-trim\">\n\t <\/div><\/div>\n  <\/div>\n<\/div>\n","protected":false},"excerpt":{"rendered":"<p>Regulaminy Dzia\u0142alno\u015b\u0107 spo\u0142eczna, o\u015bwiatowa i kulturalna<\/p>\n","protected":false},"author":1,"featured_media":0,"parent":2835,"menu_order":6,"comment_status":"closed","ping_status":"closed","template":"","meta":{"footnotes":""},"categories":[],"tags":[92,97],"class_list":["post-10574","page","type-page","status-publish","hentry","tag-dokumenty","tag-regulaminy"],"publishpress_future_action":{"enabled":false,"date":"2026-05-24 17:57:08","action":"change-status","newStatus":"draft","terms":[],"taxonomy":"category","extraData":[]},"publishpress_future_workflow_manual_trigger":{"enabledWorkflows":[]},"_links":{"self":[{"href":"https:\/\/www.smkopernik.pl\/old2\/wp-json\/wp\/v2\/pages\/10574","targetHints":{"allow":["GET"]}}],"collection":[{"href":"https:\/\/www.smkopernik.pl\/old2\/wp-json\/wp\/v2\/pages"}],"about":[{"href":"https:\/\/www.smkopernik.pl\/old2\/wp-json\/wp\/v2\/types\/page"}],"author":[{"embeddable":true,"href":"https:\/\/www.smkopernik.pl\/old2\/wp-json\/wp\/v2\/users\/1"}],"replies":[{"embeddable":true,"href":"https:\/\/www.smkopernik.pl\/old2\/wp-json\/wp\/v2\/comments?post=10574"}],"version-history":[{"count":0,"href":"https:\/\/www.smkopernik.pl\/old2\/wp-json\/wp\/v2\/pages\/10574\/revisions"}],"up":[{"embeddable":true,"href":"https:\/\/www.smkopernik.pl\/old2\/wp-json\/wp\/v2\/pages\/2835"}],"wp:attachment":[{"href":"https:\/\/www.smkopernik.pl\/old2\/wp-json\/wp\/v2\/media?parent=10574"}],"wp:term":[{"taxonomy":"category","embeddable":true,"href":"https:\/\/www.smkopernik.pl\/old2\/wp-json\/wp\/v2\/categories?post=10574"},{"taxonomy":"post_tag","embeddable":true,"href":"https:\/\/www.smkopernik.pl\/old2\/wp-json\/wp\/v2\/tags?post=10574"}],"curies":[{"name":"wp","href":"https:\/\/api.w.org\/{rel}","templated":true}]}}