{"id":10662,"date":"2021-11-23T23:36:19","date_gmt":"2021-11-23T22:36:19","guid":{"rendered":"https:\/\/www.smkopernik.pl\/?page_id=10662"},"modified":"2023-01-25T18:57:44","modified_gmt":"2023-01-25T17:57:44","slug":"sok-wycieczki_wystawy","status":"publish","type":"page","link":"https:\/\/www.smkopernik.pl\/old2\/dzialalnosc-sok\/sok-wycieczki_wystawy\/","title":{"rendered":"Wycieczki i wystawy"},"content":{"rendered":"<div class=\"contener-tytul-strona\">\n<div class=\"tytul-grupowy\">Dzia\u0142alno\u015b\u0107 spo\u0142eczna, o\u015bwiatowa i kulturalna<\/div>\n<div class=\"tytul-strony\">Wycieczki i wystawy<\/div>\n<\/div>\n<div><\/div>\n","protected":false},"excerpt":{"rendered":"<p>Dzia\u0142alno\u015b\u0107 spo\u0142eczna, o\u015bwiatowa i kulturalna Wycieczki i wystawy<\/p>\n","protected":false},"author":1,"featured_media":0,"parent":1693,"menu_order":2,"comment_status":"closed","ping_status":"closed","template":"","meta":{"footnotes":""},"categories":[],"tags":[241,220,100,247,171,240,221],"class_list":["post-10662","page","type-page","status-publish","hentry","tag-galeria","tag-podroz","tag-spoleczna","tag-wernisaz","tag-wycieczka","tag-wystawa","tag-zwiedzanie"],"publishpress_future_action":{"enabled":false,"date":"2026-05-24 17:00:15","action":"change-status","newStatus":"draft","terms":[],"taxonomy":"category","extraData":[]},"publishpress_future_workflow_manual_trigger":{"enabledWorkflows":[]},"_links":{"self":[{"href":"https:\/\/www.smkopernik.pl\/old2\/wp-json\/wp\/v2\/pages\/10662","targetHints":{"allow":["GET"]}}],"collection":[{"href":"https:\/\/www.smkopernik.pl\/old2\/wp-json\/wp\/v2\/pages"}],"about":[{"href":"https:\/\/www.smkopernik.pl\/old2\/wp-json\/wp\/v2\/types\/page"}],"author":[{"embeddable":true,"href":"https:\/\/www.smkopernik.pl\/old2\/wp-json\/wp\/v2\/users\/1"}],"replies":[{"embeddable":true,"href":"https:\/\/www.smkopernik.pl\/old2\/wp-json\/wp\/v2\/comments?post=10662"}],"version-history":[{"count":0,"href":"https:\/\/www.smkopernik.pl\/old2\/wp-json\/wp\/v2\/pages\/10662\/revisions"}],"up":[{"embeddable":true,"href":"https:\/\/www.smkopernik.pl\/old2\/wp-json\/wp\/v2\/pages\/1693"}],"wp:attachment":[{"href":"https:\/\/www.smkopernik.pl\/old2\/wp-json\/wp\/v2\/media?parent=10662"}],"wp:term":[{"taxonomy":"category","embeddable":true,"href":"https:\/\/www.smkopernik.pl\/old2\/wp-json\/wp\/v2\/categories?post=10662"},{"taxonomy":"post_tag","embeddable":true,"href":"https:\/\/www.smkopernik.pl\/old2\/wp-json\/wp\/v2\/tags?post=10662"}],"curies":[{"name":"wp","href":"https:\/\/api.w.org\/{rel}","templated":true}]}}