{"id":10665,"date":"2021-11-23T23:40:10","date_gmt":"2021-11-23T22:40:10","guid":{"rendered":"https:\/\/www.smkopernik.pl\/?page_id=10665"},"modified":"2024-01-29T08:45:16","modified_gmt":"2024-01-29T07:45:16","slug":"sok-kluby_sekcje","status":"publish","type":"page","link":"https:\/\/www.smkopernik.pl\/old2\/dzialalnosc-sok\/sok-kluby_sekcje\/","title":{"rendered":"Kluby i sekcje"},"content":{"rendered":"<div class=\"contener-tytul-strona\">\n<div class=\"tytul-grupowy\">Dzia\u0142alno\u015b\u0107 spo\u0142eczna, o\u015bwiatowa i kulturalna<\/div>\n<div class=\"tytul-strony\">Kluby i Sekcje<\/div>\n<\/div>\n<table width=\"100%\">\n<tbody>\n<tr style=\"vertical-align: top;\">\n<td style=\"text-indent: 10pt; background-color:transparent; width:50%;\">\n<p class=\"par\"><big>Kluby Seniora<\/big><\/p>\n<ul>\n\t<!--\n\n<li class=\"l1\"><a href=\"https:\/\/www.smkopernik.pl\/dzialalnosc-sok\/sok-kluby_sekcje\/sok-klub_kacper\/\">KACPEREK<\/a>--><\/p>\n<li class=\"l1\">KACPEREK\n<ul style=\"margin:0.5em 0 1em 2em;list-style-type: none; color:black;\">\n<li class=\"l2\">ul. Kaliskiego 9<\/li>\n<li class=\"l2\">wtorek &#8211; 16:00 \u00f7 18:00<\/li>\n<\/ul>\n<\/li>\n<p> \t<!--\n\n<li class=\"l1\"><a href=\"-https:\/\/www.smkopernik.pl\/dzialalnosc-sok\/sok-kluby_sekcje\/sok-klub_kopernik\/\">KATARZYNKI<\/a>--><\/p>\n<li class=\"l1\">KATARZYNKI\n<ul style=\"margin:0.5em 0 1em 2em;list-style-type: none; color:black;\">\n<li class=\"l2\">ul. Bema 38A<\/li>\n<li class=\"l2\">czwartek &#8211; 18:00 \u00f7 20:00<\/li>\n<\/ul>\n<\/li>\n<p>\t<!--\n\n<li class=\"l1\"><a href=\"https:\/\/www.smkopernik.pl\/dzialalnosc-sok\/sok-kluby_sekcje\/sok-klub_kopernik\/\">KOPERNIK<\/a>--><\/p>\n<li class=\"l1\">KOPERNIK\n<ul style=\"margin:0.5em 0 1em 2em;list-style-type: none; color:black;\">\n<li class=\"l2\">ul. \u015awi\u0119tope\u0142ka 15-23<\/li>\n<li class=\"l2\">czwartek &#8211; 16:00 \u00f7 18:00<\/li>\n<\/ul>\n<\/li>\n<p>\t<!--\n\n<li class=\"l1\"><a href=\"https:\/\/www.smkopernik.pl\/dzialalnosc-sok\/sok-kluby_sekcje\/sok-klub_zacisze\/\">ZACISZE<\/a>--><\/p>\n<li class=\"l1\">ZACISZE\n<ul style=\"margin:0.5em 0 1em 2em;list-style-type: none; color:black;\">\n<li class=\"l2\">ul. Bema 38A<\/li>\n<li class=\"l2\">czwartek &#8211; 15:30 \u00f7 17:30<\/li>\n<\/ul>\n<\/li>\n<\/ul>\n<\/td>\n<td style=\"text-indent: 10pt; background-color:transparent; width:50%;\">\n<p class=\"par\"><big>Sekcje<\/big><\/p>\n<ul>\n<li class=\"l1\"><a href=\"https:\/\/www.smkopernik.pl\/dzialalnosc-sok\/sok-kluby_sekcje\/sok-akademia_wyobrazni\/\">Akademia Wyobra\u017ani<\/a>\n<ul style=\"margin:0.5em 0 1em 2em;list-style-type: none; color:black;\">\n<li class=\"l2\">ul. \u015awi\u0119tope\u0142ka 15-23<\/li>\n<li class=\"l2\">poniedzia\u0142ek &#8211; 17:00 \u00f7 18:30<\/li>\n<\/ul>\n<\/li>\n<li class=\"l1\"><a href=\"https:\/\/www.smkopernik.pl\/dzialalnosc-sok\/sok-kluby_sekcje\/sok-chor\/\">Ch\u00f3r<\/a>\n<ul style=\"margin:0.5em 0 1em 2em;list-style-type: none; color:black;\">\n<li class=\"l2\">ul. \u015awi\u0119tope\u0142ka 15-23<\/li>\n<li class=\"l2\">\u015broda &#8211; 18:00 \u00f7 20:30<\/li>\n<\/ul>\n<\/li>\n<li class=\"l1\"><a href=\"https:\/\/www.smkopernik.pl\/dzialalnosc-sok\/sok-kluby_sekcje\/sok-rekreacja\/\">Rekreacja<\/a>\n<ul style=\"margin:0.5em 0 1em 2em;list-style-type: none; color:black;\">\n<li class=\"l2\"><a href=\"https:\/\/www.smkopernik.pl\/wp-content\/uploads\/2024\/01\/joga.jpg\" rel=\"noopener\" target=\"_blank\">joga<\/a>: wtorek i pi\u0105tek  16:30 \u00f7 17:30<\/li>\n<li class=\"l2\">biegi<\/li>\n<li class=\"l2\">rowery<\/li>\n<\/ul>\n<\/li>\n<li class=\"l1\"><a href=\"https:\/\/www.smkopernik.pl\/dzialalnosc-sok\/sok-kluby_sekcje\/sok-szachy\/\">Szachy<\/a>\n<ul style=\"margin:0.5em 0 1em 2em;list-style-type: none; color:black;\">\n<li class=\"l2\">ul. Kaliskiego 9<\/li>\n<li class=\"l2\">\u015broda &#8211; 17:00 \u00f7 20:00<\/li>\n<\/ul>\n<\/li>\n<li class=\"l1\"><a href=\"https:\/\/www.smkopernik.pl\/dzialalnosc-sok\/sok-kluby_sekcje\/sok-kolo_wedkarskie\/\">Ko\u0142o W\u0119dkarskie<\/a><\/li>\n<\/ul>\n<\/td>\n<\/tr>\n<\/tbody>\n<\/table>\n","protected":false},"excerpt":{"rendered":"<p>Dzia\u0142alno\u015b\u0107 spo\u0142eczna, o\u015bwiatowa i kulturalna Kluby i Sekcje Kluby Seniora KACPEREK ul. Kaliskiego 9 wtorek &#8211; 16:00 \u00f7 18:00 KATARZYNKI ul. Bema 38A czwartek &#8211;&hellip;<\/p>\n","protected":false},"author":1,"featured_media":0,"parent":1693,"menu_order":3,"comment_status":"closed","ping_status":"closed","template":"","meta":{"footnotes":""},"categories":[],"tags":[226,99,228,222,223,101,102,227,225,30,100,224],"class_list":["post-10665","page","type-page","status-publish","hentry","tag-chor","tag-dzialalnosc","tag-fitness","tag-klub","tag-kolo","tag-kulturalna","tag-oswiatowa","tag-rekreacja","tag-rower","tag-seniorzy","tag-spoleczna","tag-wedkarsie"],"publishpress_future_action":{"enabled":false,"date":"2026-05-24 17:00:15","action":"change-status","newStatus":"draft","terms":[],"taxonomy":"category","extraData":[]},"publishpress_future_workflow_manual_trigger":{"enabledWorkflows":[]},"_links":{"self":[{"href":"https:\/\/www.smkopernik.pl\/old2\/wp-json\/wp\/v2\/pages\/10665","targetHints":{"allow":["GET"]}}],"collection":[{"href":"https:\/\/www.smkopernik.pl\/old2\/wp-json\/wp\/v2\/pages"}],"about":[{"href":"https:\/\/www.smkopernik.pl\/old2\/wp-json\/wp\/v2\/types\/page"}],"author":[{"embeddable":true,"href":"https:\/\/www.smkopernik.pl\/old2\/wp-json\/wp\/v2\/users\/1"}],"replies":[{"embeddable":true,"href":"https:\/\/www.smkopernik.pl\/old2\/wp-json\/wp\/v2\/comments?post=10665"}],"version-history":[{"count":0,"href":"https:\/\/www.smkopernik.pl\/old2\/wp-json\/wp\/v2\/pages\/10665\/revisions"}],"up":[{"embeddable":true,"href":"https:\/\/www.smkopernik.pl\/old2\/wp-json\/wp\/v2\/pages\/1693"}],"wp:attachment":[{"href":"https:\/\/www.smkopernik.pl\/old2\/wp-json\/wp\/v2\/media?parent=10665"}],"wp:term":[{"taxonomy":"category","embeddable":true,"href":"https:\/\/www.smkopernik.pl\/old2\/wp-json\/wp\/v2\/categories?post=10665"},{"taxonomy":"post_tag","embeddable":true,"href":"https:\/\/www.smkopernik.pl\/old2\/wp-json\/wp\/v2\/tags?post=10665"}],"curies":[{"name":"wp","href":"https:\/\/api.w.org\/{rel}","templated":true}]}}