{"id":10679,"date":"2021-11-24T07:28:02","date_gmt":"2021-11-24T06:28:02","guid":{"rendered":"https:\/\/www.smkopernik.pl\/?page_id=10679"},"modified":"2024-02-26T02:56:23","modified_gmt":"2024-02-26T01:56:23","slug":"dokumenty-wz","status":"publish","type":"page","link":"https:\/\/www.smkopernik.pl\/old2\/dokumenty\/decyzje-i-uchwaly\/dokumenty-wz\/","title":{"rendered":"Dokumenty Walnego Zgromadzenia"},"content":{"rendered":"<div class=\"contener-tytul-strona\">\n<div class=\"tytul-grupowy\">Decyzje i uchwa\u0142y Organ\u00f3w Sp\u00f3\u0142dzielni<\/div>\n<div class=\"tytul-strony\">Dokumenty Walnego Zgromadzenia<\/div>\n<\/div>\n<div class=\"prot-page\"><div class=\"su-tabs su-tabs-style-default su-tabs-mobile-stack\" data-active=\"1\" data-scroll-offset=\"0\" data-anchor-in-url=\"no\"><div class=\"su-tabs-nav\"><span class=\" prot-new-title\" data-url=\"\" data-target=\"blank\" tabindex=\"0\" role=\"button\"> \u2014 2023 \u2014 <\/span><span class=\" prot-new-title\" data-url=\"\" data-target=\"blank\" tabindex=\"0\" role=\"button\"> \u2014 2022 \u2014 <\/span><span class=\" prot-new-title\" data-url=\"\" data-target=\"blank\" tabindex=\"0\" role=\"button\"> \u2014 2021 \u2014 <\/span><\/div><div class=\"su-tabs-panes\"><div class=\"su-tabs-pane su-u-clearfix su-u-trim prot-new-title\" data-title=\" \u2014 2023 \u2014 \">\n<div class=\"prot-all-items\"><\/div>\n<p>  <\/div>\n<div class=\"su-tabs-pane su-u-clearfix su-u-trim prot-new-title\" data-title=\" \u2014 2022 \u2014 \">\n<div class=\"prot-all-items\"><\/div>\n<p>  <\/div>\n<div class=\"su-tabs-pane su-u-clearfix su-u-trim prot-new-title\" data-title=\" \u2014 2021 \u2014 \">\n<div class=\"prot-all-items\"><\/div>\n<p>  <\/div><\/div><\/div>\n<\/p><\/div>\n<p><!-- \n\t[termposts name=\"dokumenty-walnego-2023\" class=\"prot-all-items\"] \n\t[termposts name=\"dokumenty-walnego-2022\" class=\"prot-all-items\"] \n\t[termposts name=\"dokumenty-walnego-2021\" class=\"prot-all-items\"] --><\/p>\n","protected":false},"excerpt":{"rendered":"<p>Decyzje i uchwa\u0142y Organ\u00f3w Sp\u00f3\u0142dzielni Dokumenty Walnego Zgromadzenia<\/p>\n","protected":false},"author":1,"featured_media":0,"parent":3151,"menu_order":2,"comment_status":"closed","ping_status":"closed","template":"","meta":{"footnotes":""},"categories":[],"tags":[94,92,234,95,233],"class_list":["post-10679","page","type-page","status-publish","hentry","tag-decyzje","tag-dokumenty","tag-uchwala","tag-uchwaly","tag-walnew-zgromadzenie"],"publishpress_future_action":{"enabled":false,"date":"2026-05-24 16:59:55","action":"change-status","newStatus":"draft","terms":[],"taxonomy":"category","extraData":[]},"publishpress_future_workflow_manual_trigger":{"enabledWorkflows":[]},"_links":{"self":[{"href":"https:\/\/www.smkopernik.pl\/old2\/wp-json\/wp\/v2\/pages\/10679","targetHints":{"allow":["GET"]}}],"collection":[{"href":"https:\/\/www.smkopernik.pl\/old2\/wp-json\/wp\/v2\/pages"}],"about":[{"href":"https:\/\/www.smkopernik.pl\/old2\/wp-json\/wp\/v2\/types\/page"}],"author":[{"embeddable":true,"href":"https:\/\/www.smkopernik.pl\/old2\/wp-json\/wp\/v2\/users\/1"}],"replies":[{"embeddable":true,"href":"https:\/\/www.smkopernik.pl\/old2\/wp-json\/wp\/v2\/comments?post=10679"}],"version-history":[{"count":0,"href":"https:\/\/www.smkopernik.pl\/old2\/wp-json\/wp\/v2\/pages\/10679\/revisions"}],"up":[{"embeddable":true,"href":"https:\/\/www.smkopernik.pl\/old2\/wp-json\/wp\/v2\/pages\/3151"}],"wp:attachment":[{"href":"https:\/\/www.smkopernik.pl\/old2\/wp-json\/wp\/v2\/media?parent=10679"}],"wp:term":[{"taxonomy":"category","embeddable":true,"href":"https:\/\/www.smkopernik.pl\/old2\/wp-json\/wp\/v2\/categories?post=10679"},{"taxonomy":"post_tag","embeddable":true,"href":"https:\/\/www.smkopernik.pl\/old2\/wp-json\/wp\/v2\/tags?post=10679"}],"curies":[{"name":"wp","href":"https:\/\/api.w.org\/{rel}","templated":true}]}}