{"id":10863,"date":"2021-11-28T04:07:51","date_gmt":"2021-11-28T03:07:51","guid":{"rendered":"https:\/\/www.smkopernik.pl\/?page_id=10863"},"modified":"2021-11-28T04:07:51","modified_gmt":"2021-11-28T03:07:51","slug":"pogotowie-techniczne","status":"publish","type":"page","link":"https:\/\/www.smkopernik.pl\/old2\/kontakt\/pogotowie-techniczne\/","title":{"rendered":"Pogotowie Techniczne"},"content":{"rendered":"<div class=\"contener-tytul\">\n<div class=\"tytul-strony\">Pogotowie Techniczne<\/div>\n<\/div>\n<div class=\"pogotowie\">\n<p class=\"pogot\"><span style=\"color: #e00330;\"><b>Pogotowie Techniczne dla mieszka\u0144c\u00f3w SM KOPERNIK<\/b><\/span><br \/>\nczynne:<\/p>\n<table class=\"pogot\">\n<tbody>\n<tr>\n<td>\u2014<\/td>\n<td>w dni powszednie:<\/td>\n<td>14:00 \u2013 22:00<\/td>\n<\/tr>\n<tr>\n<td>\u2014<\/td>\n<td>soboty, niedziele i&nbsp;\u015bwi\u0119ta:<\/td>\n<td>10:00 \u2013 22:00<\/td>\n<\/tr>\n<\/tbody>\n<\/table>\n<p class=\"pogot\">zajmuje si\u0119 usuwaniem awarii: elektrycznych, domofon\u00f3w, instalacji wodno-kanalizacyjnej, centralnego ogrzewania oraz gazowej, a&nbsp;zg\u0142oszenia przyjmuje pod numerem telefonu <span style=\"color: #1953d0;\"><b>564636000<\/b><\/span> lub <span style=\"color: #1953d0;\"><b>780287886<\/b><\/span>.<br \/>\nW godzinach nocnych od 22:00 do 7:00 telefon jest przekierowywany do dy\u017curuj\u0105cego pracownika technicznego firmy <!--SerwisTech24 Sp. z&nbsp;o.o. -->obs\u0142uguj\u0105cej Pogotowie Techniczne.<\/p>\n<p>&nbsp;<\/p>\n<p class=\"pogot\"><span style=\"color: #e00330;\"><b>Pogotowie Techniczne D\u017awig\u00f3w<\/b><\/span><br \/>\nczynne ca\u0142odobowo przyjmuje zg\u0142oszenia o&nbsp;awariach d\u017awig\u00f3w osobowych pod numerami telefon\u00f3w tel. <span style=\"color: #1953d0;\"><b>566230728<\/b><\/span> lub <span style=\"color: #1953d0;\"><b>19282<\/b><\/span>.<\/p>\n<p><r \/>&nbsp;<\/p>\n<p class=\"pogot\"><span style=\"color: #e00330;\"><b>TVK Toru\u0144<\/b><\/span><br \/>\nzg\u0142aszanie awarii, za\u0142atwianie formalno\u015bci zwi\u0105zanych z&nbsp;us\u0142ugami \u015bwiadczonymi przez TVK Toru\u0144 \u2013 czynne:<\/p>\n<table class=\"pogot\">\n<tbody>\n<tr>\n<td>\u2014<\/td>\n<td>Centrum Telefoniczne Abonenta TVK Toru\u0144<\/td>\n<td><\/td>\n<\/tr>\n<tr>\n<td><\/td>\n<td style=\"padding-left: 45pt;\">codziennie (opr\u00f3cz \u015bwi\u0105t) w&nbsp;godzinach:<\/td>\n<td>  8:00 \u2013 21:00<\/td>\n<\/tr>\n<tr>\n<td><\/td>\n<td style=\"padding-left: 45pt;\">telefon: <span style=\"color: #1953d0;\"><b>566496666<\/b><\/span><\/td>\n<td><\/td>\n<\/tr>\n<tr>\n<td>\u2014<\/td>\n<td>Biuro Obs\u0142ugi Abonenta \u2013 ul. G\u0142owackiego 2<\/td>\n<td><\/td>\n<\/tr>\n<tr>\n<td><\/td>\n<td style=\"padding-left: 45pt;\">poniedzia\u0142ek, wtorek, czwartek, pi\u0105tek:<\/td>\n<td>  8:00 \u2013 17:00<\/td>\n<\/tr>\n<tr>\n<td><\/td>\n<td style=\"padding-left: 45pt;\">\u015broda:<\/td>\n<td>  9:00 \u2013 17:00<\/td>\n<\/tr>\n<\/tbody>\n<\/table>\n<p class=\"pogot\">Szczeg\u00f3\u0142owe informacje na stronie operatora TVK: <a href=\"http:\/\/www.tvk.torun.pl\" rel=\"noopener\" target=\"_blank\"><strong>www.tvk.torun.pl<\/strong><\/a>.<\/p>\n<p>&nbsp;<\/p>\n<p class=\"pogot\"><span style=\"color: #e00330;\"><strong>Stra\u017c Miejska w&nbsp;Toruniu<\/strong><\/span><\/p>\n<table class=\"pogot\">\n<tbody>\n<tr>\n<td>\u2014<\/td>\n<td>siedziba:<\/td>\n<td><\/td>\n<td>Toru\u0144, ul. Grudzi\u0105dzka 157<\/td>\n<\/tr>\n<tr>\n<td>\u2014<\/td>\n<td>SMS interwencyjny:<\/td>\n<td><\/td>\n<td>608668986<\/td>\n<\/tr>\n<tr>\n<td>\u2014<\/td>\n<td>Dy\u017curny Stra\u017cy:<\/td>\n<td><\/td>\n<td>986 lub 566119326<\/td>\n<\/tr>\n<tr>\n<td>\u2014<\/td>\n<td>Sekretriat Komendy:<\/td>\n<td><\/td>\n<td>tel. 566574212   fax 566574200<\/td>\n<\/tr>\n<\/tbody>\n<\/table>\n<p>&nbsp;<\/p>\n<p class=\"pogot\"><span style=\"color: #e00330;\"><strong>Komisariat Policji Toru\u0144 &#8211; \u015ar\u00f3dmie\u015bcie<\/strong><\/span><br \/>\nprzyjmuje zg\u0142oszenia pod numerem tel. <span style=\"color: #1953d0;\"><b>566372430<\/b><\/span> lub <span style=\"color: #1953d0;\"><b>566372367<\/b><\/span>.<\/p>\n<p>&nbsp;<br \/>\n<span style=\"color: #000ff0;\"><strong>TELEFONY ALARMOWE:<\/strong><\/span><\/p>\n<table class=\"pogot\">\n<tbody>\n<tr>\n<td>POGOTOWIE RATUNKOWE<\/td>\n<td align=\"center\" width=\"30\">&#8211;<\/td>\n<td>999<\/td>\n<\/tr>\n<tr>\n<td>STRA\u017b PO\u017bARNA<\/td>\n<td align=\"center\" width=\"30\">&#8211;<\/td>\n<td>998<\/td>\n<\/tr>\n<tr>\n<td>POLICJA<\/td>\n<td align=\"center\" width=\"30\">&#8211;<\/td>\n<td>997<\/td>\n<\/tr>\n<tr>\n<td>POGOTOWIE WODOCI\u0104GOWO-KANALIZACYJNE<\/td>\n<td align=\"center\" width=\"30\">&#8211;<\/td>\n<td>994<\/td>\n<\/tr>\n<tr>\n<td>POGOTOWIE CIEP\u0141OWNICZE<\/td>\n<td align=\"center\" width=\"30\">&#8211;<\/td>\n<td>993<\/td>\n<\/tr>\n<tr>\n<td>POGOTOWIE GAZOWE<\/td>\n<td align=\"center\" width=\"30\">&#8211;<\/td>\n<td>992<\/td>\n<\/tr>\n<tr>\n<td>POGOTOWIE ENERGETYCZNE<\/td>\n<td align=\"center\" width=\"30\">&#8211;<\/td>\n<td>991<\/td>\n<\/tr>\n<tr>\n<td>STRA\u017b MIEJSKA<\/td>\n<td align=\"center\" width=\"30\">&#8211;<\/td>\n<td>986 lub 566225877<\/td>\n<\/tr>\n<tr>\n<td>POGOTOWIE D\u0179WIGOWE<\/td>\n<td align=\"center\" width=\"30\">&#8211;<\/td>\n<td>982<\/td>\n<\/tr>\n<\/tbody>\n<\/table>\n<\/div>\n","protected":false},"excerpt":{"rendered":"<p>Pogotowie Techniczne Pogotowie Techniczne dla mieszka\u0144c\u00f3w SM KOPERNIK czynne: \u2014 w dni powszednie: 14:00 \u2013 22:00 \u2014 soboty, niedziele i&nbsp;\u015bwi\u0119ta: 10:00 \u2013 22:00 zajmuje si\u0119&hellip;<\/p>\n","protected":false},"author":1,"featured_media":0,"parent":10475,"menu_order":2,"comment_status":"closed","ping_status":"closed","template":"","meta":{"footnotes":""},"categories":[],"tags":[132,124,133],"class_list":["post-10863","page","type-page","status-publish","hentry","tag-pogotowie","tag-spoldzielnia","tag-techniczne"],"publishpress_future_action":{"enabled":false,"date":"2026-05-24 16:59:53","action":"change-status","newStatus":"draft","terms":[],"taxonomy":"category","extraData":[]},"publishpress_future_workflow_manual_trigger":{"enabledWorkflows":[]},"_links":{"self":[{"href":"https:\/\/www.smkopernik.pl\/old2\/wp-json\/wp\/v2\/pages\/10863","targetHints":{"allow":["GET"]}}],"collection":[{"href":"https:\/\/www.smkopernik.pl\/old2\/wp-json\/wp\/v2\/pages"}],"about":[{"href":"https:\/\/www.smkopernik.pl\/old2\/wp-json\/wp\/v2\/types\/page"}],"author":[{"embeddable":true,"href":"https:\/\/www.smkopernik.pl\/old2\/wp-json\/wp\/v2\/users\/1"}],"replies":[{"embeddable":true,"href":"https:\/\/www.smkopernik.pl\/old2\/wp-json\/wp\/v2\/comments?post=10863"}],"version-history":[{"count":0,"href":"https:\/\/www.smkopernik.pl\/old2\/wp-json\/wp\/v2\/pages\/10863\/revisions"}],"up":[{"embeddable":true,"href":"https:\/\/www.smkopernik.pl\/old2\/wp-json\/wp\/v2\/pages\/10475"}],"wp:attachment":[{"href":"https:\/\/www.smkopernik.pl\/old2\/wp-json\/wp\/v2\/media?parent=10863"}],"wp:term":[{"taxonomy":"category","embeddable":true,"href":"https:\/\/www.smkopernik.pl\/old2\/wp-json\/wp\/v2\/categories?post=10863"},{"taxonomy":"post_tag","embeddable":true,"href":"https:\/\/www.smkopernik.pl\/old2\/wp-json\/wp\/v2\/tags?post=10863"}],"curies":[{"name":"wp","href":"https:\/\/api.w.org\/{rel}","templated":true}]}}