{"id":15929,"date":"2022-08-13T12:47:31","date_gmt":"2022-08-13T10:47:31","guid":{"rendered":"https:\/\/www.smkopernik.pl\/?page_id=15929"},"modified":"2023-11-06T01:52:13","modified_gmt":"2023-11-06T00:52:13","slug":"najem-powierzchni_reklamowych","status":"publish","type":"page","link":"https:\/\/www.smkopernik.pl\/old2\/blog\/do-wynajecia\/najem-powierzchni_reklamowych\/","title":{"rendered":"Najem powierzchni reklamowych"},"content":{"rendered":"<div class=\"contener-tytul-strona\">\n<div class=\"tytul-grupowy\">Do wynaj\u0119cia<\/div>\n<div class=\"tytul-strony\">Powierzchnie reklamowe<\/div>\n<\/div>\n<p class=\"par\">Sp\u00f3\u0142dzielnia Mieszkaniowa KOPERNIK og\u0142asza nab\u00f3r ofert na najem powierzchni reklamowych.<\/p>\n<div class=\"pow-rekl\">\n<div class=\"lista-pow-rekl-t\"><\/div>\n<div class=\"lista-pow-rekl-s\"><\/div>\n<div class=\"lista-pow-rekl-d\"><\/div>\n<\/div>\n<p><\/p>\n<div class=\"powierzchnie-reklamowe-stopka\"><div class=\"lok-uzyt-stopa\">\n<p>Oferty w&nbsp;zamkni\u0119tych kopertach na przygotowanych przez Sp\u00f3\u0142dzielni\u0119 specjalnych <a title=\"Formularz do pobrania - plik PDF\" href=\"https:\/\/www.smkopernik.pl\/wp-content\/uploads\/2022\/08\/form-rekl.pdf\" target=\"_blank\" rel=\"noopener\"><b>drukach<\/b><\/a> (dost\u0119pne r\u00f3wnie\u017c w&nbsp;pokoju 16 w&nbsp;Administracji Og\u00f3lnej przy ul. Matejki 94\/96) prosimy sk\u0142ada\u0107 w&nbsp;Sekretariacie Sp\u00f3\u0142dzielni.<\/p>\n<p>Informacje szczeg\u00f3\u0142owe o&nbsp;powierzchniach  reklamowych wymienionych w&nbsp;ofercie najmu mo\u017cna uzyska\u0107 telefonicznie:<br \/>\n<strong>56-612-06-26<\/strong>  oraz  <strong>56-612-06-14<\/strong>.<\/p>\n<p>Sp\u00f3\u0142dzielnia zastrzega sobie prawo swobodnego wyboru ofert i&nbsp;uniewa\u017cnienia naboru bez podania przyczyny.<\/p>\n<\/div>\n<\/div>\n","protected":false},"excerpt":{"rendered":"<p>Do wynaj\u0119cia Powierzchnie reklamowe Sp\u00f3\u0142dzielnia Mieszkaniowa KOPERNIK og\u0142asza nab\u00f3r ofert na najem powierzchni reklamowych.<\/p>\n","protected":false},"author":1,"featured_media":0,"parent":10340,"menu_order":2,"comment_status":"closed","ping_status":"closed","template":"","meta":{"footnotes":""},"categories":[],"tags":[113,108,308],"class_list":["post-15929","page","type-page","status-publish","hentry","tag-najem","tag-oferty","tag-powierzchnia-reklamowa"],"publishpress_future_action":{"enabled":false,"date":"2026-05-24 16:59:55","action":"change-status","newStatus":"draft","terms":[],"taxonomy":"category","extraData":[]},"publishpress_future_workflow_manual_trigger":{"enabledWorkflows":[]},"_links":{"self":[{"href":"https:\/\/www.smkopernik.pl\/old2\/wp-json\/wp\/v2\/pages\/15929","targetHints":{"allow":["GET"]}}],"collection":[{"href":"https:\/\/www.smkopernik.pl\/old2\/wp-json\/wp\/v2\/pages"}],"about":[{"href":"https:\/\/www.smkopernik.pl\/old2\/wp-json\/wp\/v2\/types\/page"}],"author":[{"embeddable":true,"href":"https:\/\/www.smkopernik.pl\/old2\/wp-json\/wp\/v2\/users\/1"}],"replies":[{"embeddable":true,"href":"https:\/\/www.smkopernik.pl\/old2\/wp-json\/wp\/v2\/comments?post=15929"}],"version-history":[{"count":0,"href":"https:\/\/www.smkopernik.pl\/old2\/wp-json\/wp\/v2\/pages\/15929\/revisions"}],"up":[{"embeddable":true,"href":"https:\/\/www.smkopernik.pl\/old2\/wp-json\/wp\/v2\/pages\/10340"}],"wp:attachment":[{"href":"https:\/\/www.smkopernik.pl\/old2\/wp-json\/wp\/v2\/media?parent=15929"}],"wp:term":[{"taxonomy":"category","embeddable":true,"href":"https:\/\/www.smkopernik.pl\/old2\/wp-json\/wp\/v2\/categories?post=15929"},{"taxonomy":"post_tag","embeddable":true,"href":"https:\/\/www.smkopernik.pl\/old2\/wp-json\/wp\/v2\/tags?post=15929"}],"curies":[{"name":"wp","href":"https:\/\/api.w.org\/{rel}","templated":true}]}}