{"id":16526,"date":"2022-08-18T01:15:47","date_gmt":"2022-08-17T23:15:47","guid":{"rendered":"https:\/\/www.smkopernik.pl\/?page_id=16526"},"modified":"2022-08-18T11:50:13","modified_gmt":"2022-08-18T09:50:13","slug":"reklama-sciana-kosciuszki36","status":"publish","type":"page","link":"https:\/\/www.smkopernik.pl\/old2\/blog\/do-wynajecia\/najem-powierzchni_reklamowych\/reklama-sciana-kosciuszki36\/","title":{"rendered":"Reklama &#8211; \u015bciana &#8211; Ko\u015bciuszki 36"},"content":{"rendered":"<div class=\"contener-tytul-strona\">\n<div class=\"tytul-grupowy\">Do wynaj\u0119cia<\/div>\n<div class=\"tytul-strony\">Powierzchnia reklamowa<\/div>\n<\/div>\n<div class=\"pow-rekl\">\n<p class=\"par\">Sp\u00f3\u0142dzielnia Mieszkaniowa KOPERNIK og\u0142asza nab\u00f3r ofert na najem powierzchni reklamowej<br \/>na <strong>\u015bcianie<\/strong> budynku przy ul. <strong>Ko\u015bciuszki 36<\/strong>.<\/p>\n<div class=\"reklama-foto\"><img decoding=\"async\" src=\"https:\/\/www.smkopernik.pl\/wp-content\/uploads\/2022\/08\/rekl-sciana-kosciuszki36.jpg\" \/><\/div>\n<div class=\"reklama-include\">\n\t\t<div class=\"lok-uzyt-stopa\">\n<p>Oferty w&nbsp;zamkni\u0119tych kopertach na przygotowanych przez Sp\u00f3\u0142dzielni\u0119 specjalnych <a title=\"Formularz do pobrania - plik PDF\" href=\"https:\/\/www.smkopernik.pl\/wp-content\/uploads\/2022\/08\/form-rekl.pdf\" target=\"_blank\" rel=\"noopener\"><b>drukach<\/b><\/a> (dost\u0119pne r\u00f3wnie\u017c w&nbsp;pokoju 16 w&nbsp;Administracji Og\u00f3lnej przy ul. Matejki 94\/96) prosimy sk\u0142ada\u0107 w&nbsp;Sekretariacie Sp\u00f3\u0142dzielni.<\/p>\n<p>Informacje szczeg\u00f3\u0142owe o&nbsp;powierzchniach  reklamowych wymienionych w&nbsp;ofercie najmu mo\u017cna uzyska\u0107 telefonicznie:<br \/>\n<strong>56-612-06-26<\/strong>  oraz  <strong>56-612-06-14<\/strong>.<\/p>\n<p>Sp\u00f3\u0142dzielnia zastrzega sobie prawo swobodnego wyboru ofert i&nbsp;uniewa\u017cnienia naboru bez podania przyczyny.<\/p>\n<\/div>\n\n\t<\/div>\n<p class=\"par\"><a href=\"https:\/\/www.smkopernik.pl\/blog\/do-wynajecia\/najem-powierzchni_reklamowych\/\">Powr\u00f3t do listy oferowanych powierzchni reklamowych<\/a><\/p>\n<\/div>\n","protected":false},"excerpt":{"rendered":"<p>Ko\u015bciuszki 36<\/p>\n","protected":false},"author":1,"featured_media":0,"parent":15929,"menu_order":9,"comment_status":"closed","ping_status":"closed","template":"","meta":{"footnotes":""},"categories":[],"tags":[307],"class_list":["post-16526","page","type-page","status-publish","hentry","tag-reklama-sciana"],"publishpress_future_action":{"enabled":false,"date":"2026-05-24 20:30:04","action":"change-status","newStatus":"draft","terms":[],"taxonomy":"category","extraData":[]},"publishpress_future_workflow_manual_trigger":{"enabledWorkflows":[]},"_links":{"self":[{"href":"https:\/\/www.smkopernik.pl\/old2\/wp-json\/wp\/v2\/pages\/16526","targetHints":{"allow":["GET"]}}],"collection":[{"href":"https:\/\/www.smkopernik.pl\/old2\/wp-json\/wp\/v2\/pages"}],"about":[{"href":"https:\/\/www.smkopernik.pl\/old2\/wp-json\/wp\/v2\/types\/page"}],"author":[{"embeddable":true,"href":"https:\/\/www.smkopernik.pl\/old2\/wp-json\/wp\/v2\/users\/1"}],"replies":[{"embeddable":true,"href":"https:\/\/www.smkopernik.pl\/old2\/wp-json\/wp\/v2\/comments?post=16526"}],"version-history":[{"count":0,"href":"https:\/\/www.smkopernik.pl\/old2\/wp-json\/wp\/v2\/pages\/16526\/revisions"}],"up":[{"embeddable":true,"href":"https:\/\/www.smkopernik.pl\/old2\/wp-json\/wp\/v2\/pages\/15929"}],"wp:attachment":[{"href":"https:\/\/www.smkopernik.pl\/old2\/wp-json\/wp\/v2\/media?parent=16526"}],"wp:term":[{"taxonomy":"category","embeddable":true,"href":"https:\/\/www.smkopernik.pl\/old2\/wp-json\/wp\/v2\/categories?post=16526"},{"taxonomy":"post_tag","embeddable":true,"href":"https:\/\/www.smkopernik.pl\/old2\/wp-json\/wp\/v2\/tags?post=16526"}],"curies":[{"name":"wp","href":"https:\/\/api.w.org\/{rel}","templated":true}]}}