{"id":18226,"date":"2022-12-26T04:39:46","date_gmt":"2022-12-26T03:39:46","guid":{"rendered":"https:\/\/www.smkopernik.pl\/home-2\/mapa-witryny\/"},"modified":"2023-04-19T18:22:04","modified_gmt":"2023-04-19T16:22:04","slug":"mapa-witryny","status":"publish","type":"page","link":"https:\/\/www.smkopernik.pl\/old2\/strona-glowna\/mapa-witryny\/","title":{"rendered":"Mapa witryny"},"content":{"rendered":"<div class=\"contener-tytul-strona\">\n<div class=\"tytul-strony\">Mapa witryny<\/div>\n<\/div>\n<div class=\"mapa\">\n<div class=\"mapa-head\">\n\t\twww.smkopernik.pl<br \/>\n\t\t&nbsp;\n\t<\/div>\n<div class=\"mapa-body\">\n<div class=\"mapa-body-td1\"><a href=\"https:\/\/www.smkopernik.pl\/\">Strona G\u0142\u00f3wna<\/a><\/p>\n<ul class=\"mapa-u1\">\n<li class=\"mapa-l1\"><a href=\"https:\/\/www.smkopernik.pl\/strona-glowna\/mapa-witryny\/\">Mapa strony<\/a><\/li>\n<li class=\"mapa-l1\"><a href=\"https:\/\/www.smkopernik.pl\/strona-glowna\/ochrona-danych-osobowych\/\">Ochrona danych osobowych<\/a><\/li>\n<li class=\"mapa-l1\"><a href=\"https:\/\/www.smkopernik.pl\/strona-glowna\/dotacje-ue\/\">Dotacje UE<\/a><\/li>\n<li class=\"mapa-l1\"><a href=\"https:\/\/www.smkopernik.pl\/old\/aktualnosci\/akt-start\/aktual.php\">Poprzednia wersja strony<\/a><\/li>\n<\/ul><\/div>\n<div class=\"mapa-body-td1\"><a href=\"https:\/\/www.smkopernik.pl\/blog\/\">Aktualno\u015bci<\/a><\/p>\n<ul class=\"mapa-u1\">\n<li class=\"mapa-l1\"><a href=\"https:\/\/www.smkopernik.pl\/blog\/stawki-oplat\/\">Stawki op\u0142at<\/a><\/li>\n<li class=\"mapa-l1\"><a href=\"https:\/\/www.smkopernik.pl\/blog\/plan-remontow\/\">Plan remont\u00f3w<\/a><\/li>\n<li class=\"mapa-l1\"><a href=\"https:\/\/www.smkopernik.pl\/blog\/harmonogramy-odczytow\/\">Harmonogramy odczyt\u00f3w<\/a><\/li>\n<li class=\"mapa-l1\"><a href=\"#\">Oferty wynajmu<\/a>\n<ul class=\"mapa-u2\">\n<li class=\"mapa-l2\"><a href=\"https:\/\/www.smkopernik.pl\/blog\/do-wynajecia\/najem-lokali-uzytkowych-2\/\">Lokale u\u017cytkowe<\/a><\/li>\n<li class=\"mapa-l2\"><a href=\"https:\/\/www.smkopernik.pl\/blog\/do-wynajecia\/najem-sali-konferencyjnej\/\">Sala konferencyjna<\/a><\/li>\n<li class=\"mapa-l2\"><a href=\"https:\/\/www.smkopernik.pl\/blog\/do-wynajecia\/najem-powierzchni_reklamowych\/\">Powierzchnie reklamowe<\/a><\/li>\n<\/ul>\n<\/li>\n<li class=\"mapa-l1\"><a href=\"https:\/\/www.smkopernik.pl\/blog\/oferty-przetargi\/\">Oferty \u2013 przetargi<\/a><\/li>\n<li class=\"mapa-l1\"><a href=\"https:\/\/www.smkopernik.pl\/blog\/filmy\/\">Filmy \u2014 z \u017cycia Sp\u00f3\u0142dzielni<\/a><\/li>\n<\/ul><\/div>\n<div class=\"mapa-body-td1\"><a href=\"https:\/\/www.smkopernik.pl\/dzialalnosc-sok\/\">Dzia\u0142alno\u015b\u0107 s-o-k<\/a><\/p>\n<ul class=\"mapa-u1\">\n<li class=\"mapa-l1\"><a href=\"https:\/\/www.smkopernik.pl\/dzialalnosc-sok\/sok-impresariat\/\">Impresariat artystyczny<\/a><\/li>\n<li class=\"mapa-l1\"><a href=\"https:\/\/www.smkopernik.pl\/dzialalnosc-sok\/sok-imprezy_konkursy_wydarzeina\/\">Imprezy, konkursy, wydarzenia<\/a><\/li>\n<li class=\"mapa-l1\"><a href=\"https:\/\/www.smkopernik.pl\/dzialalnosc-sok\/sok-wycieczki_wystawy\/\">Wycieczki i wystawy<\/a><\/li>\n<li class=\"mapa-l1\"><a href=\"https:\/\/www.smkopernik.pl\/dzialalnosc-sok\/sok-kluby_sekcje\/\">Kluby i sekcje<\/a><\/li>\n<\/ul><\/div>\n<div class=\"mapa-body-td1\"><a href=\"https:\/\/www.smkopernik.pl\/spoldzielnia\/\">Sp\u00f3\u0142dzielnia<\/a><\/p>\n<ul class=\"mapa-u1\">\n<li class=\"mapa-l1\"><a href=\"https:\/\/www.smkopernik.pl\/spoldzielnia\/wazne-informacje\/\">Wa\u017cne informacje<\/a>\n<ul class=\"mapa-u2\">\n<li class=\"mapa-l2\"><a href=\"https:\/\/www.smkopernik.pl\/spoldzielnia\/wazne-informacje\/biura-spoldzielni\/\">Biura Sp\u00f3\u0142dzielni<\/a><\/li>\n<li class=\"mapa-l2\"><a href=\"https:\/\/www.smkopernik.pl\/spoldzielnia\/wazne-informacje\/telefony\/\">Telefony<\/a><\/li>\n<li class=\"mapa-l2\"><a href=\"https:\/\/www.smkopernik.pl\/spoldzielnia\/wazne-informacje\/pogotowie-techniczne\/\">Pogotowie Techniczne<\/a><\/li>\n<li class=\"mapa-l2\"><a href=\"https:\/\/www.smkopernik.pl\/spoldzielnia\/wazne-informacje\/konta-bankowe\/\">Konta bankowe<\/a><\/li>\n<li class=\"mapa-l2\"><a href=\"https:\/\/www.smkopernik.pl\/spoldzielnia\/wazne-informacje\/kasa\/\">Kasa<\/a><\/li>\n<\/ul>\n<\/li>\n<li class=\"mapa-l1\"><a href=\"https:\/\/www.smkopernik.pl\/spoldzielnia\/organy-spoldzielni\/\">Organy Sp\u00f3\u0142dzielni<\/a>\n<ul class=\"mapa-u2\">\n<li class=\"mapa-l2\"><a href=\"https:\/\/www.smkopernik.pl\/spoldzielnia\/organy-spoldzielni\/walne-zgromadzenie\/\">Walne Zgromadzenie<\/a><\/li>\n<li class=\"mapa-l2\"><a href=\"https:\/\/www.smkopernik.pl\/spoldzielnia\/organy-spoldzielni\/rada-nadzorcza\/\">Rada Nadzorcza<\/a><\/li>\n<li class=\"mapa-l2\"><a href=\"https:\/\/www.smkopernik.pl\/spoldzielnia\/organy-spoldzielni\/zarzad\/\">Zarz\u0105d<\/a><\/li>\n<\/ul>\n<\/li>\n<li class=\"mapa-l1\"><a href=\"https:\/\/www.smkopernik.pl\/spoldzielnia\/struktura-organizacyjna\/\">Struktura organizacyjna<\/a>\n<ul class=\"mapa-u2\">\n<li class=\"mapa-l2\"><a href=\"https:\/\/www.smkopernik.pl\/spoldzielnia\/struktura-organizacyjna\/dzial-cz\/\">Dzia\u0142 Spraw Cz\u0142onkowskich<\/a><\/li>\n<li class=\"mapa-l2\"><a href=\"https:\/\/www.smkopernik.pl\/spoldzielnia\/struktura-organizacyjna\/dzial-rp\/\">Dzia\u0142 Prawny<\/a><\/li>\n<li class=\"mapa-l2\"><a href=\"https:\/\/www.smkopernik.pl\/spoldzielnia\/struktura-organizacyjna\/dzial-gl\/\">Dzia\u0142 Analiz Ekonomicznych i&nbsp;Gospodarki Lokalami<\/a><\/li>\n<li class=\"mapa-l2\"><a href=\"https:\/\/www.smkopernik.pl\/spoldzielnia\/struktura-organizacyjna\/dzial-tt\/\">Dzia\u0142 Techniczno-Inwestycyjny<\/a><\/li>\n<li class=\"mapa-l2\"><a href=\"https:\/\/www.smkopernik.pl\/spoldzielnia\/struktura-organizacyjna\/dzial-fk\/\">Dzia\u0142 Finansowo-Ksi\u0119gowy<\/a><\/li>\n<li class=\"mapa-l2\"><a href=\"https:\/\/www.smkopernik.pl\/spoldzielnia\/struktura-organizacyjna\/dzial-or\/\">Dzia\u0142 Organizacyjny<\/a><\/li>\n<li class=\"mapa-l2\"><a href=\"https:\/\/www.smkopernik.pl\/spoldzielnia\/struktura-organizacyjna\/administracja-aw\/\">Administracja Osiedla WSCH\u00d3D<\/a><\/li>\n<li class=\"mapa-l2\"><a href=\"https:\/\/www.smkopernik.pl\/spoldzielnia\/struktura-organizacyjna\/administracja-ty\/\">Administracja Osiedla TYSI\u0104CLECIA<\/a><\/li>\n<li class=\"mapa-l2\"><a href=\"https:\/\/www.smkopernik.pl\/spoldzielnia\/struktura-organizacyjna\/administracja-za\/\">Administracja Osiedla ZACH\u00d3D<\/a><\/li>\n<li class=\"mapa-l2\"><a href=\"https:\/\/www.smkopernik.pl\/spoldzielnia\/struktura-organizacyjna\/stadion\/\">O\u015brodek Sportowy<\/a><\/li>\n<\/ul>\n<\/li>\n<\/ul><\/div>\n<div class=\"mapa-body-td1\"><a href=\"https:\/\/www.smkopernik.pl\/dokumenty\/\">Dokumenty<\/a><\/p>\n<ul class=\"mapa-u1\">\n<li class=\"mapa-l1\"><a href=\"https:\/\/www.smkopernik.pl\/dokumenty\/akty-prawne\/\">Akty prawne<\/a><\/li>\n<li class=\"mapa-l1\"><a href=\"https:\/\/www.smkopernik.pl\/dokumenty\/regulaminy\/\">Regulaminy<\/a>\n<ul class=\"mapa-u2\">\n<li class=\"mapa-l2\"><a href=\"https:\/\/www.smkopernik.pl\/dokumenty\/regulaminy\/regulaminy-uzytkowanie_lokali\/\">Zasady u\u017cytkowania lokali<\/a><\/li>\n<li class=\"mapa-l2\"><a href=\"https:\/\/www.smkopernik.pl\/dokumenty\/regulaminy\/regulaminy-rozliczanie_kosztow\/\">Rozliczanie koszt\u00f3w<\/a><\/li>\n<li class=\"mapa-l2\"><a href=\"https:\/\/www.smkopernik.pl\/dokumenty\/regulaminy\/regulaminy-obrot_lokalami\/\">Obr\u00f3t lokalami<\/a><\/li>\n<li class=\"mapa-l2\"><a href=\"https:\/\/www.smkopernik.pl\/dokumenty\/regulaminy\/regulaminy-funkcjonowanie_administracji\/\">Funkcjonowanie administracji<\/a><\/li>\n<li class=\"mapa-l2\"><a href=\"https:\/\/www.smkopernik.pl\/dokumenty\/regulaminy\/regulaminy-bezpieczenstwo\/\">Bezpiecze\u0144stwo<\/a><\/li>\n<li class=\"mapa-l2\"><a href=\"https:\/\/www.smkopernik.pl\/dokumenty\/regulaminy\/regulaminy-dzialalnosc_kulturalna\/\">Dzia\u0142alno\u015b\u0107 spo\u0142eczna, o\u015bwiatowa i kulturalna<\/a><\/li>\n<\/ul>\n<\/li>\n<li class=\"mapa-l1\"><a href=\"https:\/\/www.smkopernik.pl\/dokumenty\/decyzje-i-uchwaly\/\">Decyzje i uchwa\u0142y<\/a>\n<ul class=\"mapa-u2\">\n<li class=\"mapa-l2\"><a href=\"https:\/\/www.smkopernik.pl\/dokumenty\/decyzje-i-uchwaly\/protokoly-zarzad\/\">Protoko\u0142y z posiedze\u0144 Zarz\u0105du<\/a><\/li>\n<li class=\"mapa-l2\"><a href=\"https:\/\/www.smkopernik.pl\/dokumenty\/decyzje-i-uchwaly\/protokoly-rn\/\">Protoko\u0142y z posiedze\u0144 Rady Nadzorczej<\/a><\/li>\n<li class=\"mapa-l2\"><a href=\"https:\/\/www.smkopernik.pl\/dokumenty\/decyzje-i-uchwaly\/dokumenty-wz\/\">Dokumenty Walnego Zgromadzenia<\/a><\/li>\n<\/ul>\n<\/li>\n<li class=\"mapa-l1\"><a href=\"https:\/\/www.smkopernik.pl\/dokumenty\/sprawozdania\/\">Sprawozdania<\/a><\/li>\n<li class=\"mapa-l1\"><a href=\"https:\/\/www.smkopernik.pl\/old\/dokumenty\/dok-start\/31.php\">Archiwum z lat 2004\u00f72020<\/a><\/li>\n<li class=\"mapa-l1\"><a href=\"https:\/\/www.smkopernik.pl\/dokumenty\/do-pobrania\/\">Do pobrania<\/a><\/li>\n<\/ul><\/div>\n<div class=\"mapa-body-td1\"><a href=\"https:\/\/www.smkopernik.pl\/kontakt\/\">Kontakt<\/a><\/p>\n<ul class=\"mapa-u2\">\n<li class=\"mapa-l2\"><a href=\"https:\/\/www.smkopernik.pl\/kontakt\/biura-spoldzielni\/\">Biura Sp\u00f3\u0142dzielni<\/a><\/li>\n<li class=\"mapa-l2\"><a href=\"https:\/\/www.smkopernik.pl\/kontakt\/telefony\/\">Telefony<\/a><\/li>\n<li class=\"mapa-l2\"><a href=\"https:\/\/www.smkopernik.pl\/kontakt\/pogotowie-techniczne\/\">Pogotowie Techniczne<\/a><\/li>\n<\/ul><\/div>\n<div class=\"mapa-body-td1\"><a href=\"https:\/\/www.smkopernik.pl\/web-lokator\/\">e-BOK &#8211; WEB Lokator<\/a><\/div>\n<div class=\"mapa-body-td1\"><a href=\"https:\/\/www.smkopernik.pl\/wspolnoty-mieszkaniowe\/\">Wsp\u00f3lnoty mieszkaniowe<\/a><\/div>\n<\/p><\/div>\n<\/div>\n","protected":false},"excerpt":{"rendered":"<p>Mapa naszego serwisu<\/p>\n","protected":false},"author":1,"featured_media":0,"parent":18225,"menu_order":0,"comment_status":"closed","ping_status":"closed","template":"","meta":{"footnotes":""},"categories":[],"tags":[262],"class_list":["post-18226","page","type-page","status-publish","hentry","tag-mapa"],"publishpress_future_action":{"enabled":false,"date":"2026-05-24 17:00:15","action":"change-status","newStatus":"draft","terms":[],"taxonomy":"category","extraData":[]},"publishpress_future_workflow_manual_trigger":{"enabledWorkflows":[]},"_links":{"self":[{"href":"https:\/\/www.smkopernik.pl\/old2\/wp-json\/wp\/v2\/pages\/18226","targetHints":{"allow":["GET"]}}],"collection":[{"href":"https:\/\/www.smkopernik.pl\/old2\/wp-json\/wp\/v2\/pages"}],"about":[{"href":"https:\/\/www.smkopernik.pl\/old2\/wp-json\/wp\/v2\/types\/page"}],"author":[{"embeddable":true,"href":"https:\/\/www.smkopernik.pl\/old2\/wp-json\/wp\/v2\/users\/1"}],"replies":[{"embeddable":true,"href":"https:\/\/www.smkopernik.pl\/old2\/wp-json\/wp\/v2\/comments?post=18226"}],"version-history":[{"count":0,"href":"https:\/\/www.smkopernik.pl\/old2\/wp-json\/wp\/v2\/pages\/18226\/revisions"}],"up":[{"embeddable":true,"href":"https:\/\/www.smkopernik.pl\/old2\/wp-json\/wp\/v2\/pages\/18225"}],"wp:attachment":[{"href":"https:\/\/www.smkopernik.pl\/old2\/wp-json\/wp\/v2\/media?parent=18226"}],"wp:term":[{"taxonomy":"category","embeddable":true,"href":"https:\/\/www.smkopernik.pl\/old2\/wp-json\/wp\/v2\/categories?post=18226"},{"taxonomy":"post_tag","embeddable":true,"href":"https:\/\/www.smkopernik.pl\/old2\/wp-json\/wp\/v2\/tags?post=18226"}],"curies":[{"name":"wp","href":"https:\/\/api.w.org\/{rel}","templated":true}]}}