{"id":18227,"date":"2022-12-26T04:39:46","date_gmt":"2022-12-26T03:39:46","guid":{"rendered":"https:\/\/www.smkopernik.pl\/home-2\/dotacje-ue\/"},"modified":"2023-04-04T22:20:36","modified_gmt":"2023-04-04T20:20:36","slug":"dotacje-ue","status":"publish","type":"page","link":"https:\/\/www.smkopernik.pl\/old2\/strona-glowna\/dotacje-ue\/","title":{"rendered":"Dotacje UE"},"content":{"rendered":"<div class=\"contener-tytul-strona\">\n<div class=\"tytul-strony\">Dotacje UE<\/div>\n<\/div>\n<div id=\"dotacje-ue\"><img loading=\"lazy\" decoding=\"async\" class=\"aligncenter size-large wp-image-5568\" src=\"https:\/\/www.smkopernik.pl\/wp-content\/uploads\/2023\/03\/oze-ue.jpg\" alt=\"\" width=\"850\" height=\"600\" \/><\/div>\n<p>&nbsp;<\/p>\n<div class=\"film-youtube\" style=\"max-width:850px;\"><div class=\"su-youtube su-u-responsive-media-yes\"><iframe loading=\"lazy\" width=\"600\" height=\"400\" src=\"https:\/\/www.youtube.com\/embed\/NjRf_eVfRO4?\" frameborder=\"0\" allowfullscreen allow=\"autoplay; encrypted-media; picture-in-picture\" title=\"Fotowoltaika w SM Kopernik\"><\/iframe><\/div>\n<\/div>\n","protected":false},"excerpt":{"rendered":"<p>Naszej Sp\u00f3\u0142dzielni przyznano \u015brodki z Europejskiego Funduszu Rozwoju Regionalnego na budow\u0119 instalacji fotowoltaicznych.<\/p>\n","protected":false},"author":1,"featured_media":18228,"parent":18225,"menu_order":2,"comment_status":"closed","ping_status":"closed","template":"","meta":{"footnotes":""},"categories":[],"tags":[105,107,106],"class_list":["post-18227","page","type-page","status-publish","has-post-thumbnail","hentry","tag-dotacja","tag-fotowoltaika","tag-ue"],"publishpress_future_action":{"enabled":false,"date":"2026-05-24 17:57:08","action":"change-status","newStatus":"draft","terms":[],"taxonomy":"category","extraData":[]},"publishpress_future_workflow_manual_trigger":{"enabledWorkflows":[]},"_links":{"self":[{"href":"https:\/\/www.smkopernik.pl\/old2\/wp-json\/wp\/v2\/pages\/18227","targetHints":{"allow":["GET"]}}],"collection":[{"href":"https:\/\/www.smkopernik.pl\/old2\/wp-json\/wp\/v2\/pages"}],"about":[{"href":"https:\/\/www.smkopernik.pl\/old2\/wp-json\/wp\/v2\/types\/page"}],"author":[{"embeddable":true,"href":"https:\/\/www.smkopernik.pl\/old2\/wp-json\/wp\/v2\/users\/1"}],"replies":[{"embeddable":true,"href":"https:\/\/www.smkopernik.pl\/old2\/wp-json\/wp\/v2\/comments?post=18227"}],"version-history":[{"count":0,"href":"https:\/\/www.smkopernik.pl\/old2\/wp-json\/wp\/v2\/pages\/18227\/revisions"}],"up":[{"embeddable":true,"href":"https:\/\/www.smkopernik.pl\/old2\/wp-json\/wp\/v2\/pages\/18225"}],"wp:featuredmedia":[{"embeddable":true,"href":"https:\/\/www.smkopernik.pl\/old2\/wp-json\/wp\/v2\/media\/18228"}],"wp:attachment":[{"href":"https:\/\/www.smkopernik.pl\/old2\/wp-json\/wp\/v2\/media?parent=18227"}],"wp:term":[{"taxonomy":"category","embeddable":true,"href":"https:\/\/www.smkopernik.pl\/old2\/wp-json\/wp\/v2\/categories?post=18227"},{"taxonomy":"post_tag","embeddable":true,"href":"https:\/\/www.smkopernik.pl\/old2\/wp-json\/wp\/v2\/tags?post=18227"}],"curies":[{"name":"wp","href":"https:\/\/api.w.org\/{rel}","templated":true}]}}