{"id":18699,"date":"2023-02-02T00:07:50","date_gmt":"2023-02-01T23:07:50","guid":{"rendered":"https:\/\/www.smkopernik.pl\/?page_id=18699"},"modified":"2023-04-06T15:21:07","modified_gmt":"2023-04-06T13:21:07","slug":"filmy","status":"publish","type":"page","link":"https:\/\/www.smkopernik.pl\/old2\/blog\/filmy\/","title":{"rendered":"Filmy &#8211; z \u017cycia Sp\u00f3\u0142dzielni"},"content":{"rendered":"<div class=\"contener-tytul-strona\">\n<div class=\"tytul-grupowy\">Aktualno\u015bci<\/div>\n<div class=\"tytul-strony\" style=\"font-variant:small-caps; font-size:150%;\">kFilm<\/div>\n<\/div>\n<div class=\"filmy\">\n<table class=\"films\">\n<tr class=\"film-tr-tyt\">\n<td class=\"film-td-tyt\">Inwewstycja na Osiedlu JAR &#8211; stycze\u0144 2023 r.<\/td>\n<\/tr>\n<tr class=\"film-tr-film\">\n<td class=\"film-td-film\"><div style=\"width: 690px;\" class=\"wp-video\"><video class=\"wp-video-shortcode\" id=\"video-18699-1\" width=\"690\" height=\"388\" preload=\"metadata\" controls=\"controls\"><source type=\"video\/mp4\" src=\"https:\/\/www.smkopernik.pl\/wp-content\/uploads\/2023\/02\/SM-Kopernik-JAR-01_2023.mp4?_=1\" \/><a href=\"https:\/\/www.smkopernik.pl\/wp-content\/uploads\/2023\/02\/SM-Kopernik-JAR-01_2023.mp4\">https:\/\/www.smkopernik.pl\/wp-content\/uploads\/2023\/02\/SM-Kopernik-JAR-01_2023.mp4<\/a><\/video><\/div><\/td>\n<\/tr>\n<tr class=\"film-tr-tyt\">\n<td class=\"film-td-tyt\">Uroczysto\u015b\u0107 nadania tytu\u0142u Lider Sp\u00f3\u0142dzielczo\u015bci Mieszkaniowej 2022<\/td>\n<\/tr>\n<tr class=\"film-tr-film\">\n<td class=\"film-td-film\"><div style=\"width: 690px;\" class=\"wp-video\"><video class=\"wp-video-shortcode\" id=\"video-18699-2\" width=\"690\" height=\"388\" preload=\"metadata\" controls=\"controls\"><source type=\"video\/mp4\" src=\"https:\/\/www.smkopernik.pl\/wp-content\/uploads\/2022\/10\/lider-spoldzielczosci-2022_x264_002.mp4?_=2\" \/><a href=\"https:\/\/www.smkopernik.pl\/wp-content\/uploads\/2022\/10\/lider-spoldzielczosci-2022_x264_002.mp4\">https:\/\/www.smkopernik.pl\/wp-content\/uploads\/2022\/10\/lider-spoldzielczosci-2022_x264_002.mp4<\/a><\/video><\/div><\/td>\n<\/tr>\n<tr class=\"film-tr-tyt\">\n<td class=\"film-td-tyt\">Instalacje fotowoltaiczne w SM KOPERNIK<\/td>\n<\/tr>\n<tr class=\"film-tr-film\">\n<td class=\"film-td-film\"><div style=\"width: 690px;\" class=\"wp-video\"><video class=\"wp-video-shortcode\" id=\"video-18699-3\" width=\"690\" height=\"388\" preload=\"metadata\" controls=\"controls\"><source type=\"video\/mp4\" src=\"https:\/\/www.smkopernik.pl\/wp-content\/uploads\/2023\/02\/Instalacja-fotowoltaiczna-2021.mp4?_=3\" \/><a href=\"https:\/\/www.smkopernik.pl\/wp-content\/uploads\/2023\/02\/Instalacja-fotowoltaiczna-2021.mp4\">https:\/\/www.smkopernik.pl\/wp-content\/uploads\/2023\/02\/Instalacja-fotowoltaiczna-2021.mp4<\/a><\/video><\/div><\/td>\n<\/tr>\n<tr class=\"film-tr-tyt\">\n<td class=\"film-td-tyt\">Koncert ch\u00f3ru na Dzie\u0144 Matki<\/td>\n<\/tr>\n<tr class=\"film-tr-film\">\n<td class=\"film-td-film\">\n\t\t\t\t<div style=\"width: 690px;\" class=\"wp-video\"><video class=\"wp-video-shortcode\" id=\"video-18699-4\" width=\"690\" height=\"388\" preload=\"metadata\" controls=\"controls\"><source type=\"video\/mp4\" src=\"https:\/\/www.smkopernik.pl\/wp-content\/uploads\/2022\/07\/prsi_prsi.mp4?_=4\" \/><a href=\"https:\/\/www.smkopernik.pl\/wp-content\/uploads\/2022\/07\/prsi_prsi.mp4\">https:\/\/www.smkopernik.pl\/wp-content\/uploads\/2022\/07\/prsi_prsi.mp4<\/a><\/video><\/div>\n\t\t\t\t<div style=\"width: 690px;\" class=\"wp-video\"><video class=\"wp-video-shortcode\" id=\"video-18699-5\" width=\"690\" height=\"388\" preload=\"metadata\" controls=\"controls\"><source type=\"video\/mp4\" src=\"https:\/\/www.smkopernik.pl\/wp-content\/uploads\/2022\/07\/yesterday.mp4?_=5\" \/><a href=\"https:\/\/www.smkopernik.pl\/wp-content\/uploads\/2022\/07\/yesterday.mp4\">https:\/\/www.smkopernik.pl\/wp-content\/uploads\/2022\/07\/yesterday.mp4<\/a><\/video><\/div>\n\t\t\t\t<div style=\"width: 690px;\" class=\"wp-video\"><video class=\"wp-video-shortcode\" id=\"video-18699-6\" width=\"690\" height=\"388\" preload=\"metadata\" controls=\"controls\"><source type=\"video\/mp4\" src=\"https:\/\/www.smkopernik.pl\/wp-content\/uploads\/2022\/07\/the_lion_sleeps_tonight.mp4?_=6\" \/><a href=\"https:\/\/www.smkopernik.pl\/wp-content\/uploads\/2022\/07\/the_lion_sleeps_tonight.mp4\">https:\/\/www.smkopernik.pl\/wp-content\/uploads\/2022\/07\/the_lion_sleeps_tonight.mp4<\/a><\/video><\/div>\n\t\t\t\t<div style=\"width: 690px;\" class=\"wp-video\"><video class=\"wp-video-shortcode\" id=\"video-18699-7\" width=\"690\" height=\"388\" preload=\"metadata\" controls=\"controls\"><source type=\"video\/mp4\" src=\"https:\/\/www.smkopernik.pl\/wp-content\/uploads\/2022\/07\/przyleciala_jaskoleczka.mp4?_=7\" \/><a href=\"https:\/\/www.smkopernik.pl\/wp-content\/uploads\/2022\/07\/przyleciala_jaskoleczka.mp4\">https:\/\/www.smkopernik.pl\/wp-content\/uploads\/2022\/07\/przyleciala_jaskoleczka.mp4<\/a><\/video><\/div><\/td>\n<\/tr>\n<\/table>\n<\/div>\n","protected":false},"excerpt":{"rendered":"<p>Aktualno\u015bci kFilm Inwewstycja na Osiedlu JAR &#8211; stycze\u0144 2023 r. Uroczysto\u015b\u0107 nadania tytu\u0142u Lider Sp\u00f3\u0142dzielczo\u015bci Mieszkaniowej 2022 Instalacje fotowoltaiczne w SM KOPERNIK Koncert ch\u00f3ru na&hellip;<\/p>\n","protected":false},"author":1,"featured_media":0,"parent":1856,"menu_order":5,"comment_status":"closed","ping_status":"closed","template":"","meta":{"footnotes":""},"categories":[],"tags":[351],"class_list":["post-18699","page","type-page","status-publish","hentry","tag-filmy"],"publishpress_future_action":{"enabled":false,"date":"2026-05-24 16:59:54","action":"change-status","newStatus":"draft","terms":[],"taxonomy":"category","extraData":[]},"publishpress_future_workflow_manual_trigger":{"enabledWorkflows":[]},"_links":{"self":[{"href":"https:\/\/www.smkopernik.pl\/old2\/wp-json\/wp\/v2\/pages\/18699","targetHints":{"allow":["GET"]}}],"collection":[{"href":"https:\/\/www.smkopernik.pl\/old2\/wp-json\/wp\/v2\/pages"}],"about":[{"href":"https:\/\/www.smkopernik.pl\/old2\/wp-json\/wp\/v2\/types\/page"}],"author":[{"embeddable":true,"href":"https:\/\/www.smkopernik.pl\/old2\/wp-json\/wp\/v2\/users\/1"}],"replies":[{"embeddable":true,"href":"https:\/\/www.smkopernik.pl\/old2\/wp-json\/wp\/v2\/comments?post=18699"}],"version-history":[{"count":0,"href":"https:\/\/www.smkopernik.pl\/old2\/wp-json\/wp\/v2\/pages\/18699\/revisions"}],"up":[{"embeddable":true,"href":"https:\/\/www.smkopernik.pl\/old2\/wp-json\/wp\/v2\/pages\/1856"}],"wp:attachment":[{"href":"https:\/\/www.smkopernik.pl\/old2\/wp-json\/wp\/v2\/media?parent=18699"}],"wp:term":[{"taxonomy":"category","embeddable":true,"href":"https:\/\/www.smkopernik.pl\/old2\/wp-json\/wp\/v2\/categories?post=18699"},{"taxonomy":"post_tag","embeddable":true,"href":"https:\/\/www.smkopernik.pl\/old2\/wp-json\/wp\/v2\/tags?post=18699"}],"curies":[{"name":"wp","href":"https:\/\/api.w.org\/{rel}","templated":true}]}}