{"id":18746,"date":"2023-04-12T23:35:05","date_gmt":"2023-04-12T21:35:05","guid":{"rendered":"https:\/\/www.smkopernik.pl\/?page_id=18746"},"modified":"2024-05-20T11:25:49","modified_gmt":"2024-05-20T09:25:49","slug":"najem-lokali-uzytkowych","status":"publish","type":"page","link":"https:\/\/www.smkopernik.pl\/old2\/blog\/do-wynajecia\/najem-lokali-uzytkowych\/","title":{"rendered":"Najem lokali u\u017cytkowych"},"content":{"rendered":"<div class=\"contener-tytul-strona\">\n<div class=\"tytul-grupowy\">Do wynaj\u0119cia<\/div>\n<div class=\"tytul-strony\">Lokale u\u017cytkowe<\/div>\n<\/div>\n<div class=\"lokale-uzytkowe\">\n<p class=\"par\">Sp\u00f3\u0142dzielnia Mieszkaniowa KOPERNIK og\u0142asza nab\u00f3r ofert na najem ni\u017cej wymienionych lokali u\u017cytkowych.<\/p>\n<div class=\"lista-lok-uzyt\">\n<ol class=\"lok-uzyt\">\n<li class=\"lok-uzyt-adres\"><b>ul. Bema 20<small>A<\/small><\/b> \u2013 pawilon handlowo-us\u0142ugowy wolnostoj\u0105cy\n<ul class=\"lok-uzyt-poziom\">\n<li class=\"lok-uzyt-poziom\">cz\u0119\u015b\u0107 piwniczna:\n<ul class=\"lok-uzyt-metry\">\n<li class=\"lok-uzyt-metry\">\n\t\t\t\t\t <a href=\"https:\/\/www.smkopernik.pl\/old2\/blog\/do-wynajecia\/najem-lokali-uzytkowych\/bema-20a-piwnica-38-70-m\/\" target=\"_blank\" rel=\"noopener\">&nbsp;38,70&nbsp;m&sup2;<\/a> &nbsp; <a href=\"https:\/\/www.smkopernik.pl\/old2\/blog\/do-wynajecia\/najem-lokali-uzytkowych\/lok-bema20a-22-14-wsp\/\" target=\"_blank\" rel=\"noopener\">&nbsp;22,14&nbsp;m&sup2;&nbsp;<\/a><!--- &nbsp; <a href=\"https:\/\/www.smkopernik.pl\/blog\/do-wynajecia\/najem-lokali-uzytkowych\/lok-bema-20a-piwnica-13_74\/\" target=\"_blank\" rel=\"noopener\">&nbsp;13,74&nbsp;m&sup2;<\/a>-->\n\t\t\t\t\t<\/li>\n<\/ul>\n<\/li>\n<\/ul>\n<\/li>\n<li class=\"lok-uzyt-adres\"><b>ul. Ko\u015bciuszki 41-47<\/b> \u2013 pawilon handlowo-us\u0142ugowy wolnostoj\u0105cy\n<ul class=\"lok-uzyt-poziom\">\n<li class=\"lok-uzyt-poziom\">I pi\u0119tro:\n<ul class=\"lok-uzyt-metry\">\n<li class=\"lok-uzyt-metry\">\n\t\t\t\t\t\t<!--<a href=\"https:\/\/www.smkopernik.pl\/blog\/do-wynajecia\/najem-lokali-uzytkowych\/lok-kosciuszki_41-358-00-sam\/\" target=\"_blank\" rel=\"noopener\">&nbsp;358,00&nbsp;m&sup2;&nbsp;<\/a> &nbsp; --><a href=\"https:\/\/www.smkopernik.pl\/old2\/blog\/do-wynajecia\/najem-lokali-uzytkowych\/lok-kosciuszki_41-31-94-wsp\/\" target=\"_blank\" rel=\"noopener\">&nbsp;31,94&nbsp;m&sup2;&nbsp;<\/a> &nbsp;\n\t\t\t\t\t<\/li>\n<\/ul>\n<\/li>\n<\/ul>\n<\/li>\n<li class=\"lok-uzyt-adres\"><b>ul. Matejki 94-96<\/b> \u2013 pawilon handlowo-us\u0142ugowy wolnostoj\u0105cy\n<ul class=\"lok-uzyt-poziom\">\n<li class=\"lok-uzyt-poziom\">cz\u0119\u015b\u0107 piwniczna:\n<ul class=\"lok-uzyt-metry\">\n<li class=\"lok-uzyt-metry\">\n\t\t\t\t\t\t<a href=\"https:\/\/www.smkopernik.pl\/old2\/blog\/do-wynajecia\/najem-lokali-uzytkowych\/lok-matejki_94-piwnica-21_60-wsp\/\" target=\"_blank\" rel=\"noopener\">&nbsp;21,60&nbsp;m&sup2;&nbsp;<\/a>\n\t\t\t\t\t<\/li>\n<\/ul>\n<\/li>\n<\/ul>\n<\/li>\n<li class=\"lok-uzyt-adres\"><b>ul. Popiela 10<\/b> \u2013 wielorodzinny budynek mieszkalny\n<ul class=\"lok-uzyt-poziom\">\n<li class=\"lok-uzyt-poziom\">parter:\n<ul class=\"lok-uzyt-metry\">\n<li class=\"lok-uzyt-metry\">\n\t\t\t\t\t\t<a href=\"https:\/\/www.smkopernik.pl\/old2\/blog\/do-wynajecia\/najem-lokali-uzytkowych\/lok-popiela_10-30_00-s\/\" target=\"_blank\" rel=\"noopener\">&nbsp;30,00&nbsp;m&sup2;&nbsp;<\/a>\n\t\t\t\t\t<\/li>\n<\/ul>\n<\/li>\n<\/ul>\n<\/li>\n<\/ol>\n<\/div>\n<p><\/p>\n<div class=\"lok-uzyt-stopa\">\n<p>Oferty w&nbsp;zamkni\u0119tych kopertach z&nbsp;przeznaczeniem lokalu na przygotowanych przez Sp\u00f3\u0142dzielni\u0119 specjalnych <a title=\"Formularz do pobrania - plik PDF\" href=\"https:\/\/www.smkopernik.pl\/wp-content\/uploads\/2023\/05\/gl-formularz-oferty-najmu-lokalu-uztkowego-05_2023.pdf\" target=\"_blank\" rel=\"noopener\"><b>drukach<\/b><\/a> (dost\u0119pne r\u00f3wnie\u017c w&nbsp;pokoju 16 w&nbsp;Administracji Og\u00f3lnej przy ul. Matejki 94\/96) prosimy sk\u0142ada\u0107 w&nbsp;Sekretariacie Sp\u00f3\u0142dzielni.<\/p>\n<p>Osoby fizyczne prowadz\u0105ce w\u0142asn\u0105 dzia\u0142alno\u015b\u0107 gospodarcz\u0105 zobowi\u0105zane s\u0105 do z\u0142o\u017cenia wraz z&nbsp;ofert\u0105 <a href=\"https:\/\/www.smkopernik.pl\/wp-content\/uploads\/2021\/08\/lok-uz-osw-malzonka.pdf\" target=\"_blank\" rel=\"noopener\"><b>o\u015bwiadczenia<\/b><\/a> &#8211; zgody wsp\u00f3\u0142ma\u0142\u017conka na zawarcie umowy najmu lokalu u\u017cytkowego.<\/p>\n<p>Warunkiem rozpatrzenia oferty jest wp\u0142ata wadium w&nbsp;okre\u015blonej kwocie, kt\u00f3r\u0105 nale\u017cy ui\u015bci\u0107 w&nbsp;kasie Banku Pocztowego (Toru\u0144, ul.&nbsp;Che\u0142mi\u0144ska&nbsp;13) lub przelewem, na konto Sp\u00f3\u0142dzielni Mieszkaniowej KOPERNIK o&nbsp;numerze<\/p>\n<div style=\"width:80%; margin:0 auto; padding:5px 20px 5px 20px;  color: #300993;\"><b>54&nbsp;1320&nbsp;1120&nbsp;2564&nbsp;9572&nbsp;2000&nbsp;0011<\/b><\/div>\n<p>Informacje szczeg\u00f3\u0142owe o&nbsp;lokalach wymienionych w&nbsp;ofercie najmu mo\u017cna uzyska\u0107 telefonicznie:<br \/>\n56-612-06-26,   56-612-06-14,   56-612-06-16   lub   56-612-06-20.<\/p>\n<p>Sp\u00f3\u0142dzielnia zastrzega sobie prawo swobodnego wyboru ofert i&nbsp;uniewa\u017cnienia naboru bez podania przyczyny.<\/p>\n<\/div>\n\n<p><!--\t\n\n \n\n<li class=\"lok-uzyt-adres\"><b>ul. \u015awi\u0119tope\u0142ka 26<\/b> \u2013 wolnostoj\u0105cy pawilon u\u017cytkowy\n\t\t\n\n<ul class=\"lok-uzyt-poziom\">\n\t\t\t\n\n<li class=\"lok-uzyt-poziom\">II pi\u0119tro:\n\t\t\t\t\n\n<ul class=\"lok-uzyt-metry\">\n\t\t\t\t\t\n\n<li class=\"lok-uzyt-metry\">\n\t\t\t\t\t\t<a href=\"https:\/\/www.smkopernik.pl\/lok-swietopelka-26-38-00-wsp\/\" target=\"_blank\" rel=\"noopener\">&nbsp;38,00&nbsp;m&sup2;&nbsp;<\/a>\n\t\t\t\t<\/ul>\n\n\n\t\t\t<\/li>\n\n\t\t\t\t\n\t\t<\/ul>\n\n\n\t<\/li>\n\n\n\n\n<li class=\"lok-uzyt-adres\" style=\"display:normal;\"><b>ul. Kaliskiego 9<\/b> \u2013 pawilon handlowo-us\u0142ugowy wolnostoj\u0105cy\n\t\t\n\n<ul class=\"lok-uzyt-poziom\">\n\t\t\t\n\n<li class=\"lok-uzyt-poziom\">cz\u0119\u015b\u0107 piwniczna:\n\t\t\t\t\n\n<ul class=\"lok-uzyt-metry\">\n\t\t\t\t\t\n\n<li class=\"lok-uzyt-metry\">\n\t\t\t\t\t\t<a href=\"https:\/\/www.smkopernik.pl\/blog\/do-wynajecia\/najem-lokali-uzytkowych\/lok-kaliskiego_9-34-86-wsp\/\" target=\"_blank\" rel=\"noopener\">&nbsp;34,86&nbsp;m&sup2;&nbsp;<\/a>\n\t\t\t\t\t<\/li>\n\n\n\t\t\t\t<\/ul>\n\n\n\t\t\t<\/li>\n\n\t\t\t\t\n\t\t<\/ul>\n\n\n\t<\/li>\n\n\n\n\n\n<li class=\"lok-uzyt-adres\"><b>ul. Morcinka 17<\/b> \u2013 pawilon handlowo-us\u0142ugowy wolnostoj\u0105cy\n\t\t\n\n<ul class=\"lok-uzyt-poziom\">\n\t\t\t\n\n<li class=\"lok-uzyt-poziom\">cz\u0119\u015b\u0107 piwniczna:\n\t\t\t\t\n\n<ul class=\"lok-uzyt-metry\">\n\t\t\t\t\t\n\n<li class=\"lok-uzyt-metry\">\n\t\t\t\t\t\t<a href=\"https:\/\/www.smkopernik.pl\/blog\/do-wynajecia\/najem-lokali-uzytkowych\/lok-morcinka_17-160-22-sam\/\" target=\"_blank\" rel=\"noopener\">&nbsp;160,22&nbsp;m&sup2;&nbsp;<\/a>\n\t\t\t\t\t<\/li>\n\n\n\t\t\t\t<\/ul>\n\n\n\t\t\t<\/li>\n\n\t\t\t\t\n\t\t<\/ul>\n\n\n\t<\/li>\n\n\n\n\n<ul class=\"lok-uzyt-poziom\">\n\t\t\t\n\n<li class=\"lok-uzyt-poziom\">I pi\u0119tro:\n\t\t\t\t\n\n<ul class=\"lok-uzyt-metry\">\n\t\t\t\t\t\n\n<li class=\"lok-uzyt-metry\">\n\t\t\t\t\t\t<a href=\"https:\/\/www.smkopernik.pl\/blog\/do-wynajecia\/najem-lokali-uzytkowych\/lok-bema20a-18_00-wsp\/\" target=\"_blank\" rel=\"noopener\">&nbsp;18,00&nbsp;m&sup2;&nbsp;<\/a>\n\t\t\t\t\t<\/li>\n\n\n\t\t\t\t<\/ul>\n\n\n\t\t\t<\/li>\n\n\t\t\t\t\n\t\t<\/ul>\n\n\n\n\t\n\n<li class=\"lok-uzyt-poziom\">I pi\u0119tro:\n\t\t\t\t\n\n<ul class=\"lok-uzyt-metry\">\n\t\t\t\t\t\n\n<li class=\"lok-uzyt-metry\">\n\t\t\t\t\t\t<a href=\"https:\/\/www.smkopernik.pl\/blog\/do-wynajecia\/najem-lokali-uzytkowych\/lok-kosciuszki_41-36-00-wsp\/\" target=\"_blank\" rel=\"noopener\">&nbsp;36,00&nbsp;m&sup2;&nbsp;<\/a> &nbsp; <a href=\"https:\/\/www.smkopernik.pl\/blog\/do-wynajecia\/najem-lokali-uzytkowych\/lok-kosciuszki_41-27-30-wsp\/\" target=\"_blank\" rel=\"noopener\">&nbsp;27,30&nbsp;m&sup2;&nbsp;<\/a> &nbsp;\n\t\t\t\t\t<\/li>\n\n\n\t\t\t\t<\/ul>\n\n\n\t\t\t<\/li>\n\n\t\n\n\n\n<li class=\"lok-uzyt-poziom\">I pi\u0119tro:\n\t\t\t\t\n\n<ul class=\"lok-uzyt-metry\" style=\"display: inline;\">\n\t\t\t\t\t\n\n<li class=\"lok-uzyt-metry\"  style=\"display: inline;\">\n\t\t\t\t\t\t<a href=\"https:\/\/www.smkopernik.pl\/sm-old\/aktualnosci\/oferty\/lok-kosciuszki_41-17_17.php\" target=\"_blank\" rel=\"noopener\">&nbsp;17,17&nbsp;m&sup2;&nbsp;<\/a><a href=\"https:\/\/www.smkopernik.pl\/blog\/do-wynajecia\/najem-lokali-uzytkowych\/lok-kosciuszki_41-122-00-sam\/\" target=\"_blank\" rel=\"noopener\">&nbsp;122,00&nbsp;m&sup2;&nbsp;<\/a>\n\t\t\t\t\t<\/li>\n\n\n\t\t\t\t<\/ul>\n\n\n\t\t\t<\/li>\n\n\n\t &nbsp; <a href=\"https:\/\/www.smkopernik.pl\/blog\/do-wynajecia\/najem-lokali-uzytkowych\/lok-swietopelka_15-12-00-wsp\/\" target=\"_blank\" rel=\"noopener\">&nbsp;12,00&nbsp;m&sup2;&nbsp;<\/a>\n\t\t\t\t\t<\/li>\n\n\t\t\n\t\t\t\n\n<li class=\"lok-uzyt-poziom\">parter:\n\t\t\t\t\n\n<ul class=\"lok-uzyt-metry\">\n\t\t\t\t\t\n\n<li class=\"lok-uzyt-metry\">\n\t\t\t\t\t\t<a href=\"https:\/\/www.smkopernik.pl\/blog\/do-wynajecia\/najem-lokali-uzytkowych\/lok-kosciuszki_41-225-00-sam\/\" target=\"_blank\" rel=\"noopener\">&nbsp;225,00&nbsp;m&sup2;&nbsp;<\/a> &nbsp; \n\t\t\t\t\t<\/li>\n\n\n\t\t\t\t<\/ul>\n\n\n\t\t\t<\/li>\n\n\t\n\t\n\n\t\n\n<li class=\"lok-uzyt-adres\" style=\"display:normal;\"><b>ul. Kaliskiego 9<\/b> \u2013 pawilon handlowo-us\u0142ugowy wolnostoj\u0105cy\n\t\t\n\n<ul class=\"lok-uzyt-poziom\">\n\t\t\t\n\n<li class=\"lok-uzyt-poziom\">cz\u0119\u015b\u0107 piwniczna:\n\t\t\t\t\n\n<ul class=\"lok-uzyt-metry\">\n\t\t\t\t\t\n\n<li class=\"lok-uzyt-metry\">\n\t\t\t\t\t\t<a href=\"https:\/\/www.smkopernik.pl\/blog\/do-wynajecia\/najem-lokali-uzytkowych\/lok-kaliskiego_9-14-64-wsp\/\" target=\"_blank\" rel=\"noopener\">&nbsp;14,64&nbsp;m&sup2;&nbsp;<\/a>\n\t\t\t\t\t<\/li>\n\n\n\t\t\t\t<\/ul>\n\n\n\t\t\t<\/li>\n\n\t\t\t\t\n\t\t<\/ul>\n\n\n\t<\/li>\n\n\n\t\n\n<li class=\"lok-uzyt-adres\" style=\"display:normal;\"><b>ul. Kaliskiego 9<\/b> \u2013 pawilon handlowo-us\u0142ugowy wolnostoj\u0105cy\n\t\t\n\n<ul class=\"lok-uzyt-poziom\">\n\t\t\t\n\n<li class=\"lok-uzyt-poziom\">cz\u0119\u015b\u0107 piwniczna:\n\t\t\t\t\n\n<ul class=\"lok-uzyt-metry\">\n\t\t\t\t\t\n\n<li class=\"lok-uzyt-metry\">\n\t\t\t\t\t\t<a href=\"https:\/\/www.smkopernik.pl\/blog\/do-wynajecia\/najem-lokali-uzytkowych\/lok-kaliskiego_9-14-64-wsp\/\" target=\"_blank\" rel=\"noopener\">&nbsp;14,64&nbsp;m&sup2;&nbsp;<\/a>\n\t\t\t\t\t<\/li>\n\n\n\t\t\t\t<\/ul>\n\n\n\t\t\t<\/li>\n\n\t\t\t\t\n\t\t<\/ul>\n\n\n\t<\/li>\n\n\n\t\n\t\t\n\n<li class=\"lok-uzyt-adres\"><b>ul. \u015awi\u0119tope\u0142ka 15-23<\/b> \u2013 pawilon na terenie O\u015brodka Sportowego\n\t\t\n\n<ul class=\"lok-uzyt-poziom\">\n\t\t\t\n\n<li class=\"lok-uzyt-poziom\">parter:\n\t\t\t\t\n\n<ul class=\"lok-uzyt-metry\">\n\t\t\t\t\t\n\n<li class=\"lok-uzyt-metry\">\n\t\t\t\t\t\t<a href=\"https:\/\/www.smkopernik.pl\/blog\/do-wynajecia\/najem-lokali-uzytkowych\/lok-swietopelka_15-12-63-wsp\/\" target=\"_blank\" rel=\"noopener\">&nbsp;12,63&nbsp;m&sup2;&nbsp;<\/a>\n\t\t\t\t<\/ul>\n\n\n\t\t\t<\/li>\n\n\t\t\t\t\n\t\t<\/ul>\n\n\n\t<\/li>\n\n\n\t--><\/p>\n","protected":false},"excerpt":{"rendered":"<p>Zach\u0119camy do zapoznania si\u0119 z ofert\u0105 lokali u\u017cytkowych gotowych do wynaj\u0119cia.<\/p>\n","protected":false},"author":1,"featured_media":0,"parent":10340,"menu_order":0,"comment_status":"closed","ping_status":"closed","template":"","meta":{"footnotes":""},"categories":[],"tags":[114,113,108,115],"class_list":["post-18746","page","type-page","status-publish","hentry","tag-lokal","tag-najem","tag-oferty","tag-uzytkowy"],"publishpress_future_action":{"enabled":false,"date":"2026-05-24 17:00:41","action":"change-status","newStatus":"draft","terms":[],"taxonomy":"category","extraData":[]},"publishpress_future_workflow_manual_trigger":{"enabledWorkflows":[]},"_links":{"self":[{"href":"https:\/\/www.smkopernik.pl\/old2\/wp-json\/wp\/v2\/pages\/18746","targetHints":{"allow":["GET"]}}],"collection":[{"href":"https:\/\/www.smkopernik.pl\/old2\/wp-json\/wp\/v2\/pages"}],"about":[{"href":"https:\/\/www.smkopernik.pl\/old2\/wp-json\/wp\/v2\/types\/page"}],"author":[{"embeddable":true,"href":"https:\/\/www.smkopernik.pl\/old2\/wp-json\/wp\/v2\/users\/1"}],"replies":[{"embeddable":true,"href":"https:\/\/www.smkopernik.pl\/old2\/wp-json\/wp\/v2\/comments?post=18746"}],"version-history":[{"count":0,"href":"https:\/\/www.smkopernik.pl\/old2\/wp-json\/wp\/v2\/pages\/18746\/revisions"}],"up":[{"embeddable":true,"href":"https:\/\/www.smkopernik.pl\/old2\/wp-json\/wp\/v2\/pages\/10340"}],"wp:attachment":[{"href":"https:\/\/www.smkopernik.pl\/old2\/wp-json\/wp\/v2\/media?parent=18746"}],"wp:term":[{"taxonomy":"category","embeddable":true,"href":"https:\/\/www.smkopernik.pl\/old2\/wp-json\/wp\/v2\/categories?post=18746"},{"taxonomy":"post_tag","embeddable":true,"href":"https:\/\/www.smkopernik.pl\/old2\/wp-json\/wp\/v2\/tags?post=18746"}],"curies":[{"name":"wp","href":"https:\/\/api.w.org\/{rel}","templated":true}]}}