{"id":19743,"date":"2023-05-25T00:49:49","date_gmt":"2023-05-24T22:49:49","guid":{"rendered":"https:\/\/www.smkopernik.pl\/blog\/do-wynajecia\/najem-lokali-uzytkowych\/lok-kosciuszki_41-36-00-wsp-2-2\/"},"modified":"2023-06-19T02:48:12","modified_gmt":"2023-06-19T00:48:12","slug":"lok-kosciuszki_41-31-94-wsp","status":"publish","type":"page","link":"https:\/\/www.smkopernik.pl\/old2\/blog\/do-wynajecia\/najem-lokali-uzytkowych\/lok-kosciuszki_41-31-94-wsp\/","title":{"rendered":"Ko\u015bciuszki 41-47 &#8211; pi\u0119tro &#8211; 31,94 m&sup2;"},"content":{"rendered":"<div class=\"contener-tytul-strona\">\n<div class=\"tytul-strony\"><a href=\"https:\/\/www.smkopernik.pl\/blog\/do-wynajecia\/najem-lokali-uzytkowych\/\">Najem lokali u\u017cytkowych<\/a><\/div>\n<\/div>\n<div class=\"gl-lu-info\">\n\t<img decoding=\"async\" src=\"https:\/\/www.smkopernik.pl\/wp-content\/uploads\/2023\/06\/gl-lu-kosciuszki41-pietro-31_94-w.png\" alt=\"\" \/>\n<\/div>\n<p>&nbsp;<\/p>\n<div class=\"gl-lu-foto\">\n<img decoding=\"async\" src=\"https:\/\/www.smkopernik.pl\/wp-content\/uploads\/2022\/03\/lok-kosciuszki_41-16_16-1.jpg\" alt=\"null\" style=\"height:250px; width:auto;\"\/>\n<\/div>\n<div class=\"lok-uzyt-stopa\">\n<p>Oferty w&nbsp;zamkni\u0119tych kopertach z&nbsp;przeznaczeniem lokalu na przygotowanych przez Sp\u00f3\u0142dzielni\u0119 specjalnych <a title=\"Formularz do pobrania - plik PDF\" href=\"https:\/\/www.smkopernik.pl\/wp-content\/uploads\/2023\/05\/gl-formularz-oferty-najmu-lokalu-uztkowego-05_2023.pdf\" target=\"_blank\" rel=\"noopener\"><b>drukach<\/b><\/a> (dost\u0119pne r\u00f3wnie\u017c w&nbsp;pokoju 16 w&nbsp;Administracji Og\u00f3lnej przy ul. Matejki 94\/96) prosimy sk\u0142ada\u0107 w&nbsp;Sekretariacie Sp\u00f3\u0142dzielni.<\/p>\n<p>Osoby fizyczne prowadz\u0105ce w\u0142asn\u0105 dzia\u0142alno\u015b\u0107 gospodarcz\u0105 zobowi\u0105zane s\u0105 do z\u0142o\u017cenia wraz z&nbsp;ofert\u0105 <a href=\"https:\/\/www.smkopernik.pl\/wp-content\/uploads\/2021\/08\/lok-uz-osw-malzonka.pdf\" target=\"_blank\" rel=\"noopener\"><b>o\u015bwiadczenia<\/b><\/a> &#8211; zgody wsp\u00f3\u0142ma\u0142\u017conka na zawarcie umowy najmu lokalu u\u017cytkowego.<\/p>\n<p>Warunkiem rozpatrzenia oferty jest wp\u0142ata wadium w&nbsp;okre\u015blonej kwocie, kt\u00f3r\u0105 nale\u017cy ui\u015bci\u0107 w&nbsp;kasie Banku Pocztowego (Toru\u0144, ul.&nbsp;Che\u0142mi\u0144ska&nbsp;13) lub przelewem, na konto Sp\u00f3\u0142dzielni Mieszkaniowej KOPERNIK o&nbsp;numerze<\/p>\n<div style=\"width:80%; margin:0 auto; padding:5px 20px 5px 20px;  color: #300993;\"><b>54&nbsp;1320&nbsp;1120&nbsp;2564&nbsp;9572&nbsp;2000&nbsp;0011<\/b><\/div>\n<p>Informacje szczeg\u00f3\u0142owe o&nbsp;lokalach wymienionych w&nbsp;ofercie najmu mo\u017cna uzyska\u0107 telefonicznie:<br \/>\n56-612-06-26,   56-612-06-14,   56-612-06-16   lub   56-612-06-20.<\/p>\n<p>Sp\u00f3\u0142dzielnia zastrzega sobie prawo swobodnego wyboru ofert i&nbsp;uniewa\u017cnienia naboru bez podania przyczyny.<\/p>\n<\/div>\n\n","protected":false},"excerpt":{"rendered":"<p>31,94 m&sup2;<\/p>\n","protected":false},"author":1,"featured_media":8015,"parent":18746,"menu_order":2,"comment_status":"closed","ping_status":"closed","template":"","meta":{"footnotes":""},"categories":[193],"tags":[254,56,316],"class_list":["post-19743","page","type-page","status-publish","has-post-thumbnail","hentry","category-do-wynajecia","tag-kosciuszki-41-47","tag-lokal-uzytkowy","tag-pietro"],"publishpress_future_action":{"enabled":false,"date":"2026-05-24 23:38:02","action":"change-status","newStatus":"draft","terms":[],"taxonomy":"category","extraData":[]},"publishpress_future_workflow_manual_trigger":{"enabledWorkflows":[]},"_links":{"self":[{"href":"https:\/\/www.smkopernik.pl\/old2\/wp-json\/wp\/v2\/pages\/19743","targetHints":{"allow":["GET"]}}],"collection":[{"href":"https:\/\/www.smkopernik.pl\/old2\/wp-json\/wp\/v2\/pages"}],"about":[{"href":"https:\/\/www.smkopernik.pl\/old2\/wp-json\/wp\/v2\/types\/page"}],"author":[{"embeddable":true,"href":"https:\/\/www.smkopernik.pl\/old2\/wp-json\/wp\/v2\/users\/1"}],"replies":[{"embeddable":true,"href":"https:\/\/www.smkopernik.pl\/old2\/wp-json\/wp\/v2\/comments?post=19743"}],"version-history":[{"count":0,"href":"https:\/\/www.smkopernik.pl\/old2\/wp-json\/wp\/v2\/pages\/19743\/revisions"}],"up":[{"embeddable":true,"href":"https:\/\/www.smkopernik.pl\/old2\/wp-json\/wp\/v2\/pages\/18746"}],"wp:featuredmedia":[{"embeddable":true,"href":"https:\/\/www.smkopernik.pl\/old2\/wp-json\/wp\/v2\/media\/8015"}],"wp:attachment":[{"href":"https:\/\/www.smkopernik.pl\/old2\/wp-json\/wp\/v2\/media?parent=19743"}],"wp:term":[{"taxonomy":"category","embeddable":true,"href":"https:\/\/www.smkopernik.pl\/old2\/wp-json\/wp\/v2\/categories?post=19743"},{"taxonomy":"post_tag","embeddable":true,"href":"https:\/\/www.smkopernik.pl\/old2\/wp-json\/wp\/v2\/tags?post=19743"}],"curies":[{"name":"wp","href":"https:\/\/api.w.org\/{rel}","templated":true}]}}