{"id":2835,"date":"2021-04-07T16:07:04","date_gmt":"2021-04-07T14:07:04","guid":{"rendered":"https:\/\/www.smkopernik.pl\/?page_id=2835"},"modified":"2024-03-04T09:41:37","modified_gmt":"2024-03-04T08:41:37","slug":"regulaminy","status":"publish","type":"page","link":"https:\/\/www.smkopernik.pl\/old2\/dokumenty\/regulaminy\/","title":{"rendered":"Regulaminy"},"content":{"rendered":"<div class=\"contener-tytul\">\n<div class=\"tytul-strony\">Regulaminy<\/div>\n<\/div>\n<div class=\"regulaminy\">\n <div class=\"su-tabs su-tabs-style-default su-tabs-mobile-stack\" data-active=\"1\" data-scroll-offset=\"0\" data-anchor-in-url=\"no\"><div class=\"su-tabs-nav\"><span class=\" regulaminy\" data-url=\"\" data-target=\"blank\" tabindex=\"0\" role=\"button\">Zasady u\u017cytkowania lokali<\/span><span class=\" regulminy\" data-url=\"\" data-target=\"blank\" tabindex=\"0\" role=\"button\">Rozliczanie koszt\u00f3w<\/span><span class=\" regulaminy\" data-url=\"\" data-target=\"blank\" tabindex=\"0\" role=\"button\">Obr\u00f3t lokalami<\/span><span class=\" regulaminy\" data-url=\"\" data-target=\"blank\" tabindex=\"0\" role=\"button\">Funkcjonowanie administracji<\/span><span class=\" regulminy\" data-url=\"\" data-target=\"blank\" tabindex=\"0\" role=\"button\">Bezpiecze\u0144stwo i dzia\u0142alno\u015b\u0107 kulturalna<\/span><\/div><div class=\"su-tabs-panes\"><div class=\"su-tabs-pane su-u-clearfix su-u-trim regulaminy\" data-title=\"Zasady u\u017cytkowania lokali\">\n   <div class=\"su-accordion su-u-trim\">\n    <div class=\"su-spoiler su-spoiler-style-default su-spoiler-icon-plus regulaminy su-spoiler-closed\" data-scroll-offset=\"0\" data-anchor-in-url=\"no\"><div class=\"su-spoiler-title\" tabindex=\"0\" role=\"button\"><span class=\"su-spoiler-icon\"><\/span>Regulamin porz\u0105dku domowego obowi\u0105zuj\u0105cy w Sp\u00f3\u0142dzielni Mieszkaniowej KOPERNIK w Toruniu<\/div><div class=\"su-spoiler-content su-u-clearfix su-u-trim\"><\/div><\/div>\n    <div class=\"su-spoiler su-spoiler-style-default su-spoiler-icon-plus regulaminy su-spoiler-closed\" data-scroll-offset=\"0\" data-anchor-in-url=\"no\"><div class=\"su-spoiler-title\" tabindex=\"0\" role=\"button\"><span class=\"su-spoiler-icon\"><\/span>Regulamin w sprawie obowi\u0105zk\u00f3w Sp\u00f3\u0142dzielni, cz\u0142onk\u00f3w, w\u0142a\u015bcicieli lokali i najemc\u00f3w w zakresie napraw wewn\u0105trz lokali oraz zasad rozlicze\u0144 Sp\u00f3\u0142dzielni Mieszkaniowej KOPERNIK w Toruniu z u\u017cytkownikami zwalniaj\u0105cymi lokale<\/div><div class=\"su-spoiler-content su-u-clearfix su-u-trim\"><\/div><\/div>\n    <div class=\"su-spoiler su-spoiler-style-default su-spoiler-icon-plus regulaminy su-spoiler-closed\" data-scroll-offset=\"0\" data-anchor-in-url=\"no\"><div class=\"su-spoiler-title\" tabindex=\"0\" role=\"button\"><span class=\"su-spoiler-icon\"><\/span>Regulamin korzystania z boks\u00f3w na p\u00f3\u0142pi\u0119trach w budynkach \u015bredniowysokich oraz tzw. w\u00f3zkowni, jako pomieszcze\u0144 wsp\u00f3lnego u\u017cytkowania i innych pomieszcze\u0144 wc budynkach Sp\u00f3\u0142dzielni Mieszkaniowej KOPERNIK w Toruniu<\/div><div class=\"su-spoiler-content su-u-clearfix su-u-trim\"><\/div><\/div>\n    <div class=\"su-spoiler su-spoiler-style-default su-spoiler-icon-plus regulaminy su-spoiler-closed\" data-scroll-offset=\"0\" data-anchor-in-url=\"no\"><div class=\"su-spoiler-title\" tabindex=\"0\" role=\"button\"><span class=\"su-spoiler-icon\"><\/span>Regulamin w sprawie podejmowania dzia\u0142alno\u015bci gospodarczej w mieszkaniach znajduj\u0105cych si\u0119 w zasobach Sp\u00f3\u0142dzielni Mieszkaniowej KOPERNIK w Toruniu<\/div><div class=\"su-spoiler-content su-u-clearfix su-u-trim\"><\/div><\/div>\n    <div class=\"su-spoiler su-spoiler-style-default su-spoiler-icon-plus regulaminy su-spoiler-closed\" data-scroll-offset=\"0\" data-anchor-in-url=\"no\"><div class=\"su-spoiler-title\" tabindex=\"0\" role=\"button\"><span class=\"su-spoiler-icon\"><\/span>Regulamin dotycz\u0105cy zasad ustalania lokalizacji gara\u017cy przeno\u015bnych oraz korzystania z nich w Sp\u00f3\u0142dzielni Mieszkaniowej KOPERNIK w Toruniu<\/div><div class=\"su-spoiler-content su-u-clearfix su-u-trim\"><\/div><\/div>\n    <div class=\"su-spoiler su-spoiler-style-default su-spoiler-icon-plus regulaminy su-spoiler-closed\" data-scroll-offset=\"0\" data-anchor-in-url=\"no\"><div class=\"su-spoiler-title\" tabindex=\"0\" role=\"button\"><span class=\"su-spoiler-icon\"><\/span>Regulamin zasad partycypacji Sp\u00f3\u0142dzielni w wymianie stolarki okiennej w lokalach cz\u0142onk\u00f3w Sp\u00f3\u0142dzielni Mieszkaniowej KOPERNIK w Toruniu<\/div><div class=\"su-spoiler-content su-u-clearfix su-u-trim\"><\/div><\/div>\n    <div class=\"su-spoiler su-spoiler-style-default su-spoiler-icon-plus regulminy su-spoiler-closed\" data-scroll-offset=\"0\" data-anchor-in-url=\"no\"><div class=\"su-spoiler-title\" tabindex=\"0\" role=\"button\"><span class=\"su-spoiler-icon\"><\/span>Regulamin dotycz\u0105cy monta\u017cu klimatyzator\u00f3w w lokalach mieszkalnych budynk\u00f3w zarz\u0105dzanych przez Sp\u00f3\u0142dzielni\u0119 Mieszkaniow\u0105 KOPERNIK w Toruniu<\/div><div class=\"su-spoiler-content su-u-clearfix su-u-trim\">\n   <strong>wraz z za\u0142\u0105cznikami<\/strong><\/div><\/div>\n  <\/div>\n <\/div>\n<div class=\"su-tabs-pane su-u-clearfix su-u-trim regulminy\" data-title=\"Rozliczanie koszt\u00f3w\">\n  <div class=\"su-accordion su-u-trim\">\n   <div class=\"su-spoiler su-spoiler-style-default su-spoiler-icon-plus regulaminy su-spoiler-closed\" data-scroll-offset=\"0\" data-anchor-in-url=\"no\"><div class=\"su-spoiler-title\" tabindex=\"0\" role=\"button\"><span class=\"su-spoiler-icon\"><\/span>Regulamin w sprawie zasad ustalania i rozliczania koszt\u00f3w gospodarki zasobami (lokale mieszkalne i u\u017cytkowe), jak r\u00f3wnie\u017c op\u0142at za u\u017cywanie lokali w Sp\u00f3\u0142dzielni Mieszkaniowej KOPERNIK w Toruniu<\/div><div class=\"su-spoiler-content su-u-clearfix su-u-trim\"><\/div><\/div>\n   <div class=\"su-spoiler su-spoiler-style-default su-spoiler-icon-plus regulminy su-spoiler-closed\" data-scroll-offset=\"0\" data-anchor-in-url=\"no\"><div class=\"su-spoiler-title\" tabindex=\"0\" role=\"button\"><span class=\"su-spoiler-icon\"><\/span>Regulamin w sprawie zasad rozliczania koszt\u00f3w gospodarki cieplnej i ustalania op\u0142at za centralne ogrzewanie oraz za podgrzanie wody u\u017cytkowej dla mieszka\u0144 i lokali u\u017cytkowych w  Sp\u00f3\u0142dzielni Mieszkaniowej \u201eKOPERNIK\u201d w Toruniu.<\/div><div class=\"su-spoiler-content su-u-clearfix su-u-trim\">\n\t <\/div><\/div>\n  <\/div>\n <\/div>\n<div class=\"su-tabs-pane su-u-clearfix su-u-trim regulaminy\" data-title=\"Obr\u00f3t lokalami\">\n  <div class=\"su-accordion su-u-trim\">\n   <div class=\"su-spoiler su-spoiler-style-default su-spoiler-icon-plus regulaminy su-spoiler-closed\" data-scroll-offset=\"0\" data-anchor-in-url=\"no\"><div class=\"su-spoiler-title\" tabindex=\"0\" role=\"button\"><span class=\"su-spoiler-icon\"><\/span>Regulamin zbywania lokali mieszkalnych w drodze nieograniczonego przetargu pisemnego w Sp\u00f3\u0142dzielni Mieszkaniowej KOPERNIK w Toruniu<\/div><div class=\"su-spoiler-content su-u-clearfix su-u-trim\"><\/div><\/div>\n  <\/div>\n <\/div>\n<div class=\"su-tabs-pane su-u-clearfix su-u-trim regulaminy\" data-title=\"Funkcjonowanie administracji\">\n  <div class=\"su-accordion su-u-trim\">\n   <div class=\"su-spoiler su-spoiler-style-default su-spoiler-icon-plus regulaminy su-spoiler-closed\" data-scroll-offset=\"0\" data-anchor-in-url=\"no\"><div class=\"su-spoiler-title\" tabindex=\"0\" role=\"button\"><span class=\"su-spoiler-icon\"><\/span>Regulamin okre\u015blaj\u0105cy procedur\u0119 udost\u0119pniania lub wydawania odpis\u00f3w, b\u0105d\u017a kopii wewn\u0119trznej dokumentacji oraz przygotowywania dokumentacji niezb\u0119dnej dla przekszta\u0142cenia praw do lokali w Sp\u00f3\u0142dzielni Mieszkaniowej \u201eKopernik\u201d w Toruniu<\/div><div class=\"su-spoiler-content su-u-clearfix su-u-trim\"><\/div><\/div>\n  <\/div>\n <\/div>\n<div class=\"su-tabs-pane su-u-clearfix su-u-trim regulminy\" data-title=\"Bezpiecze\u0144stwo i dzia\u0142alno\u015b\u0107 kulturalna\">\n  <div class=\"su-accordion su-u-trim\">\n   <div class=\"su-spoiler su-spoiler-style-default su-spoiler-icon-plus regulaminy su-spoiler-closed\" data-scroll-offset=\"0\" data-anchor-in-url=\"no\"><div class=\"su-spoiler-title\" tabindex=\"0\" role=\"button\"><span class=\"su-spoiler-icon\"><\/span>Regulamin w sprawie zasad gromadzenia i wykorzystywania \u015brodk\u00f3w finansowych pochodz\u0105cych z op\u0142aty na realizacj\u0119 programu poprawy bezpiecze\u0144stwa w Sp\u00f3\u0142dzielni Mieszkaniowej KOPERNIK w Toruniu<\/div><div class=\"su-spoiler-content su-u-clearfix su-u-trim\"><\/div><\/div>\n   <div class=\"su-spoiler su-spoiler-style-default su-spoiler-icon-plus regulaminy su-spoiler-closed\" data-scroll-offset=\"0\" data-anchor-in-url=\"no\"><div class=\"su-spoiler-title\" tabindex=\"0\" role=\"button\"><span class=\"su-spoiler-icon\"><\/span>Regulamin w sprawie prowadzenia dzia\u0142alno\u015bci spo\u0142ecznej, o\u015bwiatowej i kulturalnej na rzecz cz\u0142onk\u00f3w i ich rodzin zamieszka\u0142ych w budynkach Sp\u00f3\u0142dzielni Mieszkaniowej KOPERNIK w Toruniu<\/div><div class=\"su-spoiler-content su-u-clearfix su-u-trim\"><\/div><\/div>\n  <\/div><\/div><\/div><\/div>\n<\/div>\n","protected":false},"excerpt":{"rendered":"<p>Regulaminy<\/p>\n","protected":false},"author":1,"featured_media":0,"parent":5679,"menu_order":1,"comment_status":"closed","ping_status":"closed","template":"","meta":{"footnotes":""},"categories":[],"tags":[92,97],"class_list":["post-2835","page","type-page","status-publish","hentry","tag-dokumenty","tag-regulaminy"],"publishpress_future_action":{"enabled":false,"date":"2026-05-24 19:32:26","action":"change-status","newStatus":"draft","terms":[],"taxonomy":"category","extraData":[]},"publishpress_future_workflow_manual_trigger":{"enabledWorkflows":[]},"_links":{"self":[{"href":"https:\/\/www.smkopernik.pl\/old2\/wp-json\/wp\/v2\/pages\/2835","targetHints":{"allow":["GET"]}}],"collection":[{"href":"https:\/\/www.smkopernik.pl\/old2\/wp-json\/wp\/v2\/pages"}],"about":[{"href":"https:\/\/www.smkopernik.pl\/old2\/wp-json\/wp\/v2\/types\/page"}],"author":[{"embeddable":true,"href":"https:\/\/www.smkopernik.pl\/old2\/wp-json\/wp\/v2\/users\/1"}],"replies":[{"embeddable":true,"href":"https:\/\/www.smkopernik.pl\/old2\/wp-json\/wp\/v2\/comments?post=2835"}],"version-history":[{"count":0,"href":"https:\/\/www.smkopernik.pl\/old2\/wp-json\/wp\/v2\/pages\/2835\/revisions"}],"up":[{"embeddable":true,"href":"https:\/\/www.smkopernik.pl\/old2\/wp-json\/wp\/v2\/pages\/5679"}],"wp:attachment":[{"href":"https:\/\/www.smkopernik.pl\/old2\/wp-json\/wp\/v2\/media?parent=2835"}],"wp:term":[{"taxonomy":"category","embeddable":true,"href":"https:\/\/www.smkopernik.pl\/old2\/wp-json\/wp\/v2\/categories?post=2835"},{"taxonomy":"post_tag","embeddable":true,"href":"https:\/\/www.smkopernik.pl\/old2\/wp-json\/wp\/v2\/tags?post=2835"}],"curies":[{"name":"wp","href":"https:\/\/api.w.org\/{rel}","templated":true}]}}