{"id":4478,"date":"2021-07-13T18:37:08","date_gmt":"2021-07-13T16:37:08","guid":{"rendered":"https:\/\/www.smkopernik.pl\/?page_id=4478"},"modified":"2021-11-21T03:13:31","modified_gmt":"2021-11-21T02:13:31","slug":"telefony","status":"publish","type":"page","link":"https:\/\/www.smkopernik.pl\/old2\/spoldzielnia\/wazne-informacje\/telefony\/","title":{"rendered":"Telefony"},"content":{"rendered":"<div class=\"contener-tytul\">\n<div class=\"tytul-strony\">Telefony<\/div>\n<\/div>\n<div class=\"adresy\" style=\"\">\n<p style=\"font-weight: bold;\">Od 1 stycznia 2007&nbsp;r. w&nbsp;Sp\u00f3\u0142dzielni Mieszkaniowej KOPERNIK<br \/>obowi\u0105zuj\u0105 nast\u0119puj\u0105ce numery telefon\u00f3w:<\/p>\n<table width=\"100%\">\n<tr class=\"part-a\">\n<td>sekretariat<\/td>\n<td>&nbsp;\u2014&nbsp;<\/td>\n<td>56-612-06-20<\/td>\n<\/tr>\n<tr>\n<td>fax<\/td>\n<td>&nbsp;\u2014&nbsp;<\/td>\n<td>56-612-06-44<\/td>\n<\/tr>\n<tr class=\"part-a\">\n<td>dzia\u0142 finansowo-ksi\u0119gowy<\/td>\n<td>&nbsp;\u2014&nbsp;<\/td>\n<td>56-612-06-03<\/td>\n<\/tr>\n<tr>\n<td>dzia\u0142 techniczno-inwestycyjny<\/td>\n<td>&nbsp;\u2014&nbsp;<\/td>\n<td>56-612-06-02<\/td>\n<\/tr>\n<tr class=\"part-a\">\n<td>dzia\u0142 spraw cz\u0142onkowskich<\/td>\n<td>&nbsp;\u2014&nbsp;<\/td>\n<td>56-612-06-04<\/td>\n<\/tr>\n<tr>\n<td>dzia\u0142 analiz ekonomicznych i&nbsp;gospodarki&nbsp;lokalami<\/td>\n<td>&nbsp;\u2014&nbsp;<\/td>\n<td>56-612-06-05<\/td>\n<\/tr>\n<\/table>\n<p>\t\t\t\t<P style=\"text-align: left; font-weight: bold;\">Ponadto istnieje mo\u017cliwo\u015b\u0107 bezpo\u015brednich po\u0142\u0105cze\u0144<br \/>z poszczeg\u00f3lnymi stanowiskami pracy:<\/p>\n<p><\/p>\n<table width=\"100%\">\n<tr class=\"part\">\n<td colspan=\"3\"> &nbsp; DZIA\u0141 FINANSOWO-KSI\u0118GOWY &nbsp; <\/td>\n<\/tr>\n<tr class=\"park\">\n<td> &nbsp; &nbsp; &nbsp; Kierownik &nbsp; <\/td>\n<td> &nbsp; \u2014 &nbsp; <\/td>\n<td> &nbsp; 56-612-06-11 &nbsp; <\/td>\n<\/tr>\n<tr class=\"par1\">\n<td> &nbsp; &nbsp; &nbsp; Rozliczenie op\u0142at mieszkaniowych Osiedle Wsch\u00f3d &nbsp; <\/td>\n<td> &nbsp; \u2014 &nbsp; <\/td>\n<td> &nbsp; 56-612-06-47 &nbsp; <\/td>\n<\/tr>\n<tr class=\"par2\">\n<td> &nbsp; &nbsp; &nbsp; Rozliczenie op\u0142at mieszkaniowych Osiedle Tysi\u0105clecia &nbsp; <\/td>\n<td> &nbsp; \u2014 &nbsp; <\/td>\n<td> &nbsp; 56-612-06-54 &nbsp; <\/td>\n<\/tr>\n<tr class=\"par1\">\n<td> &nbsp; &nbsp; &nbsp; Rozliczenie op\u0142at mieszkaniowych Osiedle Zach\u00f3d &nbsp; <\/td>\n<td> &nbsp; \u2014 &nbsp; <\/td>\n<td> &nbsp; 56-612-06-43 &nbsp; <\/td>\n<\/tr>\n<tr class=\"par2\">\n<td> &nbsp; &nbsp; &nbsp; Kasa &nbsp; <\/td>\n<td> &nbsp; \u2014 &nbsp; <\/td>\n<td> &nbsp; 56-612-06-48 &nbsp; <\/td>\n<\/tr>\n<tr class=\"par1\">\n<td> &nbsp; &nbsp; &nbsp; Sp\u0142ata kredyt\u00f3w mieszkaniowych &nbsp; <\/td>\n<td> &nbsp; \u2014 &nbsp; <\/td>\n<td> &nbsp; 56-612-06-41 &nbsp; <\/td>\n<\/tr>\n<tr class=\"par2\">\n<td> &nbsp; &nbsp; &nbsp; Rozliczenia z&nbsp;tytu\u0142u wk\u0142ad\u00f3w i&nbsp;udzia\u0142\u00f3w &nbsp; <\/td>\n<td> &nbsp; \u2014 &nbsp; <\/td>\n<td> &nbsp; 56-612-06-42 &nbsp; <\/td>\n<\/tr>\n<tr class=\"par1\">\n<td> &nbsp; &nbsp; &nbsp; Rozliczenia zu\u017cycia wody<\/td>\n<td> &nbsp; \u2014 &nbsp; <br \/> &nbsp; \u2014 &nbsp; <\/td>\n<td> &nbsp; 56-612-06-17 &nbsp; <br \/> &nbsp; 56-612-06-55 &nbsp; <\/td>\n<\/tr>\n<tr class=\"part\">\n<td colspan=\"3\"> &nbsp; DZIA\u0141 TECHNICZNO-INWESTYCYJNY &nbsp; <\/td>\n<\/tr>\n<tr class=\"park\">\n<td> &nbsp; &nbsp; &nbsp; Kierownik &nbsp; <\/td>\n<td> &nbsp; \u2014 &nbsp; <\/td>\n<td> &nbsp; 56-612-06-28 &nbsp; <\/td>\n<\/tr>\n<p>\t\t\t\t\t<!-- \n\n<tr class=\"par\">\n\n<td> &nbsp; Zast\u0119pca kierownika &nbsp; <\/td>\n\n\n\n<td> &nbsp; \u2014 &nbsp; <\/td>\n\n\n\n<td> &nbsp; 56-612-06-33 &nbsp; <\/td>\n\n<\/tr>\n\n --><\/p>\n<tr class=\"par1\">\n<td> &nbsp; &nbsp; &nbsp; Inspektor ds. instalacji sanitarnych &nbsp; <\/td>\n<td> &nbsp; \u2014 &nbsp; <\/td>\n<td> &nbsp; 56-612-06-32 &nbsp; <\/td>\n<\/tr>\n<tr class=\"par2\">\n<td> &nbsp; &nbsp; &nbsp; Inspektor ds. instalacji elektrycznych &nbsp; <\/td>\n<td> &nbsp; \u2014 &nbsp; <\/td>\n<td> &nbsp; 56-612-06-37 &nbsp; <\/td>\n<\/tr>\n<tr class=\"par1\">\n<td> &nbsp; &nbsp; &nbsp; Wymiana stolarki okiennej &nbsp; <\/td>\n<td> &nbsp; \u2014 &nbsp; <\/td>\n<td> &nbsp; 56-612-06-33 &nbsp; <\/td>\n<\/tr>\n<tr class=\"par2\">\n<td> &nbsp; &nbsp; &nbsp; Inspektor ds. budowlanych Osiedle Wsch\u00f3d &nbsp; <\/td>\n<td> &nbsp; \u2014 &nbsp; <\/td>\n<td> &nbsp; 56-612-06-29 &nbsp; <\/td>\n<\/tr>\n<tr class=\"par1\">\n<td> &nbsp; &nbsp; &nbsp; Inspektor ds. budowlanych Osiedle Tysi\u0105clecia &nbsp; <\/td>\n<td> &nbsp; \u2014 &nbsp; <\/td>\n<td> &nbsp; 56-612-06-33 &nbsp; <\/td>\n<\/tr>\n<tr class=\"par2\">\n<td> &nbsp; &nbsp; &nbsp; Inspektor ds. budowlanych Osiedle Zach\u00f3d &nbsp; <\/td>\n<td> &nbsp; \u2014 &nbsp; <\/td>\n<td> &nbsp; 56-612-06-59 &nbsp; <\/td>\n<\/tr>\n<tr class=\"part\">\n<td> &nbsp; DZIA\u0141 PRAWNY &nbsp; <\/td>\n<td> &nbsp; \u2014 &nbsp; <\/td>\n<td> &nbsp; 56-612-06-30 &nbsp; <\/td>\n<\/tr>\n<tr class=\"par1\">\n<td> &nbsp; Inspektor ds. samorz\u0105dowych &nbsp; <\/td>\n<td> &nbsp; \u2014 &nbsp; <\/td>\n<td> &nbsp; 56-612-06-35 &nbsp; <\/td>\n<\/tr>\n<tr class=\"part\">\n<td colspan=\"3\"> &nbsp; DZIA\u0141 ANALIZ EKONOMICZNYCH i&nbsp;GOSPODARKI LOKALAMI &nbsp; <\/td>\n<\/tr>\n<tr class=\"park\">\n<td> &nbsp; &nbsp; &nbsp; Kierownik &nbsp; <\/td>\n<td> &nbsp; \u2014 &nbsp; <\/td>\n<td> &nbsp; 56-612-06-16 &nbsp; <\/td>\n<\/tr>\n<tr class=\"par1\">\n<td> &nbsp; &nbsp; &nbsp; Rozliczenia koszt\u00f3w centralnego ogrzewania &nbsp; <\/td>\n<td> &nbsp; \u2014 &nbsp; <\/td>\n<td> &nbsp; 56-612-06-49 &nbsp; <\/td>\n<\/tr>\n<tr class=\"par2\">\n<td> &nbsp; &nbsp; &nbsp; Inspektor ds. gospodarki lokalami &nbsp; <\/td>\n<td> &nbsp; \u2014 &nbsp; <\/td>\n<td> &nbsp; 56-612-06-14 &nbsp; <\/td>\n<\/tr>\n<tr class=\"par1\">\n<td> &nbsp; &nbsp; &nbsp; Inspektor ds. gospodarki lokalami &nbsp; <\/td>\n<td> &nbsp; \u2014 &nbsp; <\/td>\n<td> &nbsp; 56-612-06-26 &nbsp; <\/td>\n<\/tr>\n<tr class=\"part\">\n<td colspan=\"3\"> &nbsp; DZIA\u0141 SPRAW CZ\u0141ONKOWSKICH &nbsp; <\/td>\n<\/tr>\n<tr class=\"park\">\n<td> &nbsp; &nbsp; &nbsp; Kierownik &nbsp; <\/td>\n<td> &nbsp; \u2014 &nbsp; <\/td>\n<td> &nbsp; 56-612-06-39 &nbsp; <\/td>\n<\/tr>\n<tr class=\"par1\">\n<td> &nbsp; &nbsp; &nbsp; Referent ds. cz\u0142onkowsko-mieszkaniowych &nbsp; <\/td>\n<td> &nbsp; \u2014 &nbsp; <\/td>\n<td> &nbsp; 56-612-06-31 &nbsp; <\/td>\n<\/tr>\n<tr class=\"par2\">\n<td> &nbsp; &nbsp; &nbsp; Referent ds. cz\u0142onkowsko-mieszkaniowych &nbsp; <\/td>\n<td> &nbsp; \u2014 &nbsp; <\/td>\n<td> &nbsp; 56-612-06-46 &nbsp; <\/td>\n<\/tr>\n<tr class=\"part\">\n<td colspan=\"3\"> &nbsp; DZIA\u0141 ORGANIZACYJNY &nbsp; <\/td>\n<\/tr>\n<tr class=\"park\">\n<td> &nbsp; &nbsp; &nbsp; Kierownik &nbsp; <\/td>\n<td> &nbsp; \u2014 &nbsp; <\/td>\n<td> &nbsp; 56-612-06-34 &nbsp; <\/td>\n<\/tr>\n<tr class=\"par1\">\n<td> &nbsp; &nbsp; &nbsp; Sekretariat &nbsp; <\/td>\n<td> &nbsp; \u2014 &nbsp; <\/td>\n<td> &nbsp; 56-612-06-20 &nbsp; <\/td>\n<\/tr>\n<\/table>\n<p><\/p>\n<p style=\"font-weight: bold\">Nie ulegaj\u0105 zmianie numery telefon\u00f3w <a href=\"https:\/\/www.smkopernik.pl\/kontakt\/\">Administracji Osiedli<\/a><\/p>\n<\/div>\n","protected":false},"excerpt":{"rendered":"<p>Telefony Od 1 stycznia 2007&nbsp;r. w&nbsp;Sp\u00f3\u0142dzielni Mieszkaniowej KOPERNIKobowi\u0105zuj\u0105 nast\u0119puj\u0105ce numery telefon\u00f3w: sekretariat &nbsp;\u2014&nbsp; 56-612-06-20 fax &nbsp;\u2014&nbsp; 56-612-06-44 dzia\u0142 finansowo-ksi\u0119gowy &nbsp;\u2014&nbsp; 56-612-06-03 dzia\u0142 techniczno-inwestycyjny &nbsp;\u2014&nbsp; 56-612-06-02&hellip;<\/p>\n","protected":false},"author":1,"featured_media":0,"parent":10490,"menu_order":1,"comment_status":"closed","ping_status":"closed","template":"","meta":{"footnotes":""},"categories":[],"tags":[137,124,136],"class_list":["post-4478","page","type-page","status-publish","hentry","tag-kontakt","tag-spoldzielnia","tag-telefony"],"publishpress_future_action":{"enabled":false,"date":"2026-05-24 16:59:55","action":"change-status","newStatus":"draft","terms":[],"taxonomy":"category","extraData":[]},"publishpress_future_workflow_manual_trigger":{"enabledWorkflows":[]},"_links":{"self":[{"href":"https:\/\/www.smkopernik.pl\/old2\/wp-json\/wp\/v2\/pages\/4478","targetHints":{"allow":["GET"]}}],"collection":[{"href":"https:\/\/www.smkopernik.pl\/old2\/wp-json\/wp\/v2\/pages"}],"about":[{"href":"https:\/\/www.smkopernik.pl\/old2\/wp-json\/wp\/v2\/types\/page"}],"author":[{"embeddable":true,"href":"https:\/\/www.smkopernik.pl\/old2\/wp-json\/wp\/v2\/users\/1"}],"replies":[{"embeddable":true,"href":"https:\/\/www.smkopernik.pl\/old2\/wp-json\/wp\/v2\/comments?post=4478"}],"version-history":[{"count":0,"href":"https:\/\/www.smkopernik.pl\/old2\/wp-json\/wp\/v2\/pages\/4478\/revisions"}],"up":[{"embeddable":true,"href":"https:\/\/www.smkopernik.pl\/old2\/wp-json\/wp\/v2\/pages\/10490"}],"wp:attachment":[{"href":"https:\/\/www.smkopernik.pl\/old2\/wp-json\/wp\/v2\/media?parent=4478"}],"wp:term":[{"taxonomy":"category","embeddable":true,"href":"https:\/\/www.smkopernik.pl\/old2\/wp-json\/wp\/v2\/categories?post=4478"},{"taxonomy":"post_tag","embeddable":true,"href":"https:\/\/www.smkopernik.pl\/old2\/wp-json\/wp\/v2\/tags?post=4478"}],"curies":[{"name":"wp","href":"https:\/\/api.w.org\/{rel}","templated":true}]}}