{"id":4572,"date":"2021-07-17T15:10:24","date_gmt":"2021-07-17T13:10:24","guid":{"rendered":"https:\/\/www.smkopernik.pl\/?page_id=4572"},"modified":"2021-11-21T03:10:50","modified_gmt":"2021-11-21T02:10:50","slug":"kasa","status":"publish","type":"page","link":"https:\/\/www.smkopernik.pl\/old2\/spoldzielnia\/wazne-informacje\/kasa\/","title":{"rendered":"Kasa"},"content":{"rendered":"<div class=\"contener-tytul\">\n<div class=\"tytul-strony\">Kasa<\/div>\n<p><\/di><\/p>\n<div class=\"kasa\">\n<p class=\"kasa\">Zapraszamy interesant\u00f3w:<\/p>\n<table class=\"kasa\">\n<tbody>\n<tr>\n<td>\u2014<\/td>\n<td>poniedzia\u0142ek &#8211; pi\u0105tek:<\/td>\n<td>8:00 \u2013 9:00<\/td>\n<td>oraz<\/td>\n<td>11:00 \u2013 14:30<\/td>\n<\/tr>\n<tr>\n<td>\u2014<\/td>\n<td>wtorek:<\/td>\n<td>8:00 \u2013 9:00<\/td>\n<td>oraz<\/td>\n<td>11:00 \u2013 15:00<\/td>\n<\/tr>\n<\/tbody>\n<\/table>\n<p>&nbsp;<\/p>\n<p class=\"kasa\">W kasie sp\u00f3\u0142dzielni realizowane s\u0105 wp\u0142aty:<\/p>\n<ul class=\"kasa\">\n<li>dop\u0142ata czynszu<\/li>\n<li>dop\u0142ata za zu\u017cyt\u0105 wod\u0119<\/li>\n<li>dop\u0142ata wynikaj\u0105ca z rozliczenia koszt\u00f3w centralnego ogrzewania.<\/li>\n<\/ul>\n<p>&nbsp;<\/p>\n<p class=\"kasa\">W kasie sp\u00f3\u0142dzielni realizowane s\u0105 wyp\u0142aty:<\/p>\n<ul class=\"kasa\">\n<li>nadp\u0142ata czynszu<\/li>\n<li>nadp\u0142ata za zu\u017cyt\u0105 wod\u0119<\/li>\n<li>nadp\u0142ata wynikaj\u0105ca z rozliczenia koszt\u00f3w centralnego ogrzewania<\/li>\n<li>zwrot udzia\u0142u cz\u0142onkowskiego.<\/li>\n<\/ul>\n<p>&nbsp;<\/p>\n<p class=\"kasa\">Warunkiem realizacji wyp\u0142aty jest wcze\u015bniejsze ustalenie jej terminu w Kasie Sp\u00f3\u0142dzielni.<\/p>\n<p>&nbsp;\t\t\t\t\t<\/p>\n<p class=\"kasa\">Wyp\u0142aty dokonywane s\u0105 wy\u0142\u0105cznie osobom wskazanym na poleceniach wyp\u0142aty, po okazaniu wa\u017cnego dokumentu to\u017csamo\u015bci ze zdj\u0119ciem (dow\u00f3d osobisty, prawo jazdy, paszport).<\/p>\n<p>&nbsp;<\/p>\n<p class=\"kasa\">W kasie mo\u017cliwy jest r\u00f3wnie\u017c odbi\u00f3r czek\u00f3w got\u00f3wkowych zwi\u0105zanych ze zwrotem \u015brodk\u00f3w pieni\u0119\u017cnych (np. za wymian\u0119 stolarki okiennej) w terminie uprzednio ustalonym i po okazaniu dowodu to\u017csamo\u015bci. Do odbioru pieni\u0119dzy lub czeku got\u00f3wkowego uprawniona jest wy\u0142\u0105cznie osoba wskazana na dokumencie wyp\u0142aty.<\/p>\n<p>&nbsp;<\/p>\n<p class=\"kasa\">Bie\u017c\u0105ce op\u0142aty mieszkaniowe nale\u017cy realizowa\u0107:<\/p>\n<ul class=\"kasa\">\n<li><font color=\"#000FF0\">got\u00f3wkowo<\/font> <font color=\"#a54060\">bez prowizji<\/font> poprzez sie\u0107 agencji Monetia lub Urz\u0119d\u00f3w Poczty<\/li>\n<li><font color=\"#000FF0\">przelewem<\/font> na konto Sp\u00f3\u0142dzielni:\n<ul class=\"kasa\">\n<li>w Banku Pocztowym, wskazane w ksi\u0105\u017ceczce op\u0142at<\/li>\n<li>w banku PKO BP, o numerze 18&nbsp;1020&nbsp;5011&nbsp;0000&nbsp;9302&nbsp;0012&nbsp;8546.<\/li>\n<\/ul>\n<\/li>\n<\/ul>\n","protected":false},"excerpt":{"rendered":"<p>Kasa Zapraszamy interesant\u00f3w: \u2014 poniedzia\u0142ek &#8211; pi\u0105tek: 8:00 \u2013 9:00 oraz 11:00 \u2013 14:30 \u2014 wtorek: 8:00 \u2013 9:00 oraz 11:00 \u2013 15:00 &nbsp; W&hellip;<\/p>\n","protected":false},"author":1,"featured_media":0,"parent":10490,"menu_order":4,"comment_status":"closed","ping_status":"closed","template":"","meta":{"footnotes":""},"categories":[],"tags":[129,124],"class_list":["post-4572","page","type-page","status-publish","hentry","tag-kasa","tag-spoldzielnia"],"publishpress_future_action":{"enabled":false,"date":"2026-05-24 16:59:47","action":"change-status","newStatus":"draft","terms":[],"taxonomy":"category","extraData":[]},"publishpress_future_workflow_manual_trigger":{"enabledWorkflows":[]},"_links":{"self":[{"href":"https:\/\/www.smkopernik.pl\/old2\/wp-json\/wp\/v2\/pages\/4572","targetHints":{"allow":["GET"]}}],"collection":[{"href":"https:\/\/www.smkopernik.pl\/old2\/wp-json\/wp\/v2\/pages"}],"about":[{"href":"https:\/\/www.smkopernik.pl\/old2\/wp-json\/wp\/v2\/types\/page"}],"author":[{"embeddable":true,"href":"https:\/\/www.smkopernik.pl\/old2\/wp-json\/wp\/v2\/users\/1"}],"replies":[{"embeddable":true,"href":"https:\/\/www.smkopernik.pl\/old2\/wp-json\/wp\/v2\/comments?post=4572"}],"version-history":[{"count":0,"href":"https:\/\/www.smkopernik.pl\/old2\/wp-json\/wp\/v2\/pages\/4572\/revisions"}],"up":[{"embeddable":true,"href":"https:\/\/www.smkopernik.pl\/old2\/wp-json\/wp\/v2\/pages\/10490"}],"wp:attachment":[{"href":"https:\/\/www.smkopernik.pl\/old2\/wp-json\/wp\/v2\/media?parent=4572"}],"wp:term":[{"taxonomy":"category","embeddable":true,"href":"https:\/\/www.smkopernik.pl\/old2\/wp-json\/wp\/v2\/categories?post=4572"},{"taxonomy":"post_tag","embeddable":true,"href":"https:\/\/www.smkopernik.pl\/old2\/wp-json\/wp\/v2\/tags?post=4572"}],"curies":[{"name":"wp","href":"https:\/\/api.w.org\/{rel}","templated":true}]}}