{"id":5321,"date":"2021-08-02T10:49:11","date_gmt":"2021-08-02T08:49:11","guid":{"rendered":"https:\/\/www.smkopernik.pl\/?page_id=5321"},"modified":"2022-06-07T21:23:38","modified_gmt":"2022-06-07T19:23:38","slug":"wspolnoty-mieszkaniowe","status":"publish","type":"page","link":"https:\/\/www.smkopernik.pl\/old2\/wspolnoty-mieszkaniowe\/","title":{"rendered":"Wsp\u00f3lnoty mieszkaniowe"},"content":{"rendered":"<div class=\"contener-tytul-strona\">\n<div class=\"tytul-strony\">Wsp\u00f3lnoty mieszkaniowe<\/div>\n<\/div>\n<div><\/div>\n<div>Sp\u00f3\u0142dzielnia Mieszkaniowa KOPERNIK administruje b\u0105d\u017a zarz\u0105dza nast\u0119puj\u0105cymi wsp\u00f3lnotami mieszkaniowymi:<\/div>\n<div class=\"ws\" style=\"margin:10px auto; width:100%; text-align:center;\">\n<div id=\"envira-gallery-wrap-11309\" class=\"envira-gallery-wrap envira-gallery-theme-base envira-lightbox-theme-base\" itemscope itemtype=\"https:\/\/schema.org\/ImageGallery\"><div data-row-height=\"150\" data-gallery-theme=\"normal\" id=\"envira-gallery-11309\" class=\"envira-gallery-public envira-gallery-justified-public envira-gallery-0-columns envira-clear enviratope envira-gallery-css-animations\" data-envira-columns=\"0\"><div id=\"envira-gallery-item-8765\" class=\"envira-gallery-item enviratope-item envira-gallery-item-1 envira-lazy-load\" style=\"padding-left: 5px; padding-bottom: 10px; padding-right: 5px;\"  itemscope itemtype=\"https:\/\/schema.org\/ImageObject\"><div class=\"envira-gallery-item-inner\"><div class=\"envira-gallery-position-overlay  envira-gallery-top-left\"><\/div><div class=\"envira-gallery-position-overlay  envira-gallery-top-right\"><\/div><div class=\"envira-gallery-position-overlay  envira-gallery-bottom-left\"><\/div><div class=\"envira-gallery-position-overlay  envira-gallery-bottom-right\"><\/div><a href=\"https:\/\/www.smkopernik.pl\/wp-content\/uploads\/2021\/09\/wm-bro33.jpg\" class=\"envira-gallery-11309 envira-gallery-link\" rel=\"enviragallery11309\" title=\"Wsp&oacute;lnota Mieszkaniowa&amp;lt;br \/&amp;gt;ul. Broniewskiego 33\" data-envira-caption=\"Wsp&oacute;lnota Mieszkaniowa&amp;lt;br \/&amp;gt;ul. Broniewskiego 33\" data-envira-retina=\"\" data-thumbnail=\"\"  itemprop=\"contentUrl\"><img decoding=\"async\" id=\"envira-gallery-image-8765\" class=\"envira-gallery-image envira-gallery-image-1 envira-normal envira-lazy\" data-envira-index=\"1\" src=\"https:\/\/www.smkopernik.pl\/old2\/wp-content\/uploads\/2021\/09\/wm-bro33-640x480.jpg\" data-envira-src=\"https:\/\/www.smkopernik.pl\/old2\/wp-content\/uploads\/2021\/09\/wm-bro33-640x480.jpg\" data-envira-gallery-id=\"11309\" data-envira-item-id=\"8765\" data-envira-caption=\"Wsp&oacute;lnota Mieszkaniowa&amp;lt;br \/&amp;gt;ul. Broniewskiego 33\" alt=\"Wsp\u00f3lnota Mieszkaniowa ul. Broniewskiego 33\" title=\"Wsp\u00f3lnota Mieszkaniowa&lt;br \/&gt;ul. Broniewskiego 33\"  itemprop=\"thumbnailUrl\" data-envira-srcset=\"https:\/\/www.smkopernik.pl\/old2\/wp-content\/uploads\/2021\/09\/wm-bro33-640x480.jpg 400w,https:\/\/www.smkopernik.pl\/old2\/wp-content\/uploads\/2021\/09\/wm-bro33-640x480.jpg 2x\" data-envira-width=\"300\" data-envira-height=\"150\" srcset=\"data:image\/gif;base64,R0lGODlhAQABAIAAAP\/\/\/\/\/\/\/yH5BAEKAAEALAAAAAABAAEAAAICTAEAOw==\" data-safe-src=\"data:image\/gif;base64,R0lGODlhAQABAIAAAP\/\/\/\/\/\/\/yH5BAEKAAEALAAAAAABAAEAAAICTAEAOw==\" \/><\/a><\/div><\/div><div id=\"envira-gallery-item-8767\" class=\"envira-gallery-item enviratope-item envira-gallery-item-2 envira-lazy-load\" style=\"padding-left: 5px; padding-bottom: 10px; padding-right: 5px;\"  itemscope itemtype=\"https:\/\/schema.org\/ImageObject\"><div class=\"envira-gallery-item-inner\"><div class=\"envira-gallery-position-overlay  envira-gallery-top-left\"><\/div><div class=\"envira-gallery-position-overlay  envira-gallery-top-right\"><\/div><div class=\"envira-gallery-position-overlay  envira-gallery-bottom-left\"><\/div><div class=\"envira-gallery-position-overlay  envira-gallery-bottom-right\"><\/div><a href=\"https:\/\/www.smkopernik.pl\/wp-content\/uploads\/2021\/09\/wm-koz17.jpg\" class=\"envira-gallery-11309 envira-gallery-link\" rel=\"enviragallery11309\" title=\"Wsp&oacute;lnota Mieszkaniowa&amp;lt;br \/&amp;gt;ul. Kozacka 17-19\" data-envira-caption=\"Wsp&oacute;lnota Mieszkaniowa&amp;lt;br \/&amp;gt;ul. Kozacka 17-19\" data-envira-retina=\"\" data-thumbnail=\"\"  itemprop=\"contentUrl\"><img decoding=\"async\" id=\"envira-gallery-image-8767\" class=\"envira-gallery-image envira-gallery-image-2 envira-normal envira-lazy\" data-envira-index=\"2\" src=\"https:\/\/www.smkopernik.pl\/old2\/wp-content\/uploads\/2021\/09\/wm-koz17-640x480.jpg\" data-envira-src=\"https:\/\/www.smkopernik.pl\/old2\/wp-content\/uploads\/2021\/09\/wm-koz17-640x480.jpg\" data-envira-gallery-id=\"11309\" data-envira-item-id=\"8767\" data-envira-caption=\"Wsp&oacute;lnota Mieszkaniowa&amp;lt;br \/&amp;gt;ul. Kozacka 17-19\" alt=\"Wsp\u00f3lnota Mieszkaniowa ul. Kozacka 17-19\" title=\"Wsp\u00f3lnota Mieszkaniowa&lt;br \/&gt;ul. Kozacka 17-19\"  itemprop=\"thumbnailUrl\" data-envira-srcset=\"https:\/\/www.smkopernik.pl\/old2\/wp-content\/uploads\/2021\/09\/wm-koz17-640x480.jpg 400w,https:\/\/www.smkopernik.pl\/old2\/wp-content\/uploads\/2021\/09\/wm-koz17-640x480.jpg 2x\" data-envira-width=\"300\" data-envira-height=\"150\" srcset=\"data:image\/gif;base64,R0lGODlhAQABAIAAAP\/\/\/\/\/\/\/yH5BAEKAAEALAAAAAABAAEAAAICTAEAOw==\" data-safe-src=\"data:image\/gif;base64,R0lGODlhAQABAIAAAP\/\/\/\/\/\/\/yH5BAEKAAEALAAAAAABAAEAAAICTAEAOw==\" \/><\/a><\/div><\/div><div id=\"envira-gallery-item-8768\" class=\"envira-gallery-item enviratope-item envira-gallery-item-3 envira-lazy-load\" style=\"padding-left: 5px; padding-bottom: 10px; padding-right: 5px;\"  itemscope itemtype=\"https:\/\/schema.org\/ImageObject\"><div class=\"envira-gallery-item-inner\"><div class=\"envira-gallery-position-overlay  envira-gallery-top-left\"><\/div><div class=\"envira-gallery-position-overlay  envira-gallery-top-right\"><\/div><div class=\"envira-gallery-position-overlay  envira-gallery-bottom-left\"><\/div><div class=\"envira-gallery-position-overlay  envira-gallery-bottom-right\"><\/div><a href=\"https:\/\/www.smkopernik.pl\/wp-content\/uploads\/2021\/09\/wm-kra65.jpg\" class=\"envira-gallery-11309 envira-gallery-link\" rel=\"enviragallery11309\" title=\"Wsp&oacute;lnota Mieszkaniowa&amp;lt;br \/&amp;gt;ul. Krasi\u0144skiego 65-65a\" data-envira-caption=\"Wsp&oacute;lnota Mieszkaniowa&amp;lt;br \/&amp;gt;ul. Krasi\u0144skiego 65-65a\" data-envira-retina=\"\" data-thumbnail=\"\"  itemprop=\"contentUrl\"><img decoding=\"async\" id=\"envira-gallery-image-8768\" class=\"envira-gallery-image envira-gallery-image-3 envira-normal envira-lazy\" data-envira-index=\"3\" src=\"https:\/\/www.smkopernik.pl\/old2\/wp-content\/uploads\/2021\/09\/wm-kra65-640x480.jpg\" data-envira-src=\"https:\/\/www.smkopernik.pl\/old2\/wp-content\/uploads\/2021\/09\/wm-kra65-640x480.jpg\" data-envira-gallery-id=\"11309\" data-envira-item-id=\"8768\" data-envira-caption=\"Wsp&oacute;lnota Mieszkaniowa&amp;lt;br \/&amp;gt;ul. Krasi\u0144skiego 65-65a\" alt=\"\" title=\"Wsp\u00f3lnota Mieszkaniowa&lt;br \/&gt;ul. Krasi\u0144skiego 65-65a\"  itemprop=\"thumbnailUrl\" data-envira-srcset=\"https:\/\/www.smkopernik.pl\/old2\/wp-content\/uploads\/2021\/09\/wm-kra65-640x480.jpg 400w,https:\/\/www.smkopernik.pl\/old2\/wp-content\/uploads\/2021\/09\/wm-kra65-640x480.jpg 2x\" data-envira-width=\"300\" data-envira-height=\"150\" srcset=\"data:image\/gif;base64,R0lGODlhAQABAIAAAP\/\/\/\/\/\/\/yH5BAEKAAEALAAAAAABAAEAAAICTAEAOw==\" data-safe-src=\"data:image\/gif;base64,R0lGODlhAQABAIAAAP\/\/\/\/\/\/\/yH5BAEKAAEALAAAAAABAAEAAAICTAEAOw==\" \/><\/a><\/div><\/div><div id=\"envira-gallery-item-8769\" class=\"envira-gallery-item enviratope-item envira-gallery-item-4 envira-lazy-load\" style=\"padding-left: 5px; padding-bottom: 10px; padding-right: 5px;\"  itemscope itemtype=\"https:\/\/schema.org\/ImageObject\"><div class=\"envira-gallery-item-inner\"><div class=\"envira-gallery-position-overlay  envira-gallery-top-left\"><\/div><div class=\"envira-gallery-position-overlay  envira-gallery-top-right\"><\/div><div class=\"envira-gallery-position-overlay  envira-gallery-bottom-left\"><\/div><div class=\"envira-gallery-position-overlay  envira-gallery-bottom-right\"><\/div><a href=\"https:\/\/www.smkopernik.pl\/wp-content\/uploads\/2021\/09\/wm-kra86.jpg\" class=\"envira-gallery-11309 envira-gallery-link\" rel=\"enviragallery11309\" title=\"Wsp&oacute;lnota Mieszkaniowa&amp;lt;br \/&amp;gt;przy ul. Krasi\u0144skiego 86\" data-envira-caption=\"Wsp&oacute;lnota Mieszkaniowa&amp;lt;br \/&amp;gt;przy ul. Krasi\u0144skiego 86\" data-envira-retina=\"\" data-thumbnail=\"\"  itemprop=\"contentUrl\"><img decoding=\"async\" id=\"envira-gallery-image-8769\" class=\"envira-gallery-image envira-gallery-image-4 envira-normal envira-lazy\" data-envira-index=\"4\" src=\"https:\/\/www.smkopernik.pl\/old2\/wp-content\/uploads\/2021\/09\/wm-kra86-640x480.jpg\" data-envira-src=\"https:\/\/www.smkopernik.pl\/old2\/wp-content\/uploads\/2021\/09\/wm-kra86-640x480.jpg\" data-envira-gallery-id=\"11309\" data-envira-item-id=\"8769\" data-envira-caption=\"Wsp&oacute;lnota Mieszkaniowa&amp;lt;br \/&amp;gt;przy ul. Krasi\u0144skiego 86\" alt=\"Wsp\u00f3lnota Mieszkaniowa przy ul. Krasi\u0144skiego 86\" title=\"Wsp\u00f3lnota Mieszkaniowa&lt;br \/&gt;przy ul. Krasi\u0144skiego 86\"  itemprop=\"thumbnailUrl\" data-envira-srcset=\"https:\/\/www.smkopernik.pl\/old2\/wp-content\/uploads\/2021\/09\/wm-kra86-640x480.jpg 400w,https:\/\/www.smkopernik.pl\/old2\/wp-content\/uploads\/2021\/09\/wm-kra86-640x480.jpg 2x\" data-envira-width=\"300\" data-envira-height=\"150\" srcset=\"data:image\/gif;base64,R0lGODlhAQABAIAAAP\/\/\/\/\/\/\/yH5BAEKAAEALAAAAAABAAEAAAICTAEAOw==\" data-safe-src=\"data:image\/gif;base64,R0lGODlhAQABAIAAAP\/\/\/\/\/\/\/yH5BAEKAAEALAAAAAABAAEAAAICTAEAOw==\" \/><\/a><\/div><\/div><div id=\"envira-gallery-item-8770\" class=\"envira-gallery-item enviratope-item envira-gallery-item-5 envira-lazy-load\" style=\"padding-left: 5px; padding-bottom: 10px; padding-right: 5px;\"  itemscope itemtype=\"https:\/\/schema.org\/ImageObject\"><div class=\"envira-gallery-item-inner\"><div class=\"envira-gallery-position-overlay  envira-gallery-top-left\"><\/div><div class=\"envira-gallery-position-overlay  envira-gallery-top-right\"><\/div><div class=\"envira-gallery-position-overlay  envira-gallery-bottom-left\"><\/div><div class=\"envira-gallery-position-overlay  envira-gallery-bottom-right\"><\/div><a href=\"https:\/\/www.smkopernik.pl\/wp-content\/uploads\/2021\/09\/wm-mat72.jpg\" class=\"envira-gallery-11309 envira-gallery-link\" rel=\"enviragallery11309\" title=\"Wsp&oacute;lnota Mieszkaniowa Nieruchomo\u015bci&amp;lt;br&amp;gt;przy ul. Matejki 72\" data-envira-caption=\"Wsp&oacute;lnota Mieszkaniowa Nieruchomo\u015bci&amp;lt;br&amp;gt;przy ul. Matejki 72\" data-envira-retina=\"\" data-thumbnail=\"\"  itemprop=\"contentUrl\"><img decoding=\"async\" id=\"envira-gallery-image-8770\" class=\"envira-gallery-image envira-gallery-image-5 envira-normal envira-lazy\" data-envira-index=\"5\" src=\"https:\/\/www.smkopernik.pl\/old2\/wp-content\/uploads\/2021\/09\/wm-mat72-640x480.jpg\" data-envira-src=\"https:\/\/www.smkopernik.pl\/old2\/wp-content\/uploads\/2021\/09\/wm-mat72-640x480.jpg\" data-envira-gallery-id=\"11309\" data-envira-item-id=\"8770\" data-envira-caption=\"Wsp&oacute;lnota Mieszkaniowa Nieruchomo\u015bci&amp;lt;br&amp;gt;przy ul. Matejki 72\" alt=\"Wsp\u00f3lnota Mieszkaniowa Nieruchomo\u015bci przy ul. Matejki 72\" title=\"Wsp\u00f3lnota Mieszkaniowa Nieruchomo\u015bci&lt;br&gt;przy ul. Matejki 72\"  itemprop=\"thumbnailUrl\" data-envira-srcset=\"https:\/\/www.smkopernik.pl\/old2\/wp-content\/uploads\/2021\/09\/wm-mat72-640x480.jpg 400w,https:\/\/www.smkopernik.pl\/old2\/wp-content\/uploads\/2021\/09\/wm-mat72-640x480.jpg 2x\" data-envira-width=\"300\" data-envira-height=\"150\" srcset=\"data:image\/gif;base64,R0lGODlhAQABAIAAAP\/\/\/\/\/\/\/yH5BAEKAAEALAAAAAABAAEAAAICTAEAOw==\" data-safe-src=\"data:image\/gif;base64,R0lGODlhAQABAIAAAP\/\/\/\/\/\/\/yH5BAEKAAEALAAAAAABAAEAAAICTAEAOw==\" \/><\/a><\/div><\/div><div id=\"envira-gallery-item-8766\" class=\"envira-gallery-item enviratope-item envira-gallery-item-6 envira-lazy-load\" style=\"padding-left: 5px; padding-bottom: 10px; padding-right: 5px;\"  itemscope itemtype=\"https:\/\/schema.org\/ImageObject\"><div class=\"envira-gallery-item-inner\"><div class=\"envira-gallery-position-overlay  envira-gallery-top-left\"><\/div><div class=\"envira-gallery-position-overlay  envira-gallery-top-right\"><\/div><div class=\"envira-gallery-position-overlay  envira-gallery-bottom-left\"><\/div><div class=\"envira-gallery-position-overlay  envira-gallery-bottom-right\"><\/div><a href=\"https:\/\/www.smkopernik.pl\/wp-content\/uploads\/2021\/09\/wm-kat13.jpg\" class=\"envira-gallery-11309 envira-gallery-link\" rel=\"enviragallery11309\" title=\"Wsp&oacute;lnota Mieszkaniowa Nieruchomo\u015bci&amp;lt;br \/&amp;gt;przy Placu \u015aw. Katarzyny 13\" data-envira-caption=\"Wsp&oacute;lnota Mieszkaniowa Nieruchomo\u015bci&amp;lt;br \/&amp;gt;przy Placu \u015aw. Katarzyny 13\" data-envira-retina=\"\" data-thumbnail=\"\"  itemprop=\"contentUrl\"><img decoding=\"async\" id=\"envira-gallery-image-8766\" class=\"envira-gallery-image envira-gallery-image-6 envira-normal envira-lazy\" data-envira-index=\"6\" src=\"https:\/\/www.smkopernik.pl\/old2\/wp-content\/uploads\/2021\/09\/wm-kat13-640x480.jpg\" data-envira-src=\"https:\/\/www.smkopernik.pl\/old2\/wp-content\/uploads\/2021\/09\/wm-kat13-640x480.jpg\" data-envira-gallery-id=\"11309\" data-envira-item-id=\"8766\" data-envira-caption=\"Wsp&oacute;lnota Mieszkaniowa Nieruchomo\u015bci&amp;lt;br \/&amp;gt;przy Placu \u015aw. Katarzyny 13\" alt=\"Wsp\u00f3lnota Mieszkaniowa Nieruchomo\u015bci przy Placu \u015aw. Katarzyny 13\" title=\"Wsp\u00f3lnota Mieszkaniowa Nieruchomo\u015bci&lt;br \/&gt;przy Placu \u015aw. Katarzyny 13\"  itemprop=\"thumbnailUrl\" data-envira-srcset=\"https:\/\/www.smkopernik.pl\/old2\/wp-content\/uploads\/2021\/09\/wm-kat13-640x480.jpg 400w,https:\/\/www.smkopernik.pl\/old2\/wp-content\/uploads\/2021\/09\/wm-kat13-640x480.jpg 2x\" data-envira-width=\"300\" data-envira-height=\"150\" srcset=\"data:image\/gif;base64,R0lGODlhAQABAIAAAP\/\/\/\/\/\/\/yH5BAEKAAEALAAAAAABAAEAAAICTAEAOw==\" data-safe-src=\"data:image\/gif;base64,R0lGODlhAQABAIAAAP\/\/\/\/\/\/\/yH5BAEKAAEALAAAAAABAAEAAAICTAEAOw==\" \/><\/a><\/div><\/div><div id=\"envira-gallery-item-8771\" class=\"envira-gallery-item enviratope-item envira-gallery-item-7 envira-lazy-load\" style=\"padding-left: 5px; padding-bottom: 10px; padding-right: 5px;\"  itemscope itemtype=\"https:\/\/schema.org\/ImageObject\"><div class=\"envira-gallery-item-inner\"><div class=\"envira-gallery-position-overlay  envira-gallery-top-left\"><\/div><div class=\"envira-gallery-position-overlay  envira-gallery-top-right\"><\/div><div class=\"envira-gallery-position-overlay  envira-gallery-bottom-left\"><\/div><div class=\"envira-gallery-position-overlay  envira-gallery-bottom-right\"><\/div><a href=\"https:\/\/www.smkopernik.pl\/wp-content\/uploads\/2021\/09\/wm-wyb68.jpg\" class=\"envira-gallery-11309 envira-gallery-link\" rel=\"enviragallery11309\" title=\"Wsp&oacute;lnota Mieszkaniowa&amp;lt;br \/&amp;gt;ul.Wybickiego 68\" data-envira-caption=\"Wsp&oacute;lnota Mieszkaniowa&amp;lt;br \/&amp;gt;ul.Wybickiego 68\" data-envira-retina=\"\" data-thumbnail=\"\"  itemprop=\"contentUrl\"><img decoding=\"async\" id=\"envira-gallery-image-8771\" class=\"envira-gallery-image envira-gallery-image-7 envira-normal envira-lazy\" data-envira-index=\"7\" src=\"https:\/\/www.smkopernik.pl\/old2\/wp-content\/uploads\/2021\/09\/wm-wyb68-640x480.jpg\" data-envira-src=\"https:\/\/www.smkopernik.pl\/old2\/wp-content\/uploads\/2021\/09\/wm-wyb68-640x480.jpg\" data-envira-gallery-id=\"11309\" data-envira-item-id=\"8771\" data-envira-caption=\"Wsp&oacute;lnota Mieszkaniowa&amp;lt;br \/&amp;gt;ul.Wybickiego 68\" alt=\"Wsp\u00f3lnota Mieszkaniowa ul. Wybickiego 68\" title=\"Wsp\u00f3lnota Mieszkaniowa&lt;br \/&gt;ul.Wybickiego 68\"  itemprop=\"thumbnailUrl\" data-envira-srcset=\"https:\/\/www.smkopernik.pl\/old2\/wp-content\/uploads\/2021\/09\/wm-wyb68-640x480.jpg 400w,https:\/\/www.smkopernik.pl\/old2\/wp-content\/uploads\/2021\/09\/wm-wyb68-640x480.jpg 2x\" data-envira-width=\"300\" data-envira-height=\"150\" srcset=\"data:image\/gif;base64,R0lGODlhAQABAIAAAP\/\/\/\/\/\/\/yH5BAEKAAEALAAAAAABAAEAAAICTAEAOw==\" data-safe-src=\"data:image\/gif;base64,R0lGODlhAQABAIAAAP\/\/\/\/\/\/\/yH5BAEKAAEALAAAAAABAAEAAAICTAEAOw==\" \/><\/a><\/div><\/div><div id=\"envira-gallery-item-8772\" class=\"envira-gallery-item enviratope-item envira-gallery-item-8 envira-lazy-load\" style=\"padding-left: 5px; padding-bottom: 10px; padding-right: 5px;\"  itemscope itemtype=\"https:\/\/schema.org\/ImageObject\"><div class=\"envira-gallery-item-inner\"><div class=\"envira-gallery-position-overlay  envira-gallery-top-left\"><\/div><div class=\"envira-gallery-position-overlay  envira-gallery-top-right\"><\/div><div class=\"envira-gallery-position-overlay  envira-gallery-bottom-left\"><\/div><div class=\"envira-gallery-position-overlay  envira-gallery-bottom-right\"><\/div><a href=\"https:\/\/www.smkopernik.pl\/wp-content\/uploads\/2021\/09\/wm-wyb72.jpg\" class=\"envira-gallery-11309 envira-gallery-link\" rel=\"enviragallery11309\" title=\"Wsp&oacute;lnota Mieszkaniowa&amp;lt;br \/&amp;gt;ul. Wybickiego 72\" data-envira-caption=\"Wsp&oacute;lnota Mieszkaniowa&amp;lt;br \/&amp;gt;ul. Wybickiego 72\" data-envira-retina=\"\" data-thumbnail=\"\"  itemprop=\"contentUrl\"><img decoding=\"async\" id=\"envira-gallery-image-8772\" class=\"envira-gallery-image envira-gallery-image-8 envira-normal envira-lazy\" data-envira-index=\"8\" src=\"https:\/\/www.smkopernik.pl\/old2\/wp-content\/uploads\/2021\/09\/wm-wyb72-640x480.jpg\" data-envira-src=\"https:\/\/www.smkopernik.pl\/old2\/wp-content\/uploads\/2021\/09\/wm-wyb72-640x480.jpg\" data-envira-gallery-id=\"11309\" data-envira-item-id=\"8772\" data-envira-caption=\"Wsp&oacute;lnota Mieszkaniowa&amp;lt;br \/&amp;gt;ul. Wybickiego 72\" alt=\"Wsp\u00f3lnota Mieszkaniowa ul. Wybickiego 72\" title=\"Wsp\u00f3lnota Mieszkaniowa&lt;br \/&gt;ul. Wybickiego 72\"  itemprop=\"thumbnailUrl\" data-envira-srcset=\"https:\/\/www.smkopernik.pl\/old2\/wp-content\/uploads\/2021\/09\/wm-wyb72-640x480.jpg 400w,https:\/\/www.smkopernik.pl\/old2\/wp-content\/uploads\/2021\/09\/wm-wyb72-640x480.jpg 2x\" data-envira-width=\"300\" data-envira-height=\"150\" srcset=\"data:image\/gif;base64,R0lGODlhAQABAIAAAP\/\/\/\/\/\/\/yH5BAEKAAEALAAAAAABAAEAAAICTAEAOw==\" data-safe-src=\"data:image\/gif;base64,R0lGODlhAQABAIAAAP\/\/\/\/\/\/\/yH5BAEKAAEALAAAAAABAAEAAAICTAEAOw==\" \/><\/a><\/div><\/div><div id=\"envira-gallery-item-8773\" class=\"envira-gallery-item enviratope-item envira-gallery-item-9 envira-lazy-load\" style=\"padding-left: 5px; padding-bottom: 10px; padding-right: 5px;\"  itemscope itemtype=\"https:\/\/schema.org\/ImageObject\"><div class=\"envira-gallery-item-inner\"><div class=\"envira-gallery-position-overlay  envira-gallery-top-left\"><\/div><div class=\"envira-gallery-position-overlay  envira-gallery-top-right\"><\/div><div class=\"envira-gallery-position-overlay  envira-gallery-bottom-left\"><\/div><div class=\"envira-gallery-position-overlay  envira-gallery-bottom-right\"><\/div><a href=\"https:\/\/www.smkopernik.pl\/wp-content\/uploads\/2021\/09\/wm-wyb74.jpg\" class=\"envira-gallery-11309 envira-gallery-link\" rel=\"enviragallery11309\" title=\"Wsp&oacute;lnota Mieszkaniowa&amp;lt;br \/&amp;gt;ul. Wybickiego 74\" data-envira-caption=\"Wsp&oacute;lnota Mieszkaniowa&amp;lt;br \/&amp;gt;ul. Wybickiego 74\" data-envira-retina=\"\" data-thumbnail=\"\"  itemprop=\"contentUrl\"><img decoding=\"async\" id=\"envira-gallery-image-8773\" class=\"envira-gallery-image envira-gallery-image-9 envira-normal envira-lazy\" data-envira-index=\"9\" src=\"https:\/\/www.smkopernik.pl\/old2\/wp-content\/uploads\/2021\/09\/wm-wyb74-640x480.jpg\" data-envira-src=\"https:\/\/www.smkopernik.pl\/old2\/wp-content\/uploads\/2021\/09\/wm-wyb74-640x480.jpg\" data-envira-gallery-id=\"11309\" data-envira-item-id=\"8773\" data-envira-caption=\"Wsp&oacute;lnota Mieszkaniowa&amp;lt;br \/&amp;gt;ul. Wybickiego 74\" alt=\"Wsp\u00f3lnota Mieszkaniowa ul. Wybickiego 74\" title=\"Wsp\u00f3lnota Mieszkaniowa&lt;br \/&gt;ul. Wybickiego 74\"  itemprop=\"thumbnailUrl\" data-envira-srcset=\"https:\/\/www.smkopernik.pl\/old2\/wp-content\/uploads\/2021\/09\/wm-wyb74-640x480.jpg 400w,https:\/\/www.smkopernik.pl\/old2\/wp-content\/uploads\/2021\/09\/wm-wyb74-640x480.jpg 2x\" data-envira-width=\"300\" data-envira-height=\"150\" srcset=\"data:image\/gif;base64,R0lGODlhAQABAIAAAP\/\/\/\/\/\/\/yH5BAEKAAEALAAAAAABAAEAAAICTAEAOw==\" data-safe-src=\"data:image\/gif;base64,R0lGODlhAQABAIAAAP\/\/\/\/\/\/\/yH5BAEKAAEALAAAAAABAAEAAAICTAEAOw==\" \/><\/a><\/div><\/div><\/div><\/div><noscript><img decoding=\"async\" src=\"https:\/\/www.smkopernik.pl\/old2\/wp-content\/uploads\/2021\/09\/wm-bro33.jpg\" alt=\"Wsp\u00f3lnota Mieszkaniowa ul. Broniewskiego 33\" \/><img decoding=\"async\" src=\"https:\/\/www.smkopernik.pl\/old2\/wp-content\/uploads\/2021\/09\/wm-koz17.jpg\" alt=\"Wsp\u00f3lnota Mieszkaniowa ul. Kozacka 17-19\" \/><img decoding=\"async\" src=\"https:\/\/www.smkopernik.pl\/old2\/wp-content\/uploads\/2021\/09\/wm-kra65.jpg\" alt=\"\" \/><img decoding=\"async\" src=\"https:\/\/www.smkopernik.pl\/old2\/wp-content\/uploads\/2021\/09\/wm-kra86.jpg\" alt=\"Wsp\u00f3lnota Mieszkaniowa przy ul. Krasi\u0144skiego 86\" \/><img decoding=\"async\" src=\"https:\/\/www.smkopernik.pl\/old2\/wp-content\/uploads\/2021\/09\/wm-mat72.jpg\" alt=\"Wsp\u00f3lnota Mieszkaniowa Nieruchomo\u015bci przy ul. Matejki 72\" \/><img decoding=\"async\" src=\"https:\/\/www.smkopernik.pl\/old2\/wp-content\/uploads\/2021\/09\/wm-kat13.jpg\" alt=\"Wsp\u00f3lnota Mieszkaniowa Nieruchomo\u015bci przy Placu \u015aw. Katarzyny 13\" \/><img decoding=\"async\" src=\"https:\/\/www.smkopernik.pl\/old2\/wp-content\/uploads\/2021\/09\/wm-wyb68.jpg\" alt=\"Wsp\u00f3lnota Mieszkaniowa ul. Wybickiego 68\" \/><img decoding=\"async\" src=\"https:\/\/www.smkopernik.pl\/old2\/wp-content\/uploads\/2021\/09\/wm-wyb72.jpg\" alt=\"Wsp\u00f3lnota Mieszkaniowa ul. Wybickiego 72\" \/><img decoding=\"async\" src=\"https:\/\/www.smkopernik.pl\/old2\/wp-content\/uploads\/2021\/09\/wm-wyb74.jpg\" alt=\"Wsp\u00f3lnota Mieszkaniowa ul. Wybickiego 74\" \/><\/noscript>\n<\/div>\n","protected":false},"excerpt":{"rendered":"<p>Wsp\u00f3lnoty mieszkaniowe Sp\u00f3\u0142dzielnia Mieszkaniowa KOPERNIK administruje b\u0105d\u017a zarz\u0105dza nast\u0119puj\u0105cymi wsp\u00f3lnotami mieszkaniowymi:<\/p>\n","protected":false},"author":1,"featured_media":0,"parent":0,"menu_order":8,"comment_status":"closed","ping_status":"closed","template":"","meta":{"footnotes":""},"categories":[],"tags":[143,142],"class_list":["post-5321","page","type-page","status-publish","hentry","tag-mieszkaniowe","tag-wspolnoty"],"publishpress_future_action":{"enabled":false,"date":"2026-05-24 17:57:07","action":"change-status","newStatus":"draft","terms":[],"taxonomy":"category","extraData":[]},"publishpress_future_workflow_manual_trigger":{"enabledWorkflows":[]},"_links":{"self":[{"href":"https:\/\/www.smkopernik.pl\/old2\/wp-json\/wp\/v2\/pages\/5321","targetHints":{"allow":["GET"]}}],"collection":[{"href":"https:\/\/www.smkopernik.pl\/old2\/wp-json\/wp\/v2\/pages"}],"about":[{"href":"https:\/\/www.smkopernik.pl\/old2\/wp-json\/wp\/v2\/types\/page"}],"author":[{"embeddable":true,"href":"https:\/\/www.smkopernik.pl\/old2\/wp-json\/wp\/v2\/users\/1"}],"replies":[{"embeddable":true,"href":"https:\/\/www.smkopernik.pl\/old2\/wp-json\/wp\/v2\/comments?post=5321"}],"version-history":[{"count":0,"href":"https:\/\/www.smkopernik.pl\/old2\/wp-json\/wp\/v2\/pages\/5321\/revisions"}],"wp:attachment":[{"href":"https:\/\/www.smkopernik.pl\/old2\/wp-json\/wp\/v2\/media?parent=5321"}],"wp:term":[{"taxonomy":"category","embeddable":true,"href":"https:\/\/www.smkopernik.pl\/old2\/wp-json\/wp\/v2\/categories?post=5321"},{"taxonomy":"post_tag","embeddable":true,"href":"https:\/\/www.smkopernik.pl\/old2\/wp-json\/wp\/v2\/tags?post=5321"}],"curies":[{"name":"wp","href":"https:\/\/api.w.org\/{rel}","templated":true}]}}