{"id":5626,"date":"2021-08-11T20:59:16","date_gmt":"2021-08-11T18:59:16","guid":{"rendered":"https:\/\/www.smkopernik.pl\/?page_id=5626"},"modified":"2023-06-20T10:07:14","modified_gmt":"2023-06-20T08:07:14","slug":"walne-zgromadzenie","status":"publish","type":"page","link":"https:\/\/www.smkopernik.pl\/old2\/spoldzielnia\/organy-spoldzielni\/walne-zgromadzenie\/","title":{"rendered":"Walne Zgromadzenie"},"content":{"rendered":"<div class=\"contener-tytul\">\n<div class=\"tytul-strony\">Organy Sp\u00f3\u0142dzielni &ndash; Walne Zgromadzenie<\/div>\n<\/div>\n<p>\n\t\t\t\t<br \/>\n\t\t\t\tWalne Zgromadzenie jest najwy\u017cszym organem Sp\u00f3\u0142dzielni.<\/p>\n<p>Do wy\u0142\u0105cznej w\u0142a\u015bciwo\u015bci Walnego Zgromadzenia nale\u017c\u0105:<\/p>\n<ul compact>\n<li style=\"margin-left: 25px;\">uchwalanie kierunk\u00f3w rozwoju dzia\u0142alno\u015bci gospodarczej oraz spo\u0142ecznej, \u015bwiatowej i kulturalnej,<\/li>\n<li style=\"margin-left: 25px;\">rozpatrywanie i zatwierdzanie rocznych sprawozda\u0144 Rady Nadzorczej i Zarz\u0105du, rozpatrywanie i zatwierdzanie sprawozdania finansowego oraz podejmowanie uchwa\u0142 co do wniosk\u00f3w cz\u0142onk\u00f3w Sp\u00f3\u0142dzielni, Rady Nadzorczej lub Zarz\u0105du w tych sprawach i udzielenie absolutorium cz\u0142onkom Zarz\u0105du,<\/li>\n<li style=\"margin-left: 25px;\">rozpatrywanie wniosk\u00f3w wynikaj\u0105cych z przedstawionego protoko\u0142u polustracyjnego z dzia\u0142alno\u015bci Sp\u00f3\u0142dzielni oraz podejmowanie uchwa\u0142 w tym zakresie,<\/li>\n<li style=\"margin-left: 25px;\">podejmowanie uchwa\u0142 w przedmiocie podzia\u0142u nadwy\u017cki bilansowej lub sposobu pokrywania strat,<\/li>\n<li style=\"margin-left: 25px;\">podejmowanie uchwa\u0142 w sprawie zbycia nieruchomo\u015bci i zbycia zak\u0142adu lub innej wyodr\u0119bnionej jednostki organizacyjnej,<\/li>\n<li style=\"margin-left: 25px;\">oznaczenie najwy\u017cszej sumy zobowi\u0105za\u0144, jak\u0105 Sp\u00f3\u0142dzielnia mo\u017ce zaci\u0105gn\u0105\u0107,<\/li>\n<li style=\"margin-left: 25px;\">podejmowanie uchwa\u0142 w sprawie po\u0142\u0105czenia si\u0119 sp\u00f3\u0142dzielni, podzia\u0142u sp\u00f3\u0142dzielni, a tak\u017ce przy\u0142\u0105czenia jej jednostki organizacyjnej do innej sp\u00f3\u0142dzielni, likwidacji sp\u00f3\u0142dzielni oraz postawienia w stan upad\u0142o\u015bci sp\u00f3\u0142dzielni,<\/li>\n<li style=\"margin-left: 25px;\">rozpatrywanie w post\u0119powaniu wewn\u0105trzsp\u00f3\u0142dzielczym odwo\u0142a\u0144 od uchwa\u0142 Rady Nadzorczej podj\u0119tych w pierwszej instancji,<\/li>\n<li style=\"margin-left: 25px;\">uchwalanie zmian Statutu,<\/li>\n<li style=\"margin-left: 25px;\">podejmowanie uchwa\u0142 w sprawie przyst\u0105pienia lub wyst\u0105pienia Sp\u00f3\u0142dzielni ze zwi\u0105zku rewizyjnego oraz upowa\u017cnienie Zarz\u0105du do podejmowania dzia\u0142a\u0144 w tym zakresie,<\/li>\n<li style=\"margin-left: 25px;\">uchwalanie regulaminu Rady Nadzorczej,<\/li>\n<li style=\"margin-left: 25px;\">wyb\u00f3r i odwo\u0142anie cz\u0142onk\u00f3w Rady Nadzorczej oraz rozstrzyganie o uchyleniu zawieszenia cz\u0142onka Rady Nadzorczej,<\/li>\n<li style=\"margin-left: 25px;\">podejmowanie uchwa\u0142 w sprawie przyst\u0105pienia Sp\u00f3\u0142dzielni do innych organizacji gospodarczych oraz wyst\u0105pienia z nich,<\/li>\n<li style=\"margin-left: 25px;\">wyb\u00f3r delegat\u00f3w na zjazd zwi\u0105zku, w kt\u00f3rym Sp\u00f3\u0142dzielnia jest zrzeszona,<\/li>\n<li style=\"margin-left: 25px;\">\u017c\u0105danie przeprowadzenia lustracji,<\/li>\n<li style=\"margin-left: 25px;\">wyznaczenie likwidator\u00f3w Sp\u00f3\u0142dzielni,<\/li>\n<li style=\"margin-left: 25px;\">uchwalenie celu przeznaczenia pozosta\u0142ego po likwidacji maj\u0105tku Sp\u00f3\u0142dzielni,<\/li>\n<li style=\"margin-left: 25px;\">uchwalanie g\u00f3rnego wska\u017anika wynagrodze\u0144 dla Zarz\u0105du Sp\u00f3\u0142dzielni w stosunku do \u015bredniej krajowej.<\/li>\n<\/ul>\n<p>\n\t\t\t\tWalne Zgromadzenie Zarz\u0105d zwo\u0142uje przynajmniej raz w roku w terminie do dnia 30 czerwca, jak r\u00f3wnie\u017c mo\u017ce by\u0107 zwo\u0142ane z wa\u017cnych powod\u00f3w przez Zarz\u0105d w ka\u017cdym czasie.<\/p>\n<p>\t\t\t<\/b><\/p>\n","protected":false},"excerpt":{"rendered":"<p>Organy Sp\u00f3\u0142dzielni &ndash; Walne Zgromadzenie Walne Zgromadzenie jest najwy\u017cszym organem Sp\u00f3\u0142dzielni. Do wy\u0142\u0105cznej w\u0142a\u015bciwo\u015bci Walnego Zgromadzenia nale\u017c\u0105: uchwalanie kierunk\u00f3w rozwoju dzia\u0142alno\u015bci gospodarczej oraz spo\u0142ecznej, \u015bwiatowej&hellip;<\/p>\n","protected":false},"author":1,"featured_media":0,"parent":10506,"menu_order":0,"comment_status":"closed","ping_status":"closed","template":"","meta":{"footnotes":""},"categories":[],"tags":[140,124,138,141],"class_list":["post-5626","page","type-page","status-publish","hentry","tag-organy","tag-spoldzielnia","tag-walne","tag-zgromadzenie"],"publishpress_future_action":{"enabled":false,"date":"2026-05-24 16:59:54","action":"change-status","newStatus":"draft","terms":[],"taxonomy":"category","extraData":[]},"publishpress_future_workflow_manual_trigger":{"enabledWorkflows":[]},"_links":{"self":[{"href":"https:\/\/www.smkopernik.pl\/old2\/wp-json\/wp\/v2\/pages\/5626","targetHints":{"allow":["GET"]}}],"collection":[{"href":"https:\/\/www.smkopernik.pl\/old2\/wp-json\/wp\/v2\/pages"}],"about":[{"href":"https:\/\/www.smkopernik.pl\/old2\/wp-json\/wp\/v2\/types\/page"}],"author":[{"embeddable":true,"href":"https:\/\/www.smkopernik.pl\/old2\/wp-json\/wp\/v2\/users\/1"}],"replies":[{"embeddable":true,"href":"https:\/\/www.smkopernik.pl\/old2\/wp-json\/wp\/v2\/comments?post=5626"}],"version-history":[{"count":0,"href":"https:\/\/www.smkopernik.pl\/old2\/wp-json\/wp\/v2\/pages\/5626\/revisions"}],"up":[{"embeddable":true,"href":"https:\/\/www.smkopernik.pl\/old2\/wp-json\/wp\/v2\/pages\/10506"}],"wp:attachment":[{"href":"https:\/\/www.smkopernik.pl\/old2\/wp-json\/wp\/v2\/media?parent=5626"}],"wp:term":[{"taxonomy":"category","embeddable":true,"href":"https:\/\/www.smkopernik.pl\/old2\/wp-json\/wp\/v2\/categories?post=5626"},{"taxonomy":"post_tag","embeddable":true,"href":"https:\/\/www.smkopernik.pl\/old2\/wp-json\/wp\/v2\/tags?post=5626"}],"curies":[{"name":"wp","href":"https:\/\/api.w.org\/{rel}","templated":true}]}}