{"id":5679,"date":"2021-08-13T09:19:52","date_gmt":"2021-08-13T07:19:52","guid":{"rendered":"https:\/\/www.smkopernik.pl\/?page_id=5679"},"modified":"2021-12-04T00:40:10","modified_gmt":"2021-12-03T23:40:10","slug":"dokumenty","status":"publish","type":"page","link":"https:\/\/www.smkopernik.pl\/old2\/dokumenty\/","title":{"rendered":"Dokumenty"},"content":{"rendered":"<div class=\"contener-tytul\">\n<div class=\"tytul-strony\">Dokumenty<\/div>\n<\/div>\n<div style=\"text-align: justify;\">W dziale tym znajduj\u0105 si\u0119 dokumenty zwi\u0105zane z dzia\u0142alno\u015bci\u0105 naszej Sp\u00f3\u0142dzielni.Jest wi\u0119c zak\u0142adka <a href=\"https:\/\/www.smkopernik.pl\/dokumenty\/akty-prawne\/\">AKTY PRAWNE<\/a>, gdzie umieszczono tre\u015b\u0107 prawa reguluj\u0105cego dzia\u0142aniem Sp\u00f3\u0142dzielni.<\/p>\n<p>Zak\u0142adka <a href=\"https:\/\/www.smkopernik.pl\/dokumenty\/regulaminy\/\">REGULAMINY<\/a> odnosi si\u0119 do wewn\u0119trznych dokument\u00f3w obowi\u0105zuj\u0105cych w Sp\u00f3\u0142dzielni, zatwierdzonych przez Rad\u0119 Nadzorcz\u0105.<\/p>\n<p><a href=\"https:\/\/www.smkopernik.pl\/dokumenty\/sprawozdania\/\">SPRAWOZDANIA<\/a> s\u0105 dokumentami podsumowuj\u0105cymi nasz\u0105 dzia\u0142alno\u015b\u0107 w kolejnych latach.<\/p>\n<p>Bie\u017c\u0105ce prace Organ\u00f3w Sp\u00f3\u0142dzielni maj\u0105 swe odzwierciedlenie w zak\u0142adce <a href=\"https:\/\/www.smkopernik.pl\/dokumenty\/decyzje-i-uchwaly\/\">DECYZJE I UCHWA\u0141Y<\/a>.<\/p>\n<p>Interesantom przydatna b\u0119dzie zak\u0142adka <a href=\"https:\/\/www.smkopernik.pl\/dokumenty\/do-pobrania\/\">FORMULARZE DO POBRANIA<\/a>.<\/p>\n<\/div>\n","protected":false},"excerpt":{"rendered":"<p>Dokumenty W dziale tym znajduj\u0105 si\u0119 dokumenty zwi\u0105zane z dzia\u0142alno\u015bci\u0105 naszej Sp\u00f3\u0142dzielni.Jest wi\u0119c zak\u0142adka AKTY PRAWNE, gdzie umieszczono tre\u015b\u0107 prawa reguluj\u0105cego dzia\u0142aniem Sp\u00f3\u0142dzielni. Zak\u0142adka REGULAMINY&hellip;<\/p>\n","protected":false},"author":1,"featured_media":0,"parent":0,"menu_order":4,"comment_status":"closed","ping_status":"closed","template":"","meta":{"footnotes":""},"categories":[],"tags":[],"class_list":["post-5679","page","type-page","status-publish","hentry"],"publishpress_future_action":{"enabled":false,"date":"2026-05-24 16:59:45","action":"change-status","newStatus":"draft","terms":[],"taxonomy":"category","extraData":[]},"publishpress_future_workflow_manual_trigger":{"enabledWorkflows":[]},"_links":{"self":[{"href":"https:\/\/www.smkopernik.pl\/old2\/wp-json\/wp\/v2\/pages\/5679","targetHints":{"allow":["GET"]}}],"collection":[{"href":"https:\/\/www.smkopernik.pl\/old2\/wp-json\/wp\/v2\/pages"}],"about":[{"href":"https:\/\/www.smkopernik.pl\/old2\/wp-json\/wp\/v2\/types\/page"}],"author":[{"embeddable":true,"href":"https:\/\/www.smkopernik.pl\/old2\/wp-json\/wp\/v2\/users\/1"}],"replies":[{"embeddable":true,"href":"https:\/\/www.smkopernik.pl\/old2\/wp-json\/wp\/v2\/comments?post=5679"}],"version-history":[{"count":0,"href":"https:\/\/www.smkopernik.pl\/old2\/wp-json\/wp\/v2\/pages\/5679\/revisions"}],"wp:attachment":[{"href":"https:\/\/www.smkopernik.pl\/old2\/wp-json\/wp\/v2\/media?parent=5679"}],"wp:term":[{"taxonomy":"category","embeddable":true,"href":"https:\/\/www.smkopernik.pl\/old2\/wp-json\/wp\/v2\/categories?post=5679"},{"taxonomy":"post_tag","embeddable":true,"href":"https:\/\/www.smkopernik.pl\/old2\/wp-json\/wp\/v2\/tags?post=5679"}],"curies":[{"name":"wp","href":"https:\/\/api.w.org\/{rel}","templated":true}]}}