{"id":5902,"date":"2021-08-14T20:14:46","date_gmt":"2021-08-14T18:14:46","guid":{"rendered":"https:\/\/www.smkopernik.pl\/?page_id=5902"},"modified":"2023-01-23T15:33:08","modified_gmt":"2023-01-23T14:33:08","slug":"dzial-gl","status":"publish","type":"page","link":"https:\/\/www.smkopernik.pl\/old2\/spoldzielnia\/struktura-organizacyjna\/dzial-gl\/","title":{"rendered":"Dzia\u0142 Analiz Ekonomicznych i Gospodarki Lokalami"},"content":{"rendered":"<div class=\"contener-dzial\">\n<div class=\"dzial-nazwa\">Dzia\u0142 Analiz Ekonomicznych i\u00a0Gospodarki\u00a0Lokalami<\/div>\n<div class=\"dzial-kontakt\">\n\t\tI pi\u0119tro, pok\u00f3j nr 16<br \/>\n\t\ttel. 56-612-06-09, 56-612-06-14, 56-612-06-26, 56-612-06-49,<br \/>\n\t\tKierownik Dzia\u0142u: Wies\u0142awa Lewandowska &#8211; tel. 56-612-06-16\n\t<\/div>\n<div class=\"dzial-opis\">\n\tZapraszamy interesant\u00f3w:<\/p>\n<ul style=\"margin:-1em 0 2em 0; padding:0;\">\n<li style=\"margin:0 0 0 3em; padding:0;\">poniedzia\u0142ek, \u015broda, czwartek, pi\u0105tek: 7:00 \u00f7 15:00<\/li>\n<li style=\"margin:0 0 0 3em; padding:0;\">wtorek: 8:00 \u00f7 17:00.<\/li>\n<\/ul>\n<p>\t\tW dziale mo\u017cna uzyska\u0107 w szczeg\u00f3lno\u015bci informacje o:<\/p>\n<p class=\"lista2-nawias\" style=\"margin-top: -1em;\">a)&nbsp; planie gospodarczym SM \u201eKopernik\u201d na dany rok kalendarzowy,<\/p>\n<p class=\"lista2-nawias\">b)&nbsp; obowi\u0105zuj\u0105cych sk\u0142adnikach op\u0142at mieszkaniowych, op\u0142at za gara\u017ce, op\u0142at za lokale u\u017cytkowe,<\/p>\n<p class=\"lista2-nawias\">c)&nbsp; rozliczeniach koszt\u00f3w energii cieplnej,<\/p>\n<p class=\"lista2-nawias\">d)&nbsp; lokalach u\u017cytkowych do wynajmu oraz miejscach pod reklamy do wynajmu b\u0105d\u017a dzier\u017cawy.<\/p>\n<p><!--\t\t\n\n<ul style=\"margin:-1em 0 2em 0; padding:0; list-style-type: lower-latin;\">\n\t\t\t \n\n<li style=\"margin:0 0 0 3em; padding:0;\">planie gospodarczym SM \u201eKopernik\u201d na dany rok kalendarzowy,<\/li>\n\n\n\t\t\t\t \n\n<li style=\"margin:0 0 0 3em; padding:0;\">obowi\u0105zuj\u0105cych sk\u0142adnikach op\u0142at mieszkaniowych, op\u0142at za gara\u017ce, op\u0142at za lokale u\u017cytkowe,<\/li>\n\n\n\t\t\t \n\n<li style=\"margin:0 0 0 3em; padding:0;\">rozliczeniach koszt\u00f3w energii cieplnej,<\/li>\n\n\n\t\t\t \n\n<li style=\"margin:0 0 0 3em; padding:0;\">lokalach u\u017cytkowych do wynajmu oraz miejscach pod reklamy do wynajmu b\u0105d\u017a dzier\u017cawy.<\/li>\n\n\n\t\t <\/ul>\n\n  --><\/p>\n<p>Wysoko\u015b\u0107 aktualnych stawek op\u0142at mieszkaniowych znajduje si\u0119 na stronie internetowej Sp\u00f3\u0142dzielni www.smkopernik.pl &#8211; w  Aktualno\u015bciach, w poz. <a href=\"https:\/\/www.smkopernik.pl\/blog\/stawki-oplat\/\" rel=\"noopener\" target=\"_blank\">Stawki op\u0142at<\/a>.<\/p>\n<p>Rozliczanie kosz\u00f3w energii cieplnej, jako jednego z podstawowych sk\u0142adnik\u00f3w op\u0142aty mieszkaniowej nast\u0119puje dla ka\u017cdego z budynk\u00f3w. Stawki dostawcy ciep\u0142a wynikaj\u0105 z zatwierdzonej taryfy przez Prezesa Urz\u0119du Regulacji Energetyki, zgodnie z obowi\u0105zuj\u0105cym Prawem Energetycznym. Sp\u00f3\u0142dzielnia rozlicza z mieszka\u0144cami koszty poniesione do dostawcy energii cieplnej, obecnie PGE Toru\u0144 S.A.<\/p>\n<p>W dniu 14.12.2022 r. na wniosek Zarz\u0105du, zosta\u0142 zatwierdzony przez Rad\u0119 Nadzorcz\u0105 <em>Regulamin w sprawie zasad rozliczania koszt\u00f3w gospodarki cieplnej i ustalania op\u0142at za centralne ogrzewanie oraz za podgrzanie wody u\u017cytkowej dla mieszka\u0144 i lokali u\u017cytkowych w Sp\u00f3\u0142dzielni Mieszkaniowej \u201eKOPERNIK\u201d w Toruniu<\/em>.<br \/>\n\t\tKonieczno\u015b\u0107 opracowania nowego regulaminu wynika z obowi\u0105zku dostosowania do nowych unormowa\u0144 prawnych regulaminu rozlicze\u0144 koszt\u00f3w zakupu ciep\u0142a (zmiany w ustawie Prawo energetyczne oraz rozporz\u0105dzenie Ministra Klimatu i \u015arodowiska z dnia 07.12.2021 r.).<br \/>\n\t\tJest on umieszczony na stronie internetowej Sp\u00f3\u0142dzielni: www.smkopernik.pl &#8211; w Dokumentach, w poz. <a href=\"https:\/\/www.smkopernik.pl\/dokumenty\/regulaminy\/regulaminy-rozliczanie_kosztow\/\" rel=\"noopener\" target=\"_blank\">Regulaminy<\/a>.<br \/>\n\t\tNiniejszy regulamin obowi\u0105zuje od dnia 01.01.2023 r. i dotyczy zar\u00f3wno obecnie trwaj\u0105cych okres\u00f3w rozliczeniowych, jak i kolejnych.<\/p>\n<p>&nbsp;<br \/>\n\t\tZ dniem wej\u015bcia w \u017cycie niniejszego regulaminu trac\u0105 moc postanowienia:<\/p>\n<ul style=\"margin:-1em 0 2em 0; padding:0;\">\n<li style=\"margin:0 0 0 3em; padding:0;\"><em>Regulaminu w sprawie zasad rozliczania koszt\u00f3w gospodarki cieplnej i ustalania op\u0142at za centralne ogrzewanie oraz za podgrzanie wody u\u017cytkowej dla mieszka\u0144 i lokali u\u017cytkowych w Sp\u00f3\u0142dzielni Mieszkaniowej \u201eKopernik&#8221; w Toruniu\u201d z dnia 25.11.2015 r. (wraz z p\u00f3\u017aniejszymi zmianami)<\/em>;<\/li>\n<li style=\"margin:0 0 0 3em; padding:0;\"><em>Regulaminu w sprawie zasad rozliczania koszt\u00f3w gospodarki cieplnej i ustalania op\u0142at za centralne ogrzewanie oraz za podgrzanie wody u\u017cytkowej dla mieszka\u0144 i lokali u\u017cytkowych wyposa\u017conych w ciep\u0142omierze w Sp\u00f3\u0142dzielni Mieszkaniowej \u201eKopernik&#8221; z dnia 18.05.2016 r. (wraz z p\u00f3\u017aniejszymi zmianami)<\/em>.<\/li>\n<\/ul>\n<p>Szczeg\u00f3\u0142owe informacje w sprawie rozlicze\u0144 koszt\u00f3w energii cieplnej  mo\u017cna uzyska\u0107 pod nr telefonu: 56-612-06-49 lub 56-612-06-57.<\/p>\n<p>Lokale u\u017cytkowe do wynajmu oraz miejsca pod reklamy umieszczone s\u0105 Sp\u00f3\u0142dzielni: www.smkopernik.pl &#8211; w Aktualno\u015bciach, w poz. <a href=\"https:\/\/www.smkopernik.pl\/blog\/do-wynajecia\/najem-lokali-uzytkowych\/\" rel=\"noopener\" target=\"_blank\">lokale u\u017cytkowe<\/a>, <a href=\"https:\/\/www.smkopernik.pl\/blog\/do-wynajecia\/najem-powierzchni_reklamowych\/\" rel=\"noopener\" target=\"_blank\">powierzchnie reklamowe<\/a>.<\/p>\n<\/p><\/div>\n<\/p><\/div>\n","protected":false},"excerpt":{"rendered":"<p>Dzia\u0142 Analiz Ekonomicznych i\u00a0Gospodarki\u00a0Lokalami I pi\u0119tro, pok\u00f3j nr 16 tel. 56-612-06-09, 56-612-06-14, 56-612-06-26, 56-612-06-49, Kierownik Dzia\u0142u: Wies\u0142awa Lewandowska &#8211; tel. 56-612-06-16 Zapraszamy interesant\u00f3w: poniedzia\u0142ek, \u015broda,&hellip;<\/p>\n","protected":false},"author":1,"featured_media":0,"parent":10492,"menu_order":2,"comment_status":"closed","ping_status":"closed","template":"","meta":{"footnotes":""},"categories":[],"tags":[148,149,150,151,124],"class_list":["post-5902","page","type-page","status-publish","hentry","tag-analiza","tag-ekonomiczna","tag-gospodarka","tag-lokale","tag-spoldzielnia"],"publishpress_future_action":{"enabled":false,"date":"2026-05-24 20:57:12","action":"change-status","newStatus":"draft","terms":[],"taxonomy":"category","extraData":[]},"publishpress_future_workflow_manual_trigger":{"enabledWorkflows":[]},"_links":{"self":[{"href":"https:\/\/www.smkopernik.pl\/old2\/wp-json\/wp\/v2\/pages\/5902","targetHints":{"allow":["GET"]}}],"collection":[{"href":"https:\/\/www.smkopernik.pl\/old2\/wp-json\/wp\/v2\/pages"}],"about":[{"href":"https:\/\/www.smkopernik.pl\/old2\/wp-json\/wp\/v2\/types\/page"}],"author":[{"embeddable":true,"href":"https:\/\/www.smkopernik.pl\/old2\/wp-json\/wp\/v2\/users\/1"}],"replies":[{"embeddable":true,"href":"https:\/\/www.smkopernik.pl\/old2\/wp-json\/wp\/v2\/comments?post=5902"}],"version-history":[{"count":0,"href":"https:\/\/www.smkopernik.pl\/old2\/wp-json\/wp\/v2\/pages\/5902\/revisions"}],"up":[{"embeddable":true,"href":"https:\/\/www.smkopernik.pl\/old2\/wp-json\/wp\/v2\/pages\/10492"}],"wp:attachment":[{"href":"https:\/\/www.smkopernik.pl\/old2\/wp-json\/wp\/v2\/media?parent=5902"}],"wp:term":[{"taxonomy":"category","embeddable":true,"href":"https:\/\/www.smkopernik.pl\/old2\/wp-json\/wp\/v2\/categories?post=5902"},{"taxonomy":"post_tag","embeddable":true,"href":"https:\/\/www.smkopernik.pl\/old2\/wp-json\/wp\/v2\/tags?post=5902"}],"curies":[{"name":"wp","href":"https:\/\/api.w.org\/{rel}","templated":true}]}}