{"id":5905,"date":"2021-08-14T20:55:22","date_gmt":"2021-08-14T18:55:22","guid":{"rendered":"https:\/\/www.smkopernik.pl\/?page_id=5905"},"modified":"2021-11-21T02:41:15","modified_gmt":"2021-11-21T01:41:15","slug":"dzial-rp","status":"publish","type":"page","link":"https:\/\/www.smkopernik.pl\/old2\/spoldzielnia\/struktura-organizacyjna\/dzial-rp\/","title":{"rendered":"Dzia\u0142 Prawny"},"content":{"rendered":"<div class=\"contener-tytul\">\n<div class=\"tytul-strony\">Dzia\u0142 Prawny<\/div>\n<\/div>\n<div>\nI pi\u0119tro <br \/>tel. 56-612-06-30<\/p>\n<p><\/p>\n<p style=\"font-weight: bold;\">Zakres dzia\u0142ania:<\/p>\n<ul type=\"disc\">\n<li style=\"margin: 20px 30px 20px 30px\">udzielanie organom statutowym i jednostkom organizacyjnym Sp\u00f3\u0142dzielni porad i&#160;konsul\u00adtacji prawnych oraz opinii prawnych w sprawach skomplikowanych pod wzgl\u0119dem prawnym;\n<li style=\"margin: 20px 30px 20px 30px\">udzielanie organom statutowym informacji o zmianach w obowi\u0105zuj\u0105cym stanie prawnym w&#160;zakresie dotycz\u0105cym dzia\u0142alno\u015bci Sp\u00f3\u0142dzielni;\n<li style=\"margin: 20px 30px 20px 30px\">uczestnictwo na podstawie udzielonych pe\u0142nomocnictw w post\u0119powaniu s\u0105dowym, administracyjnym oraz przed innymi organami orzekaj\u0105cymi;\n<li style=\"margin: 20px 30px 20px 30px\">udzielanie konsultacji prawnych cz\u0142onkom Sp\u00f3\u0142dzielni w sprawach skomplikowanych wynikaj\u0105cych z ich stosunku cz\u0142onkostwa.\n\t\t\t<\/ul>\n<p>\t\t\tGodziny pracy radc\u00f3w prawnych w siedzibie Sp\u00f3\u0142dzielni \u2014 pok\u00f3j 13, I pi\u0119tro:<\/p>\n<table td valign=\"top\" align=\"justify\" style=\"padding:10px; margin-left: 50px; font-family: Verdana, Arial, Helvetica, sans-seif; font-size: 10pt; color: 222244\">\n<tr>\n<td width=\"100\" style=\"padding:10px;\"><b>poniedzia\u0142ek<\/b><\/td>\n<td width=\"100\" style=\"padding:10px;\" align=\"right\"><b>8:30 \u00f7 15:00<\/b><\/td>\n<\/tr>\n<tr>\n<td width=\"100\" style=\"padding:10px;\"><b>wtorek<\/b><\/td>\n<td width=\"100\" style=\"padding:10px;\" align=\"right\"><b>9:00 \u00f7 13:00<\/b><\/td>\n<\/tr>\n<tr>\n<td width=\"100\" style=\"padding:10px;\"><b>\u015broda<\/b><\/td>\n<td width=\"100\" style=\"padding:10px;\" align=\"right\"><b>8:30 \u00f7 10:30<\/b><\/td>\n<\/tr>\n<tr>\n<td width=\"100\" style=\"padding:10px;\"><b>czwartek<\/b><\/td>\n<td width=\"100\" style=\"padding:10px;\" align=\"right\"><b>8:30 \u00f7 15:00<\/b><\/td>\n<\/tr>\n<tr>\n<td width=\"100\" style=\"padding:10px;\"><b>pi\u0105tek<\/b><\/td>\n<td width=\"100\" style=\"padding:10px;\" align=\"right\"><b>8:00 \u00f7 12:00<\/b><\/td>\n<\/tr>\n<\/table>\n<p><\/p>\n<\/div>\n","protected":false},"excerpt":{"rendered":"<p>Dzia\u0142 Prawny I pi\u0119tro tel. 56-612-06-30 Zakres dzia\u0142ania: udzielanie organom statutowym i jednostkom organizacyjnym Sp\u00f3\u0142dzielni porad i&#160;konsul\u00adtacji prawnych oraz opinii prawnych w sprawach skomplikowanych pod&hellip;<\/p>\n","protected":false},"author":1,"featured_media":0,"parent":10492,"menu_order":1,"comment_status":"closed","ping_status":"closed","template":"","meta":{"footnotes":""},"categories":[],"tags":[152,153,124],"class_list":["post-5905","page","type-page","status-publish","hentry","tag-prawo","tag-radca","tag-spoldzielnia"],"publishpress_future_action":{"enabled":false,"date":"2026-05-24 16:59:54","action":"change-status","newStatus":"draft","terms":[],"taxonomy":"category","extraData":[]},"publishpress_future_workflow_manual_trigger":{"enabledWorkflows":[]},"_links":{"self":[{"href":"https:\/\/www.smkopernik.pl\/old2\/wp-json\/wp\/v2\/pages\/5905","targetHints":{"allow":["GET"]}}],"collection":[{"href":"https:\/\/www.smkopernik.pl\/old2\/wp-json\/wp\/v2\/pages"}],"about":[{"href":"https:\/\/www.smkopernik.pl\/old2\/wp-json\/wp\/v2\/types\/page"}],"author":[{"embeddable":true,"href":"https:\/\/www.smkopernik.pl\/old2\/wp-json\/wp\/v2\/users\/1"}],"replies":[{"embeddable":true,"href":"https:\/\/www.smkopernik.pl\/old2\/wp-json\/wp\/v2\/comments?post=5905"}],"version-history":[{"count":0,"href":"https:\/\/www.smkopernik.pl\/old2\/wp-json\/wp\/v2\/pages\/5905\/revisions"}],"up":[{"embeddable":true,"href":"https:\/\/www.smkopernik.pl\/old2\/wp-json\/wp\/v2\/pages\/10492"}],"wp:attachment":[{"href":"https:\/\/www.smkopernik.pl\/old2\/wp-json\/wp\/v2\/media?parent=5905"}],"wp:term":[{"taxonomy":"category","embeddable":true,"href":"https:\/\/www.smkopernik.pl\/old2\/wp-json\/wp\/v2\/categories?post=5905"},{"taxonomy":"post_tag","embeddable":true,"href":"https:\/\/www.smkopernik.pl\/old2\/wp-json\/wp\/v2\/tags?post=5905"}],"curies":[{"name":"wp","href":"https:\/\/api.w.org\/{rel}","templated":true}]}}