{"id":5912,"date":"2021-08-14T22:15:14","date_gmt":"2021-08-14T20:15:14","guid":{"rendered":"https:\/\/www.smkopernik.pl\/?page_id=5912"},"modified":"2023-07-26T10:51:20","modified_gmt":"2023-07-26T08:51:20","slug":"dzial-fk","status":"publish","type":"page","link":"https:\/\/www.smkopernik.pl\/old2\/spoldzielnia\/struktura-organizacyjna\/dzial-fk\/","title":{"rendered":"Dzia\u0142 Finansowo-Ksi\u0119gowy"},"content":{"rendered":"<div class=\"contener-tytul\">\n<div class=\"tytul-strony\">Dzia\u0142 Finansowo-Ksi\u0119gowy<\/div>\n<\/div>\n<div>parter<br \/>\ntel. 56-612-06-03, 56-612-06-10<br \/>\nG\u0142\u00f3wny Ksi\u0119gowy: S\u0142awomir Rydzi\u0144ski<br \/>\nKierownik Dzia\u0142u: Ewa Strzelka<\/p>\n<p>Op\u0142aty mieszkaniowe<\/p>\n<p>Zapraszamy interesant\u00f3w w godzinach:<br \/>\n      \u2014 \t  poniedzia\u0142ek &#8211; pi\u0105tek:   \t11:00 \u00f7 14:45<br \/>\n      \u2014 \t  wtorek:   \t12:00 \u00f7 16:45  <\/p>\n<p>Wszelkie informacje na temat op\u0142at mieszkaniowych mo\u017cna uzyska\u0107 osobi\u015bcie<br \/>\nlub pod numerami telefon\u00f3w:<br \/>\n      \u2014 \t  Osiedle &#8222;Wsch\u00f3d&#8221;   \t  56-612-06-47,   \t  pok\u00f3j nr 5,<br \/>\n      \u2014 \t  Osiedle &#8222;Zach\u00f3d&#8221;   \t  56-612-06-43,   \t  pok\u00f3j nr 5,<br \/>\n      \u2014 \t  Osiedle &#8222;Tysi\u0105clecia&#8221;   \t  56-612-06-54,   \t  pok\u00f3j nr 4.  <\/p>\n<p>Dofinansowanie op\u0142at mieszkaniowych z TC\u015aR<\/p>\n<p>Zmiany w dodatkach mieszkaniowych<\/p>\n<p>Od dnia 5 stycznia 2021 roku w systemie dodatk\u00f3w mieszkaniowych wprowadzono zmiany umo\u017cliwiaj\u0105ce ubieganie si\u0119 o:<\/p>\n<p>    dodatek mieszkaniowy z moc\u0105 wsteczn\u0105 dla os\u00f3b, kt\u00f3re w okresie od 20.03.2020 r. nie z\u0142o\u017cy\u0142y wniosku o dodatek mieszkaniowy<br \/>\n    dop\u0142at\u0119 do czynszu najmu dla najemc\u00f3w, kt\u00f3rzy w wyniku stanu epidemii uzyskali dochody mniejsze o conajmniej 25% w por\u00f3wnaniu do roku 2019, a wynajmowali mieszkanie w dniu 14.03.2020 r. (dotyczcy tylko najemc\u00f3w).<\/p>\n<p>Wi\u0119cej szczeg\u00f3\u0142\u00f3w na stronie Toru\u0144skiego Centrum \u015awiadcze\u0144 Rodzinie.<\/p>\n<p>    Podstawa prawna:<br \/>\n        Ustawa z dnia 21 czerwca 2001 r. o dodatkach mieszkaniowych (Dz.U. Nr 71, poz. 734 z 2001 r. ze zm.)<br \/>\n        Rozporz\u0105dzenie Rady Ministr\u00f3w z dnia 28 grudnia 2001 r. w sprawie dodatk\u00f3w mieszkaniowych (Dz.U. Nr 156, poz. 1817 z 2001 r. ze zm.)<br \/>\n    Wymagane dokumenty:<br \/>\n        wniosek o przyznanie dodatku mieszkaniowego<br \/>\n        deklaracja o wysoko\u015bci dochod\u00f3w cz\u0142onk\u00f3w gospodarstwa domowego<br \/>\n    Op\u0142aty:<br \/>\n        nie pobiera si\u0119<br \/>\n    Termin odpowiedzi:<br \/>\n        do 30 dni<br \/>\n    Jednostka prowadz\u0105ca spraw\u0119:<br \/>\n        Toru\u0144skie Centrum \u015awiadcze\u0144 Rodzinie<br \/>\n        Dzia\u0142 Dodatk\u00f3w Mieszkaniowych i Energetycznych<br \/>\n        ul. Batorego 38\/40 87-100 Toru\u0144<br \/>\n        tel. 56-611-79-70, 56-611-79-71, 56-611-79-72<br \/>\n    Tryb odwo\u0142awczy:<br \/>\n        Od decyzji przys\u0142uguje odwo\u0142anie do Samorz\u0105dowego Kolegium Odwo\u0142awczego w Toruniu ul. Targowa 13\/15 (tel. 56-659-85-57, 56-659-16-39) w terminie 14 dni od daty otrzymania decyzji, za po\u015brednictwem Prezydenta Miasta Torunia.<br \/>\n    Uwagi:<br \/>\n        deklaracj\u0119 o wysoko\u015bci dochod\u00f3w cz\u0142onk\u00f3w gospodarstwa domowego nale\u017cy udokumentowa\u0107 za\u015bwiadczeniem o wynagrodzeniu z zak\u0142adu pracy, decyzj\u0105 ZUS, decyzj\u0105 z Powiatowego Urz\u0119du Pracy z ostatnich trzech miesi\u0119cy;<br \/>\n        najemcy i podnajemcy zobowi\u0105zani s\u0105 okaza\u0107 umow\u0119 najmu, podnajmu lub u\u017cyczenia lokalu;<br \/>\n        wniosek o dodatek mieszkaniowy nale\u017cy z\u0142o\u017cy\u0107 osobi\u015bcie w Dziale Dodatk\u00f3w Mieszkaniowych i Energetycznych TC\u015aR.<\/p>\n<p>Regulamin przyznawania dodatk\u00f3w mieszkaniowych Urz\u0105d Miasta Torunia zaktualizowa\u0142 w dniu 28.02.2008 r. &#8211; pe\u0142n\u0105 tre\u015b\u0107 tego dokumentu prezentujemy poni\u017cej.<\/p>\n<p>Dodatki mieszkaniowe<\/p>\n<p>Na podstawie ustawy z dnia 21 czerwca 2001 r. o dodatkach mieszkaniowych (Dz.U. Nr 71, poz. 734 z 2001 r. ze zm.) i Rozporz\u0105dzenia Rady Ministr\u00f3w z dnia 28 grudnia 2001 r. w sprawie dodatk\u00f3w mieszkaniowych (Dz.U. Nr 156, poz. 1817 z 2001 r. ze zm.) dodatek mieszkaniowy przys\u0142uguje:<\/p>\n<p>    najemcom oraz podnajemcom lokali mieszkalnych;<br \/>\n    osobom mieszkaj\u0105cym w lokalach mieszkalnych, do kt\u00f3rych przys\u0142uguje im sp\u00f3\u0142dzielcze prawo do lokalu mieszkalnego;<br \/>\n    osobom mieszkaj\u0105cym w lokalach mieszkalnych znajduj\u0105cych si\u0119 w budynkach stanowi\u0105cych ich w\u0142asno\u015b\u0107 i w\u0142a\u015bcicielom samodzielnych lokali mieszkalnych;<br \/>\n    innym osobom maj\u0105cym tytu\u0142 prawny do zajmowania lokalu mieszkalnego i ponosz\u0105cym wydatki zwi\u0105zane z jego zajmowaniem;<br \/>\n    osobom zajmuj\u0105cym lokal mieszkalny bez tytu\u0142u prawnego, oczekuj\u0105cym na przys\u0142uguj\u0105cy im lokal zamienny albo socjalny.<\/p>\n<p>Dodatek mieszkaniowy przys\u0142uguje na podstawie tylko jednego z tytu\u0142\u00f3w wy\u017cej wymienionych.<br \/>\nPodnajemca lokalu winien posiada\u0107 umow\u0119 cywilno-prawn\u0105 najmu lokalu.<\/p>\n<p>Dodatek mieszkaniowy przys\u0142uguje wymienionym osobom, je\u017celi \u015bredni miesi\u0119czny doch\u00f3d na jednego cz\u0142onka gospodarstwa domowego w okresie 3 miesi\u0119cy poprzedzaj\u0105cych dat\u0119 z\u0142o\u017cenia wniosku o przyznanie dodatku mieszkaniowego nie przekracza:<\/p>\n<p>    w gospodarstwach wieloosobowych \u2014 125% obowi\u0105zuj\u0105cej od marca 2020 r. wysoko\u015bci najni\u017cszej emerytury w dniu z\u0142o\u017cenia wniosku, tj. 1500,00 z\u0142 (doch\u00f3d brutto);<br \/>\n    w gospodarstwach jednoosobowych (osoby mieszkaj\u0105ce samotnie) \u2014 gdy suma wszystkich dochod\u00f3w nie przekroczy 175% obowi\u0105zuj\u0105cej od marca 2020 r. najni\u017cszej emerytury w dniu z\u0142o\u017cenia wniosku, tj. 2100,00 z\u0142 (doch\u00f3d brutto).<\/p>\n<p>Za doch\u00f3d uwa\u017ca si\u0119 wszelkie przychody po odliczeniu koszt\u00f3w ich uzyskania oraz po odliczeniu sk\u0142adek na ubezpieczenie emerytalne i rentowe oraz na ubezpieczenie chorobowe, okre\u015blonych w przepisach o systemie ubezpiecze\u0144 spo\u0142ecznych, chyba \u017ce zosta\u0142y ju\u017c zaliczone do koszt\u00f3w uzyskania przychod\u00f3w.<\/p>\n<p>Do dochodu nie wlicza si\u0119: \u015bwiadcze\u0144 pomocy materialnej dla uczni\u00f3w, dodatk\u00f3w dla sierot zupe\u0142nych, jednorazowych zapom\u00f3g z tytu\u0142u urodzenia dziecka, dodatku z tytu\u0142u urodzenia dziecka, pomocy w zakresie do\u017cywiania, zasi\u0142k\u00f3w piel\u0119gnacyjnych, zasi\u0142k\u00f3w okresowych z pomocy spo\u0142ecznej oraz jednorazowych \u015bwiadcze\u0144 pieni\u0119\u017cnych i \u015bwiadcze\u0144 w naturze z pomocy spo\u0142ecznej oraz dodatku mieszkaniowego, \u015bwiadczenia wychowawczego, a tak\u017ce zapom\u00f3g pieni\u0119znych wyp\u0142acanych dzia\u0142aczom opozycji antykomunistycznej oraz osobom represjonowanym (art. 3 ust. 3 ustawy o dodatkach mieszkaniowych).<\/p>\n<p>Sumuje si\u0119 wszystkie ww. dochody brutto z ostatnich trzech miesi\u0119cy przed z\u0142o\u017ceniem wniosku. Dochody te winne by\u0107 potwierdzone stosownymi dokumentami, np. za\u015bwiadczeniem o wynagrodzeniu z zak\u0142adu pracy lub decyzj\u0105 ZUS (odcinki renty-emerytury z ostatnich trzech miesi\u0119cy). Dokumenty te wnioskodawca powinien przechowywa\u0107 przez okres trzech lat w celu udost\u0119pnienia ich na \u017c\u0105danie tutejszego organu.<\/p>\n<p>Przez gospodarstwo domowe rozumie si\u0119 gospodarstwo prowadzone przez osob\u0119 ubiegaj\u0105c\u0105 si\u0119 o dodatek mieszkaniowy, samodzielnie zajmuj\u0105c\u0105 lokal albo gospodarstwo prowadzone przez t\u0119 osob\u0119 wsp\u00f3lnie z ma\u0142\u017conkiem i innymi osobami stale z ni\u0105 zamieszkuj\u0105cymi i gospodaruj\u0105cymi, kt\u00f3re swoje prawa do zamieszkiwania w lokalu wywodz\u0105 z prawa tej osoby.<\/p>\n<p>Normatywna powierzchnia u\u017cytkowa lokalu mieszkalnego lub budynku mieszkalnego (dom jednorodzinny), w przeliczeniu na liczb\u0119 cz\u0142onk\u00f3w gospodarstwa domowego \u0142\u0105cznie z 30% rezerw\u0105 nie mo\u017ce przekracza\u0107:<br \/>\n    \u2014 45,50 m\u00b2 \u2013 dla 1 osoby;<br \/>\n    \u2014 52,00 m\u00b2 \u2013 dla 2 os\u00f3b;<br \/>\n    \u2014 58,50 m\u00b2 \u2013 dla 3 os\u00f3b;<br \/>\n    \u2014 71,50 m\u00b2 \u2013 dla 4 os\u00f3b;<br \/>\n    \u2014 84,50 m\u00b2 \u2013 dla 5 os\u00f3b;<br \/>\n    \u2014 91,50 m\u00b2 \u2013 dla 6 os\u00f3b;<br \/>\n    \u2014 +5,00 m\u00b2\/os. \u2013 powy\u017cej 6 os\u00f3b.<br \/>\nW razie zamieszkiwania w lokalu mieszkalnym wi\u0119kszej liczby os\u00f3b, dla ka\u017cdej kolejnej osoby zwi\u0119ksza si\u0119 normatywn\u0105 powierzchni\u0119 tego lokalu o 5 m\u00b2, a dla osoby niepe\u0142nosprawnej i osoby poruszaj\u0105cej si\u0119 na w\u00f3zku inwalidzkim o 15 m\u00b2. Osoba niepe\u0142nosprawna winna dostarczy\u0107 orzeczenie, wydane przez Miejski Zesp\u00f3\u0142 ds. Orzekania o Stopniu Niepe\u0142nosprawno\u015bci mieszcz\u0105cy si\u0119 przy ul. \u015awi\u0119tope\u0142ka 26 w Toruniu, ze wskazaniem dotycz\u0105cym uprawnienia os\u00f3b niepe\u0142nosprawnych do zamieszkiwania w oddzielnym pokoju \u2014 dotyczy to os\u00f3b ubiegaj\u0105cych si\u0119 o dodatek mieszkaniowy po wej\u015bciu w \u017cycie zmian do tej ustawy, tj. od 24 listopada 2004 r.   stosunku do os\u00f3b niepe\u0142nosprawnych, kt\u00f3re legitymuj\u0105 si\u0119 orzeczeniem zespo\u0142u ds. orzekania o stopniu niepe\u0142nosprawno\u015bci wydanym przed 24 listopada 2004 r. oraz orzeczeniami lekarza-orzecznika ZUS \u2014 konieczno\u015b\u0107 zamieszkiwania w oddzielnym pokoju mo\u017ce by\u0107 udokumentowana w szczeg\u00f3lnosci za\u015bwiadczeniem lekarskim.<\/p>\n<p>Dodatek mieszkaniowy przys\u0142uguje, gdy powierzchnia u\u017cytkowa nie przekracza wy\u017cej podanej powierzchni normatywnej o wi\u0119cej ni\u017c 30% albo o 50% pod warunkiem, \u017ce udzia\u0142 powierzchni pokoi i kuchni w powierzchni u\u017cytkowej tego lokalu nie przekracza 60%.<\/p>\n<p>Je\u017celi lokal mieszkalny nie jest wyposa\u017cony w instalacje: doprowadzaj\u0105c\u0105 energi\u0119 ciepln\u0105 do cel\u00f3w grzewczych, centralnej ciep\u0142ej wody i gazu przewodowego, to wnioskodawcy przys\u0142uguje rycza\u0142t na zakup opa\u0142u.<\/p>\n<p>Wysoko\u015b\u0107 dodatku mieszkaniowego zale\u017cy od: wysoko\u015bci wydatk\u00f3w na mieszkanie, od wysoko\u015bci dochod\u00f3w i od liczby os\u00f3b w gospodarstwie domowym. Podstaw\u0119 obliczania dodatku mieszkaniowego stanowi\u0105 nast\u0119puj\u0105ce rodzaje wydatk\u00f3w na mieszkanie:<\/p>\n<p>    u najemc\u00f3w i podnajemc\u00f3w:<\/p>\n<p>    czynsz (w wysoko\u015bci czynszu i innych op\u0142at, jakie obowi\u0105zuj\u0105 w lokalach nale\u017c\u0105cych do zasobu gminy) oraz op\u0142aty za energi\u0119 ciepln\u0105, wod\u0119, odbi\u00f3r nieczysto\u015bci sta\u0142ych i p\u0142ynnych,<br \/>\n    u os\u00f3b mieszkaj\u0105cych w lokalach, do kt\u00f3rych przys\u0142uguje im sp\u00f3\u0142dzielcze prawo do lokalu mieszkalnego:<\/p>\n<p>    op\u0142aty zwi\u0105zane z eksploatacj\u0105 i utrzymaniem nieruchomo\u015bci w cz\u0119\u015bciach przypadaj\u0105cych na lokale mieszkalne w sp\u00f3\u0142dzielni mieszkaniowej, op\u0142aty za energi\u0119 ciepln\u0105, wod\u0119, odbi\u00f3r nieczysto\u015bci sta\u0142ych i p\u0142ynnych z wy\u0142\u0105czeniem ubezpieczenia, podatku od nieruchomo\u015bci i op\u0142aty za wieczyste u\u017cytkowanie grunt\u00f3w,<br \/>\n    u w\u0142a\u015bcicieli lokali mieszkalnych:<\/p>\n<p>    op\u0142aty za energi\u0119 ciepln\u0105 i wod\u0119 dostarczan\u0105 do lokalu, op\u0142aty za odbi\u00f3r nieczysto\u015bci sta\u0142ych i p\u0142ynnych, zaliczki na koszty zarz\u0105du nieruchomo\u015bci\u0105 wsp\u00f3ln\u0105 z wy\u0142\u0105czeniem ubezpieczenia, podatku od nieruchomo\u015bci i op\u0142aty za wieczyste u\u017cytkowanie grunt\u00f3w,<br \/>\n    u os\u00f3b u\u017cywaj\u0105cych lokali mieszkalnych w budynkach wielorodzinnych stanowi\u0105cych ich w\u0142asno\u015b\u0107 oraz w\u0142a\u015bcicieli dom\u00f3w jednorodzinnych:<\/p>\n<p>    op\u0142aty za energi\u0119 ciepln\u0105 i wod\u0119 dostarczane do lokalu, op\u0142aty za odbi\u00f3r nieczysto\u015bci sta\u0142ych i p\u0142ynnych<br \/>\n    u os\u00f3b zajmuj\u0105cych lokale bez tytu\u0142u prawnego i oczekuj\u0105cych na przyznanie lokalu zamiennego lub socjalnego:<\/p>\n<p>    odszkodowanie za zajmowanie lokalu bez tytu\u0142u prawnego oraz op\u0142aty za energi\u0119 ciepln\u0105, wod\u0119 dostarczane do lokalu, odbi\u00f3r nieczysto\u015bci sta\u0142ych i p\u0142ynnych.<\/p>\n<p>Do wydatk\u00f3w mieszkaniowych nie wlicza si\u0119 op\u0142at za gaz przewodowy, energi\u0119 elektryczn\u0105 dostarczan\u0105 do lokalu mieszkalnego na cele bytowe.<\/p>\n<p>Dodatek mieszkaniowy stanowi r\u00f3\u017cnic\u0119 pomi\u0119dzy wydatkami na mieszkanie a cz\u0119\u015bci\u0105 dochodu, kt\u00f3r\u0105 przeznacza gospodarstwo domowe na pokrycie wydatk\u00f3w mieszkaniowych. Wysoko\u015b\u0107 dodatku \u0142\u0105cznie z rycza\u0142tem nie mo\u017ce przekracza\u0107 70% wydatk\u00f3w przypadaj\u0105cych na normatywn\u0105 powierzchni\u0119 zajmowanego lokalu mieszkalnego.<\/p>\n<p>Organ przyznaj\u0105cy dodatek mieszkaniowy ma mo\u017cliwo\u015b\u0107 przeprowadzenia wywiadu \u015brodowiskowego, podczas kt\u00f3rego pracownik upowa\u017cniony przez Prezydenta Miasta ustala faktyczny stan maj\u0105tkowy wnioskodawcy. Pracownik ten mo\u017ce \u017c\u0105da\u0107 od wnioskodawcy i innych cz\u0142onk\u00f3w rodziny z\u0142o\u017cenia o\u015bwiadczenia o stanie maj\u0105tkowym. Je\u017celi w jego wyniku ustali, \u017ce wyst\u0119puje ra\u017c\u0105ca dysproporcja pomi\u0119dzy niskimi dochodami wykazanymi w z\u0142o\u017conej deklaracji a faktycznym stanem maj\u0105tkowym wnioskodawcy, organ mo\u017ce odm\u00f3wi\u0107 przyznania dodatku mieszkaniowego.<\/p>\n<p>Nie przyznaje si\u0119 dodatku mieszkaniowego, je\u017celi jego kwota by\u0142aby ni\u017csza ni\u017c 2% najni\u017cszej emerytury w dniu wydania decyzji \u2013 od marca 2020 r. tj. 24,00 z\u0142.<\/p>\n<p>Dodatek mieszkaniowy przyznaje Prezydent Miasta decyzj\u0105 administracyjn\u0105 na okres 6 miesi\u0119cy licz\u0105c od pierwszego dnia miesi\u0105ca nast\u0119pnego po dniu z\u0142o\u017cenia wniosku.<\/p>\n<p>W przypadku stwierdzenia, \u017ce osoba kt\u00f3rej przyznano dodatek nie op\u0142aca na bie\u017c\u0105co nale\u017cno\u015bci za zajmowany lokal, wyp\u0142at\u0119 dodatku mieszkaniowego wstrzymuje si\u0119 \u2013 w drodze decyzji \u2013 do czasu uregulowania zaleg\u0142o\u015bci.<\/p>\n<p>Wniosek o przyznanie dodatku mieszkaniowego (druk urz\u0119dowy) wraz z deklaracj\u0105 o wysoko\u015bci dochod\u00f3w cz\u0142onk\u00f3w gospodarstwa domowego wnioskodawca winien z\u0142o\u017cy\u0107 osobi\u015bcie w Dziale Dodatk\u00f3w Mieszkaniowych i Energetycznych TC\u015aR przy ul. Batorego 38\/40 w Toruniu.<\/p>\n<p>\tKredyty mieszkaniowe<\/p>\n<p>Zapraszamy interesant\u00f3w w godzinach:<br \/>\n      \u2014 \t  poniedzia\u0142ek &#8211; pi\u0105tek:   \t11:00 \u00f7 14:45<br \/>\n      \u2014 \t  wtorek:   \t12:00 \u00f7 15:45  <\/p>\n<p>Wszelkie informacje na temat sp\u0142at kredyt\u00f3w bie\u017c\u0105cych i zad\u0142u\u017ce\u0144 d\u0142ugoterminowych z tytu\u0142u kredytu i odsetek mo\u017cna uzyska\u0107 osobi\u015bcie w pokoju nr 3 lub pod numerem telefonu 56-612-06-41.<\/p>\n<p>\tOp\u0142aty \t\tDodatek \t\tKredyty \t\tPrzekszta\u0142cenie prawa \t<\/p>\n<p>\ufeffPrzekszta\u0142cenie prawa<\/p>\n<p>Zapraszamy interesant\u00f3w w godzinach:<br \/>\n      \u2014 \t  poniedzia\u0142ek &#8211; pi\u0105tek:   \t11:00 \u00f7 14:45<br \/>\n      \u2014 \t  wtorek:   \t12:00 \u00f7 15:45  <\/p>\n<p>Wszelkie informacje dotycz\u0105ce przekszta\u0142ce\u0144 prawa lokatorskiego na w\u0142asno\u015bciowe mo\u017cna uzyska\u0107 w pokoju nr 6 lub telefonicznie pod numerem 56-612-06-42.<\/p>\n<p>Warunkiem dokonania przekszta\u0142cenia prawa do lokalu jest sp\u0142ata wszelkich zobowi\u0105za\u0144 zwi\u0105zanych z lokalem, w tym zad\u0142u\u017cenia w op\u0142atach mieszkaniowych.<\/p>\n<p>Przekszta\u0142ceniu prawa nie podlega lokatorskie prawo do lokalu mieszkalnego wybudowanego przy udziale \u015brodk\u00f3w z Krajowego Funduszu Mieszkaniowego.<\/p><\/div>\n","protected":false},"excerpt":{"rendered":"<p>Dzia\u0142 Finansowo-Ksi\u0119gowy parter tel. 56-612-06-03, 56-612-06-10 G\u0142\u00f3wny Ksi\u0119gowy: S\u0142awomir Rydzi\u0144ski Kierownik Dzia\u0142u: Ewa Strzelka Op\u0142aty mieszkaniowe Zapraszamy interesant\u00f3w w godzinach: \u2014 poniedzia\u0142ek &#8211; pi\u0105tek: 11:00&hellip;<\/p>\n","protected":false},"author":1,"featured_media":0,"parent":10492,"menu_order":4,"comment_status":"closed","ping_status":"closed","template":"","meta":{"footnotes":""},"categories":[],"tags":[159,160,161,129,162,124],"class_list":["post-5912","page","type-page","status-publish","hentry","tag-czynsze","tag-dodatek-mieszkaniowy","tag-finanse","tag-kasa","tag-ksiegowosc","tag-spoldzielnia"],"publishpress_future_action":{"enabled":false,"date":"2026-05-24 16:59:54","action":"change-status","newStatus":"draft","terms":[],"taxonomy":"category","extraData":[]},"publishpress_future_workflow_manual_trigger":{"enabledWorkflows":[]},"_links":{"self":[{"href":"https:\/\/www.smkopernik.pl\/old2\/wp-json\/wp\/v2\/pages\/5912","targetHints":{"allow":["GET"]}}],"collection":[{"href":"https:\/\/www.smkopernik.pl\/old2\/wp-json\/wp\/v2\/pages"}],"about":[{"href":"https:\/\/www.smkopernik.pl\/old2\/wp-json\/wp\/v2\/types\/page"}],"author":[{"embeddable":true,"href":"https:\/\/www.smkopernik.pl\/old2\/wp-json\/wp\/v2\/users\/1"}],"replies":[{"embeddable":true,"href":"https:\/\/www.smkopernik.pl\/old2\/wp-json\/wp\/v2\/comments?post=5912"}],"version-history":[{"count":0,"href":"https:\/\/www.smkopernik.pl\/old2\/wp-json\/wp\/v2\/pages\/5912\/revisions"}],"up":[{"embeddable":true,"href":"https:\/\/www.smkopernik.pl\/old2\/wp-json\/wp\/v2\/pages\/10492"}],"wp:attachment":[{"href":"https:\/\/www.smkopernik.pl\/old2\/wp-json\/wp\/v2\/media?parent=5912"}],"wp:term":[{"taxonomy":"category","embeddable":true,"href":"https:\/\/www.smkopernik.pl\/old2\/wp-json\/wp\/v2\/categories?post=5912"},{"taxonomy":"post_tag","embeddable":true,"href":"https:\/\/www.smkopernik.pl\/old2\/wp-json\/wp\/v2\/tags?post=5912"}],"curies":[{"name":"wp","href":"https:\/\/api.w.org\/{rel}","templated":true}]}}