{"id":5923,"date":"2021-08-14T22:51:25","date_gmt":"2021-08-14T20:51:25","guid":{"rendered":"https:\/\/www.smkopernik.pl\/?page_id=5923"},"modified":"2023-06-16T01:05:09","modified_gmt":"2023-06-15T23:05:09","slug":"administracja-za","status":"publish","type":"page","link":"https:\/\/www.smkopernik.pl\/old2\/spoldzielnia\/struktura-organizacyjna\/administracja-za\/","title":{"rendered":"Administracja Osiedla ZACH\u00d3D"},"content":{"rendered":"<div class=\"contener-tytul\">\n<div class=\"tytul-strony\">Administracja Osiedla ZACH\u00d3D<\/div>\n<\/div>\n<table width=\"100%\">\n<tbody>\n<tr>\n<td>\n<p align=\"center\"><span style=\"color: #a01339;\">SP\u00d3\u0141DZIELNIA MIESZKANIOWA &#8222;Kopernik&#8221;<\/p>\n<p><span style=\"color: #134fc0; font-size: xx-small;\">Administracja Osiedla &#8222;Zach\u00f3d&#8221;<\/span><\/p>\n<p>z siedzib\u0105 przy\u00a0<b>ul. Bema 20a<\/b><br \/>\ntel. 56-622-77-85, 56-658-72-05<br \/>\nfax 56-658-72-06<br \/>\nmail\u00a0<a href=\"mailto:az@smkopernik.pl\">az@smkopernik.pl<\/a><\/span><\/p>\n<\/td>\n<td><img loading=\"lazy\" decoding=\"async\" src=\"https:\/\/www.smkopernik.pl\/obrazki\/az.jpg\" width=\"290\" height=\"145\" border=\"0\" \/><\/td>\n<\/tr>\n<\/tbody>\n<\/table>\n<p>&nbsp;<\/p>\n<p><span style=\"color: #297323;\">Pracownicy administracji:<\/span><\/p>\n<table class=\"par\">\n<tbody>\n<tr>\n<td><b>Kierownik Osiedla<\/b><\/td>\n<td><b>\u00a0 &#8211; \u00a0<\/b><\/td>\n<td><b>Jaros\u0142aw Kilkowski<\/b><\/td>\n<\/tr>\n<tr>\n<td><b>Inspektor Techniczny<\/b><\/td>\n<td><b>\u00a0 &#8211; \u00a0<\/b><\/td>\n<td><b>Grzegorz Janiszewski<\/b><\/td>\n<\/tr>\n<tr>\n<td><b>Administrator<\/b><\/td>\n<td><b>\u00a0 &#8211; \u00a0<\/b><\/td>\n<td><b>Magdalena \u015awiercz<\/b><\/td>\n<\/tr>\n<tr>\n<td><b>Administrator<\/b><\/td>\n<td><b>\u00a0 &#8211; \u00a0<\/b><\/td>\n<td><b>Ma\u0142gorzata Minc<\/b><\/td>\n<\/tr>\n<\/tbody>\n<\/table>\n<p>&nbsp;<\/p>\n<p>&nbsp;<\/p>\n<p><span style=\"color: #297323;\">Godziny pracy:<\/span><\/p>\n<table class=\"par\">\n<tbody>\n<tr>\n<td><b>poniedzia\u0142ek, \u015broda, czwartek, pi\u0105tek<\/b><\/td>\n<td><b>\u00a0 &#8211; \u00a0<\/b><\/td>\n<td><b>7<sup>00<\/sup>\u00a0\u00f7 15<sup>00<\/sup><\/b><\/td>\n<\/tr>\n<tr>\n<td><b>wtorek<\/b><\/td>\n<td><b>\u00a0 &#8211; \u00a0<\/b><\/td>\n<td><b>8<sup>00<\/sup>\u00a0\u00f7 17<sup>00<\/sup><\/b><\/td>\n<\/tr>\n<\/tbody>\n<\/table>\n<p>&nbsp;<\/p>\n<p>&nbsp;<\/p>\n<p align=\"justify\">Do Administracji Osiedla nale\u017cy zg\u0142asza\u0107 wszystkie sprawy dotycz\u0105ce naruszania Regulaminu Porz\u0105dku Domowego i stanu technicznego mieszkania, budynku i terenu osiedla.<\/p>\n<p>&nbsp;<\/p>\n<p><span style=\"color: #297323;\">Podstawowy zakres dzia\u0142ania administracji:<\/span><\/p>\n<ul>\n<li>za\u0142atwia zg\u0142oszenia mieszka\u0144c\u00f3w osiedla,<\/li>\n<li>dba o w\u0142a\u015bciwy stan techniczny budynk\u00f3w wraz z wyposa\u017ceniem oraz infrastruktury osiedla,<\/li>\n<li>dba o czysto\u015b\u0107 w budynkach i na terenie osiedla w tym prowadzi kontrol\u0119 jako\u015bci wykonywanych przez firmy us\u0142ugowe prac porz\u0105dkowych, deratyzacyjnych, dezynsekcyjnych, dezynfekcyjnych i piel\u0119gnacyjnych zieleni,<\/li>\n<li>uczestniczy w odczytach licznik\u00f3w wody i ciep\u0142a w budynkach,<\/li>\n<li>dokonuje rozlicze\u0144 za korzystanie z pralni i suszarni,<\/li>\n<li>organizuje zebrania z mieszka\u0144cami oraz wysy\u0142k\u0119 korespondencji o charakterze masowym.<\/li>\n<\/ul>\n<p>&nbsp;<\/p>\n<p>&nbsp;<\/p>\n<p><span style=\"color: #297323;\">Dane statystyczne odnosz\u0105ce si\u0119 do Administracji Osiedla &#8222;Zach\u00f3d&#8221;:<\/span><\/p>\n<table class=\"par\">\n<tbody>\n<tr>\n<td>ilo\u015b\u0107 mieszka\u0144 w budynkach wielorodzinnych<\/td>\n<td>\u00a0 &#8211;<\/td>\n<td align=\"right\">2 849<\/td>\n<\/tr>\n<tr>\n<td>ilo\u015b\u0107 mieszka\u0144c\u00f3w<\/td>\n<td>\u00a0 &#8211;<\/td>\n<td align=\"right\">~ 8 900<\/td>\n<\/tr>\n<tr>\n<td>ilo\u015b\u0107 budynk\u00f3w wielorodzinnych<\/td>\n<td>\u00a0 &#8211;<\/td>\n<td align=\"right\">74<\/td>\n<\/tr>\n<tr>\n<td>pole powierzchni teren\u00f3w zielonych<\/td>\n<td>\u00a0 &#8211;<\/td>\n<td align=\"right\">12,5 ha<\/td>\n<\/tr>\n<\/tbody>\n<\/table>\n<p>&nbsp;<\/p>\n<p>&nbsp;<\/p>\n<p><span style=\"color: #297323;\">Obiekty podleg\u0142e Administracji Osiedla &#8222;Zach\u00f3d&#8221;:<\/span><\/p>\n<ul>\n<li style=\"list-style-type: none;\">\n<ul>budynki mieszkalne:<\/p>\n<li style=\"list-style-type: none;\">\n<ul>Bema 4-8, 10-14, 16-16b, 18, 20, 22, 24, 36, 38-38c, 40-40c, 42a<\/ul>\n<\/li>\n<\/ul>\n<\/li>\n<\/ul>\n<p>&nbsp;<\/p>\n<ul>\n<li style=\"list-style-type: none;\">\n<ul>\n<li style=\"list-style-type: none;\">\n<ul>Broniewskiego 40-46, 48-54, 72<\/ul>\n<\/li>\n<\/ul>\n<\/li>\n<\/ul>\n<p>&nbsp;<\/p>\n<ul>\n<li style=\"list-style-type: none;\">\n<ul>\n<li style=\"list-style-type: none;\">\n<ul>Bydgoska 43, 86-88a<\/ul>\n<\/li>\n<\/ul>\n<\/li>\n<\/ul>\n<p>&nbsp;<\/p>\n<ul>\n<li style=\"list-style-type: none;\">\n<ul>\n<li style=\"list-style-type: none;\">\n<ul>Derdowskiego 2-6<\/ul>\n<\/li>\n<\/ul>\n<\/li>\n<\/ul>\n<p>&nbsp;<\/p>\n<ul>\n<li style=\"list-style-type: none;\">\n<ul>\n<li style=\"list-style-type: none;\">\n<ul>Fa\u0142ata 54-58, 68-72<\/ul>\n<\/li>\n<\/ul>\n<\/li>\n<\/ul>\n<p>&nbsp;<\/p>\n<ul>\n<li style=\"list-style-type: none;\">\n<ul>\n<li style=\"list-style-type: none;\">\n<ul>Gagarina 18-32, 38-42, 44-58, 60-74, 76-80, 82-86A, 120-126, 132-138<\/ul>\n<\/li>\n<\/ul>\n<\/li>\n<\/ul>\n<p>&nbsp;<\/p>\n<ul>\n<li style=\"list-style-type: none;\">\n<ul>\n<li style=\"list-style-type: none;\">\n<ul>Ga\u0142czy\u0144skiego 40<\/ul>\n<\/li>\n<\/ul>\n<\/li>\n<\/ul>\n<p>&nbsp;<\/p>\n<ul>\n<li style=\"list-style-type: none;\">\n<ul>\n<li style=\"list-style-type: none;\">\n<ul>Kochanowskiego 4-4a, 8, 9, 14-16, 19-21a, 27-27a<\/ul>\n<\/li>\n<\/ul>\n<\/li>\n<\/ul>\n<p>&nbsp;<\/p>\n<ul>\n<li style=\"list-style-type: none;\">\n<ul>\n<li style=\"list-style-type: none;\">\n<ul>Konopnickiej 4-4a, 6<\/ul>\n<\/li>\n<\/ul>\n<\/li>\n<\/ul>\n<p>&nbsp;<\/p>\n<ul>\n<li style=\"list-style-type: none;\">\n<ul>\n<li style=\"list-style-type: none;\">\n<ul>Krasi\u0144skiego 19, 21-23, 25, 88-88a, 94-94a, 99<\/ul>\n<\/li>\n<\/ul>\n<\/li>\n<\/ul>\n<p>&nbsp;<\/p>\n<ul>\n<li style=\"list-style-type: none;\">\n<ul>\n<li style=\"list-style-type: none;\">\n<ul>Krasi\u0144skiego 101, 105, 107, 112-112a, 116-116a<\/ul>\n<\/li>\n<\/ul>\n<\/li>\n<\/ul>\n<p>&nbsp;<\/p>\n<ul>\n<li style=\"list-style-type: none;\">\n<ul>\n<li style=\"list-style-type: none;\">\n<ul>Kujota 2-4, 3-5a, 6<\/ul>\n<\/li>\n<\/ul>\n<\/li>\n<\/ul>\n<p>&nbsp;<\/p>\n<ul>\n<li style=\"list-style-type: none;\">\n<ul>\n<li style=\"list-style-type: none;\">\n<ul>Matejki 5-9, 84a, 84b, 86-92<\/ul>\n<\/li>\n<\/ul>\n<\/li>\n<\/ul>\n<p>&nbsp;<\/p>\n<ul>\n<li style=\"list-style-type: none;\">\n<ul>\n<li style=\"list-style-type: none;\">\n<ul>Mickiewicza 52, 54, 56, 64, 83-83c, 97<\/ul>\n<\/li>\n<\/ul>\n<\/li>\n<\/ul>\n<p>&nbsp;<\/p>\n<ul>\n<li style=\"list-style-type: none;\">\n<ul>\n<li style=\"list-style-type: none;\">\n<ul>Mickiewicza 111, 117-117a, 130-130b, 134-136<\/ul>\n<\/li>\n<\/ul>\n<\/li>\n<\/ul>\n<p>&nbsp;<\/p>\n<ul>\n<li style=\"list-style-type: none;\">\n<ul>\n<li style=\"list-style-type: none;\">\n<ul>Morcinka 1-7<\/ul>\n<\/li>\n<\/ul>\n<\/li>\n<\/ul>\n<p>&nbsp;<\/p>\n<ul>\n<li style=\"list-style-type: none;\">\n<ul>\n<li style=\"list-style-type: none;\">\n<ul>Odrodzenia 7-9<\/ul>\n<\/li>\n<\/ul>\n<\/li>\n<\/ul>\n<p>&nbsp;<\/p>\n<ul>\n<li style=\"list-style-type: none;\">\n<ul>\n<li style=\"list-style-type: none;\">\n<ul>Reja 14-16<\/ul>\n<\/li>\n<\/ul>\n<\/li>\n<\/ul>\n<p>&nbsp;<\/p>\n<ul>\n<li style=\"list-style-type: none;\">\n<ul>\n<li style=\"list-style-type: none;\">\n<ul>Rybaki 28-28c, 30-32b, 34, 38, 40-40a<\/ul>\n<\/li>\n<\/ul>\n<\/li>\n<\/ul>\n<p>&nbsp;<\/p>\n<ul>\n<li style=\"list-style-type: none;\">\n<ul>\n<li style=\"list-style-type: none;\">\n<ul>S\u0142owackiego 27-31<\/ul>\n<\/li>\n<\/ul>\n<\/li>\n<\/ul>\n<p>&nbsp;<\/p>\n<ul>\n<li style=\"list-style-type: none;\">\n<ul>\n<li style=\"list-style-type: none;\">\n<ul>Szosa Che\u0142mi\u0144ska 16-22<\/ul>\n<\/li>\n<\/ul>\n<\/li>\n<\/ul>\n<p>&nbsp;<\/p>\n<ul>\n<li style=\"list-style-type: none;\">\n<ul>zespo\u0142y gara\u017cowe:<\/p>\n<li style=\"list-style-type: none;\">\n<ul>Bema 4-8, 16b, 40<\/ul>\n<\/li>\n<\/ul>\n<\/li>\n<\/ul>\n<p>&nbsp;<\/p>\n<ul>\n<li style=\"list-style-type: none;\">\n<ul>\n<li style=\"list-style-type: none;\">\n<ul>Kochanowskiego 14-16<\/ul>\n<\/li>\n<\/ul>\n<\/li>\n<\/ul>\n<p>&nbsp;<\/p>\n<ul>\n<li style=\"list-style-type: none;\">\n<ul>\n<li style=\"list-style-type: none;\">\n<ul>Matejki 86-92<\/ul>\n<\/li>\n<\/ul>\n<\/li>\n<\/ul>\n<p>&nbsp;<\/p>\n<ul>\n<li style=\"list-style-type: none;\">\n<ul>\n<li style=\"list-style-type: none;\">\n<ul>Mickiewicza 130<\/ul>\n<\/li>\n<\/ul>\n<\/li>\n<\/ul>\n<p>&nbsp;<\/p>\n<ul>\n<li style=\"list-style-type: none;\">\n<ul>\n<li style=\"list-style-type: none;\">\n<ul>Morcinka 1-7<\/ul>\n<\/li>\n<\/ul>\n<\/li>\n<\/ul>\n<p>&nbsp;<\/p>\n<ul>\n<li style=\"list-style-type: none;\">\n<ul>\n<li style=\"list-style-type: none;\">\n<ul>S\u0142owackiego<\/ul>\n<\/li>\n<\/ul>\n<\/li>\n<\/ul>\n<p>&nbsp;<\/p>\n<ul>\n<li style=\"list-style-type: none;\">\n<ul>\n<li style=\"list-style-type: none;\">\n<ul>Sportowa<\/ul>\n<\/li>\n<\/ul>\n<\/li>\n<\/ul>\n<p>&nbsp;<\/p>\n<ul>\n<li style=\"list-style-type: none;\">\n<ul>\n<li style=\"list-style-type: none;\">\n<ul>Szosa Che\u0142mi\u0144ska<\/ul>\n<\/li>\n<\/ul>\n<\/li>\n<\/ul>\n<p>&nbsp;<\/p>\n<ul>\n<li style=\"list-style-type: none;\">\n<ul>lokale u\u017cytkowe:<\/p>\n<li style=\"list-style-type: none;\">\n<ul>Bema 20a<\/ul>\n<\/li>\n<\/ul>\n<\/li>\n<\/ul>\n<p>&nbsp;<\/p>\n<ul>\n<li style=\"list-style-type: none;\">\n<ul>\n<li style=\"list-style-type: none;\">\n<ul>Bydgoska 86-88<\/ul>\n<\/li>\n<\/ul>\n<\/li>\n<\/ul>\n<p>&nbsp;<\/p>\n<ul>\n<li style=\"list-style-type: none;\">\n<ul>\n<li style=\"list-style-type: none;\">\n<ul>Matejki 94\/96<\/ul>\n<\/li>\n<\/ul>\n<\/li>\n<\/ul>\n<p>&nbsp;<\/p>\n<ul>\n<li style=\"list-style-type: none;\">\n<ul>\n<li style=\"list-style-type: none;\">\n<ul>Mickiewicza 83a<\/ul>\n<\/li>\n<\/ul>\n<\/li>\n<\/ul>\n<p>&nbsp;<\/p>\n<ul>\n<li style=\"list-style-type: none;\">\n<ul>\n<li style=\"list-style-type: none;\">\n<ul>Mickiewicza 130a<\/ul>\n<\/li>\n<\/ul>\n<\/li>\n<\/ul>\n<p>&nbsp;<\/p>\n<ul>\n<li style=\"list-style-type: none;\">\n<ul>\n<li style=\"list-style-type: none;\">\n<ul>Morcinka 17<\/ul>\n<\/li>\n<\/ul>\n<\/li>\n<\/ul>\n<p>&nbsp;<\/p>\n<ul>\n<li style=\"list-style-type: none;\">\n<ul>\n<li style=\"list-style-type: none;\">\n<ul>Rybaki 38<\/ul>\n<\/li>\n<\/ul>\n<\/li>\n<\/ul>\n<p>&nbsp;<\/p>\n<ul>\n<li style=\"list-style-type: none;\">\n<ul>Szosa Che\u0142mi\u0144ska 56<\/ul>\n<\/li>\n<\/ul>\n<p>&nbsp;<\/p>\n","protected":false},"excerpt":{"rendered":"<p>Administracja Osiedla ZACH\u00d3D SP\u00d3\u0141DZIELNIA MIESZKANIOWA &#8222;Kopernik&#8221; Administracja Osiedla &#8222;Zach\u00f3d&#8221; z siedzib\u0105 przy\u00a0ul. Bema 20a tel. 56-622-77-85, 56-658-72-05 fax 56-658-72-06 mail\u00a0az@smkopernik.pl &nbsp; Pracownicy administracji: Kierownik Osiedla&hellip;<\/p>\n","protected":false},"author":1,"featured_media":0,"parent":10492,"menu_order":8,"comment_status":"closed","ping_status":"closed","template":"","meta":{"footnotes":""},"categories":[],"tags":[165,163,124,210],"class_list":["post-5923","page","type-page","status-publish","hentry","tag-administracja","tag-osiedle","tag-spoldzielnia","tag-zachod"],"publishpress_future_action":{"enabled":false,"date":"2026-05-24 16:59:55","action":"change-status","newStatus":"draft","terms":[],"taxonomy":"category","extraData":[]},"publishpress_future_workflow_manual_trigger":{"enabledWorkflows":[]},"_links":{"self":[{"href":"https:\/\/www.smkopernik.pl\/old2\/wp-json\/wp\/v2\/pages\/5923","targetHints":{"allow":["GET"]}}],"collection":[{"href":"https:\/\/www.smkopernik.pl\/old2\/wp-json\/wp\/v2\/pages"}],"about":[{"href":"https:\/\/www.smkopernik.pl\/old2\/wp-json\/wp\/v2\/types\/page"}],"author":[{"embeddable":true,"href":"https:\/\/www.smkopernik.pl\/old2\/wp-json\/wp\/v2\/users\/1"}],"replies":[{"embeddable":true,"href":"https:\/\/www.smkopernik.pl\/old2\/wp-json\/wp\/v2\/comments?post=5923"}],"version-history":[{"count":0,"href":"https:\/\/www.smkopernik.pl\/old2\/wp-json\/wp\/v2\/pages\/5923\/revisions"}],"up":[{"embeddable":true,"href":"https:\/\/www.smkopernik.pl\/old2\/wp-json\/wp\/v2\/pages\/10492"}],"wp:attachment":[{"href":"https:\/\/www.smkopernik.pl\/old2\/wp-json\/wp\/v2\/media?parent=5923"}],"wp:term":[{"taxonomy":"category","embeddable":true,"href":"https:\/\/www.smkopernik.pl\/old2\/wp-json\/wp\/v2\/categories?post=5923"},{"taxonomy":"post_tag","embeddable":true,"href":"https:\/\/www.smkopernik.pl\/old2\/wp-json\/wp\/v2\/tags?post=5923"}],"curies":[{"name":"wp","href":"https:\/\/api.w.org\/{rel}","templated":true}]}}