{"id":5925,"date":"2021-08-14T22:55:47","date_gmt":"2021-08-14T20:55:47","guid":{"rendered":"https:\/\/www.smkopernik.pl\/?page_id=5925"},"modified":"2021-11-21T03:21:57","modified_gmt":"2021-11-21T02:21:57","slug":"stadion","status":"publish","type":"page","link":"https:\/\/www.smkopernik.pl\/old2\/spoldzielnia\/struktura-organizacyjna\/stadion\/","title":{"rendered":"O\u015brodek Sportowy"},"content":{"rendered":"<div class=\"contener-tytul\">\n<div class=\"tytul-strony\">O\u015brodek Sportowy<\/div>\n<\/div>\n<p align=\"justify\"><span style=\"font-size: xx-small;\"><strong>Klub Stadion<\/strong><\/span>\u00a0znajduj\u0105cy si\u0119 na\u00a0<b>Osiedlu Wsch\u00f3d<\/b>\u00a0organizuje wiele ciekawych turniej\u00f3w, na przyk\u0142ad tenisowe &#8222;Grand Prix Torunia&#8221;, turnieje pi\u0142karskie (m.in. Mi\u0119dzynarodowy Turniej Pi\u0142ki No\u017cnej o Puchar Prezydenta Miasta Torunia), szachowe, bryd\u017cowe, zawody balonowe, latawcowe, pokazy modelarskie i\u00a0wiele innych. W\u00a0oparciu o wsp\u00f3\u0142prac\u0119 z Mi\u0119dzyszkolnym Klubem Sportowym &#8222;W\u0142\u00f3kniarz &#8211; SM Kopernik&#8221; prowadzone s\u0105 zaj\u0119cia z m\u0142odzie\u017c\u0105.<\/p>\n<p>&nbsp;<\/p>\n<p><img loading=\"lazy\" decoding=\"async\" src=\"https:\/\/www.smkopernik.pl\/obrazki\/noga.jpg\" width=\"290\" height=\"196\" border=\"1\" \/>\u00a0 \u00a0<img loading=\"lazy\" decoding=\"async\" src=\"https:\/\/www.smkopernik.pl\/obrazki\/siatka.jpg\" width=\"290\" height=\"196\" border=\"1\" \/><\/p>\n<p>&nbsp;<\/p>\n<p align=\"justify\">Organizowane s\u0105 festyny rodzinne, imprezy plenerowe oraz r\u00f3\u017cnego rodzaju wycieczki.<\/p>\n<p>&nbsp;<\/p>\n<p><img loading=\"lazy\" decoding=\"async\" src=\"https:\/\/www.smkopernik.pl\/obrazki\/festyn.jpg\" width=\"138\" height=\"203\" border=\"1\" \/>\u00a0 \u00a0 \u00a0 \u00a0 \u00a0 \u00a0 \u00a0 \u00a0<img loading=\"lazy\" decoding=\"async\" src=\"https:\/\/www.smkopernik.pl\/obrazki\/wycieczka.jpg\" width=\"300\" height=\"203\" border=\"1\" \/><\/p>\n<p>&nbsp;<\/p>\n<p align=\"justify\">Niezwyk\u0142\u0105 popularno\u015bci\u0105 ciesz\u0105 si\u0119 p\u00f3\u0142kolonie letnie i zimowe, kt\u00f3re s\u0105 jedn\u0105 z form zorganizowanego wypoczynku dla dzieci i m\u0142odzie\u017cy. Z obiektu korzysta wiele szk\u00f3\u0142 i instytucji prowadz\u0105c r\u00f3\u017cnego rodzaju zaj\u0119cia sportowe, festyny, m.in. przedszkola niepubliczne przeprowadzaj\u0105 zawody sportowe pn. &#8222;Puchar Rado\u015bci&#8221;, a do cyklicznych imprez nale\u017cy zaliczy\u0107 wystaw\u0119 ps\u00f3w rasowych.<\/p>\n<p>Na swoje spotkania przy stolikach w pomieszczeniach przy stadionie zapraszaj\u0105 mi\u0142o\u015bnicy bryd\u017ca w \u015brody od godz. 16<sup>00<\/sup>.<\/p>\n<p>Wszystki te imprezy odbywaj\u0105 si\u0119 w O\u015brodku Sportowym przy ul. \u015awi\u0119tope\u0142ka 15\/23, kt\u00f3ry po 25 latach od jego powstania zosta\u0142 odremontowany dzi\u0119ki funduszom Sp\u00f3\u0142dzielni i Rady Miasta Torunia.<\/p>\n","protected":false},"excerpt":{"rendered":"<p>O\u015brodek Sportowy Klub Stadion\u00a0znajduj\u0105cy si\u0119 na\u00a0Osiedlu Wsch\u00f3d\u00a0organizuje wiele ciekawych turniej\u00f3w, na przyk\u0142ad tenisowe &#8222;Grand Prix Torunia&#8221;, turnieje pi\u0142karskie (m.in. Mi\u0119dzynarodowy Turniej Pi\u0142ki No\u017cnej o Puchar&hellip;<\/p>\n","protected":false},"author":1,"featured_media":0,"parent":10492,"menu_order":9,"comment_status":"closed","ping_status":"closed","template":"","meta":{"footnotes":""},"categories":[],"tags":[165,163,124,166],"class_list":["post-5925","page","type-page","status-publish","hentry","tag-administracja","tag-osiedle","tag-spoldzielnia","tag-tysiaclecia"],"publishpress_future_action":{"enabled":false,"date":"2026-05-24 16:59:53","action":"change-status","newStatus":"draft","terms":[],"taxonomy":"category","extraData":[]},"publishpress_future_workflow_manual_trigger":{"enabledWorkflows":[]},"_links":{"self":[{"href":"https:\/\/www.smkopernik.pl\/old2\/wp-json\/wp\/v2\/pages\/5925","targetHints":{"allow":["GET"]}}],"collection":[{"href":"https:\/\/www.smkopernik.pl\/old2\/wp-json\/wp\/v2\/pages"}],"about":[{"href":"https:\/\/www.smkopernik.pl\/old2\/wp-json\/wp\/v2\/types\/page"}],"author":[{"embeddable":true,"href":"https:\/\/www.smkopernik.pl\/old2\/wp-json\/wp\/v2\/users\/1"}],"replies":[{"embeddable":true,"href":"https:\/\/www.smkopernik.pl\/old2\/wp-json\/wp\/v2\/comments?post=5925"}],"version-history":[{"count":0,"href":"https:\/\/www.smkopernik.pl\/old2\/wp-json\/wp\/v2\/pages\/5925\/revisions"}],"up":[{"embeddable":true,"href":"https:\/\/www.smkopernik.pl\/old2\/wp-json\/wp\/v2\/pages\/10492"}],"wp:attachment":[{"href":"https:\/\/www.smkopernik.pl\/old2\/wp-json\/wp\/v2\/media?parent=5925"}],"wp:term":[{"taxonomy":"category","embeddable":true,"href":"https:\/\/www.smkopernik.pl\/old2\/wp-json\/wp\/v2\/categories?post=5925"},{"taxonomy":"post_tag","embeddable":true,"href":"https:\/\/www.smkopernik.pl\/old2\/wp-json\/wp\/v2\/tags?post=5925"}],"curies":[{"name":"wp","href":"https:\/\/api.w.org\/{rel}","templated":true}]}}