{"id":7,"date":"2021-02-02T13:51:54","date_gmt":"2021-02-02T12:51:54","guid":{"rendered":"http:\/\/www.smkopernik.pl\/?page_id=7"},"modified":"2021-11-21T02:30:10","modified_gmt":"2021-11-21T01:30:10","slug":"biura-spoldzielni","status":"publish","type":"page","link":"https:\/\/www.smkopernik.pl\/old2\/spoldzielnia\/wazne-informacje\/biura-spoldzielni\/","title":{"rendered":"Biura Sp\u00f3\u0142dzielni"},"content":{"rendered":"<div class=\"contener-tytul\">\n<div class=\"tytul-strony\">Biura Sp\u00f3\u0142dzielni<\/div>\n<\/div>\n<div class=\"adresy\">\n<table style=\"margin: 0 auto; border: 0px solid #185283;\" width=\"100%\" cellspacing=\"5\" cellpadding=\"10\">\n<tbody>\n<tr>\n<td colspan=\"2\">\n<hr \/>\n<\/td>\n<\/tr>\n<tr>\n<td style=\"padding: 10px 0 0 100px; text-align: left; font-weight: bold; font-family: Verdana, Arial, Helvetica, sans-seif; font-size: 11pt; color: aa3344;\" colspan=\"2\">Administracja Og\u00f3lna<\/td>\n<\/tr>\n<tr>\n<td style=\"padding: 10px 0 10px 20px; font-family: Verdana, Arial, Helvetica, sans-seif; font-size: 9pt; color: 222244;\" align=\"left\" valign=\"top\"><i>adres:<\/i><br \/>\n<b>ul. Matejki 94\/96<\/b><br \/>\n<b>87-100 TORU\u0143<\/b><\/p>\n<p><i>telefony:<\/i><br \/>\n<b>56-612-06-20<br \/>\n<a href=\"https:\/\/www.smkopernik.pl\/telefony\/\"><i>wewn\u0119trzne<\/i><\/a><\/b><\/p>\n<p><i>fax:<\/i><br \/>\n<b>56-612-06-44<\/b><\/p>\n<p><i>mail:<\/i><br \/>\n<a href=\"mailto:sekretariat@smkopernik.pl\"><b>sekretariat@smkopernik.pl<\/b><\/a><\/td>\n<td><img loading=\"lazy\" decoding=\"async\" class=\"aligncenter\" src=\"https:\/\/www.smkopernik.pl\/wp-content\/uploads\/2021\/09\/ao1.jpg\" alt=\"Budynek Administracji Og\u00f3lnej\" width=\"500\" height=\"250\" border=\"1\" data-wp-editing=\"1\" \/><\/td>\n<\/tr>\n<tr>\n<td colspan=\"2\">\n<hr \/>\n<\/td>\n<\/tr>\n<tr>\n<td style=\"padding: 10px 0 0 100px; text-align: left; font-weight: bold; font-family: Verdana, Arial, Helvetica, sans-seif; font-size: 11pt; color: aa3344;\" colspan=\"2\"><a href=\"..\/..\/spoldzielnia\/administracje\/ad-ws.php\">Administracja Osiedla &#8222;Wsch\u00f3d&#8221;<\/a><\/td>\n<\/tr>\n<tr>\n<td style=\"padding: 10px 0 10px 20px; font-family: Verdana, Arial, Helvetica, sans-seif; font-size: 9pt; color: 222244;\" align=\"left\" valign=\"top\"><i>adres:<\/i><br \/>\n<b>ul. \u015awi\u0119tope\u0142ka 28<\/b><br \/>\n<b>87-100 TORU\u0143<\/b><\/p>\n<p><i>telefony:<\/i><br \/>\n<b>56-623-88-87<br \/>\n56-658-66-31<\/b><\/p>\n<p><i>fax:<\/i><br \/>\n<b>&nbsp;<\/b><\/p>\n<p><i>mail:<\/i><br \/>\n<a href=\"mailto:aw@smkopernik.pl\"><b>aw@smkopernik.pl<\/b><\/a><\/td>\n<td><img loading=\"lazy\" decoding=\"async\" class=\"aligncenter\" src=\"https:\/\/www.smkopernik.pl\/wp-content\/uploads\/2021\/09\/aw1.jpg\" alt=\"Budynek Administracji Osiedla 'Wsch\u00f3d'\" width=\"500\" height=\"250\" border=\"1\" \/><\/td>\n<\/tr>\n<tr>\n<td colspan=\"2\">\n<hr \/>\n<\/td>\n<\/tr>\n<tr>\n<td style=\"padding: 10px 0 0 100px; text-align: left; font-weight: bold; font-family: Verdana, Arial, Helvetica, sans-seif; font-size: 11pt; color: aa3344;\" colspan=\"2\"><a href=\"..\/..\/spoldzielnia\/administracje\/ad-ty.php\">Administracja Osiedla &#8222;Tysi\u0105clecia&#8221;<\/a><\/td>\n<\/tr>\n<tr>\n<td style=\"padding: 10px 0 10px 20px; font-family: Verdana, Arial, Helvetica, sans-seif; font-size: 9pt; color: 222244;\" align=\"left\" valign=\"top\"><i>adres:<\/i><br \/>\n<b>ul. Wybickiego 74<\/b><br \/>\n<b>87-100 TORU\u0143<\/b><\/p>\n<p><i>telefony:<\/i><br \/>\n<b>56-655-15-73<br \/>\n56-658-53-05<\/b><\/p>\n<p><i>fax:<\/i><br \/>\n<b>&nbsp;<\/b><\/p>\n<p><i>mail:<\/i><br \/>\n<a href=\"mailto:at@smkopernik.pl\"><b>at@smkopernik.pl<\/b><\/a><\/td>\n<td><img loading=\"lazy\" decoding=\"async\" class=\"aligncenter\" src=\"https:\/\/www.smkopernik.pl\/wp-content\/uploads\/2021\/09\/at1.jpg\" alt=\"Budynek Administracji Osiedla 'Tysi\u0105clecia'\" width=\"500\" height=\"250\" border=\"1\" \/><\/td>\n<\/tr>\n<tr>\n<td colspan=\"2\">\n<hr \/>\n<\/td>\n<\/tr>\n<tr>\n<td style=\"padding: 10px 0 0 100px; text-align: left; font-weight: bold; font-family: Verdana, Arial, Helvetica, sans-seif; font-size: 11pt; color: aa3344;\" colspan=\"2\"><a href=\"..\/..\/spoldzielnia\/administracje\/ad-za.php\">Administracja Osiedla &#8222;Zach\u00f3d&#8221;<\/a><\/td>\n<\/tr>\n<tr>\n<td style=\"padding: 10px 0 10px 20px; font-family: Verdana, Arial, Helvetica, sans-seif; font-size: 9pt; color: 222244;\" align=\"left\" valign=\"top\"><i>adres:<\/i><br \/>\n<b>ul. Bema 20a<\/b><br \/>\n<b>87-100 TORU\u0143<\/b><\/p>\n<p><i>telefony:<\/i><br \/>\n<b>56-622-77-85<br \/>\n56-658-72-05<\/b><\/p>\n<p><i>fax:<\/i><br \/>\n<b>56-658-72-06<\/b><\/p>\n<p><i>mail:<\/i><br \/>\n<a href=\"mailto:az@smkopernik.pl\"><b>az@smkopernik.pl<\/b><\/a><\/td>\n<td><img loading=\"lazy\" decoding=\"async\" class=\"aligncenter\" src=\"https:\/\/www.smkopernik.pl\/wp-content\/uploads\/2021\/09\/az1.jpg\" alt=\"Budynek Administracji Osiedla 'Zach\u00f3d'\" width=\"500\" height=\"250\" border=\"1\" \/><\/td>\n<\/tr>\n<tr>\n<td colspan=\"2\">\n<hr \/>\n<\/td>\n<\/tr>\n<tr>\n<td style=\"padding: 10px 0 0 100px; text-align: left; font-weight: bold; font-family: Verdana, Arial, Helvetica, sans-seif; font-size: 11pt; color: aa3344;\" colspan=\"2\"><a href=\"..\/..\/spoldzielnia\/administracje\/stadion.php\">O\u015brodek Sportowy im. Teodora D\u0142ugoki\u0144skiego<\/a><\/td>\n<\/tr>\n<tr>\n<td style=\"padding: 10px 0 10px 20px; font-family: Verdana, Arial, Helvetica, sans-seif; font-size: 9pt; color: 222244;\" align=\"left\" valign=\"top\"><i>adres:<\/i><br \/>\n<b>ul. \u015awi\u0119tope\u0142ka 15\/23<\/b><br \/>\n<b>87-100 TORU\u0143<\/b><\/p>\n<p><i>telefony:<\/i><br \/>\n<b>56-623-27-75<br \/>\n&nbsp;<\/b><\/p>\n<p><i>fax:<\/i><br \/>\n<b>&nbsp;<\/b><\/p>\n<p><i>mail:<\/i><b><\/b><br \/>\n<a href=\"mailto:stadion@smkopernik.pl\"><b>stadion@smkopernik.pl<\/b><\/a><\/td>\n<td><img loading=\"lazy\" decoding=\"async\" class=\"aligncenter\" src=\"https:\/\/www.smkopernik.pl\/wp-content\/uploads\/2021\/09\/stad.jpg\" alt=\"O\u015brodek Sportowy - budynek i stadion przy ul. \u015awi\u0119tope\u0142ka\" width=\"500\" height=\"250\" border=\"1\" \/><\/td>\n<\/tr>\n<tr>\n<td colspan=\"2\">\n<hr \/>\n<\/td>\n<\/tr>\n<\/tbody>\n<\/table>\n<\/div>\n","protected":false},"excerpt":{"rendered":"<p>Biura Sp\u00f3\u0142dzielni Administracja Og\u00f3lna adres: ul. Matejki 94\/96 87-100 TORU\u0143 telefony: 56-612-06-20 wewn\u0119trzne fax: 56-612-06-44 mail: sekretariat@smkopernik.pl Administracja Osiedla &#8222;Wsch\u00f3d&#8221; adres: ul. \u015awi\u0119tope\u0142ka 28 87-100&hellip;<\/p>\n","protected":false},"author":1,"featured_media":0,"parent":10490,"menu_order":0,"comment_status":"closed","ping_status":"closed","template":"","meta":{"footnotes":""},"categories":[],"tags":[128,127,124],"class_list":["post-7","page","type-page","status-publish","hentry","tag-adresy","tag-biura","tag-spoldzielnia"],"publishpress_future_action":{"enabled":false,"date":"2026-05-24 16:59:48","action":"change-status","newStatus":"draft","terms":[],"taxonomy":"category","extraData":[]},"publishpress_future_workflow_manual_trigger":{"enabledWorkflows":[]},"_links":{"self":[{"href":"https:\/\/www.smkopernik.pl\/old2\/wp-json\/wp\/v2\/pages\/7","targetHints":{"allow":["GET"]}}],"collection":[{"href":"https:\/\/www.smkopernik.pl\/old2\/wp-json\/wp\/v2\/pages"}],"about":[{"href":"https:\/\/www.smkopernik.pl\/old2\/wp-json\/wp\/v2\/types\/page"}],"author":[{"embeddable":true,"href":"https:\/\/www.smkopernik.pl\/old2\/wp-json\/wp\/v2\/users\/1"}],"replies":[{"embeddable":true,"href":"https:\/\/www.smkopernik.pl\/old2\/wp-json\/wp\/v2\/comments?post=7"}],"version-history":[{"count":0,"href":"https:\/\/www.smkopernik.pl\/old2\/wp-json\/wp\/v2\/pages\/7\/revisions"}],"up":[{"embeddable":true,"href":"https:\/\/www.smkopernik.pl\/old2\/wp-json\/wp\/v2\/pages\/10490"}],"wp:attachment":[{"href":"https:\/\/www.smkopernik.pl\/old2\/wp-json\/wp\/v2\/media?parent=7"}],"wp:term":[{"taxonomy":"category","embeddable":true,"href":"https:\/\/www.smkopernik.pl\/old2\/wp-json\/wp\/v2\/categories?post=7"},{"taxonomy":"post_tag","embeddable":true,"href":"https:\/\/www.smkopernik.pl\/old2\/wp-json\/wp\/v2\/tags?post=7"}],"curies":[{"name":"wp","href":"https:\/\/api.w.org\/{rel}","templated":true}]}}